

{"id":81218,"date":"2026-04-02T15:26:37","date_gmt":"2026-04-02T13:26:37","guid":{"rendered":"https:\/\/mpfiltri4.addictionlab.it\/product\/produto-3\/"},"modified":"2026-04-07T17:52:38","modified_gmt":"2026-04-07T15:52:38","slug":"filtros-industriais-de-alta-capacidade","status":"publish","type":"product","link":"https:\/\/mpfiltri4.addictionlab.it\/pt-pt\/product\/filtros-industriais-de-alta-capacidade\/","title":{"rendered":"Filtros industriais de alta capacidade"},"content":{"rendered":"<p>Filtros industriais de alta capacidade MLPX\/MLPC (simplex) e MLDX\/MLDC (duplex), projetados para sistemas de lubrifica\u00e7\u00e3o e filtra\u00e7\u00e3o com altas taxas de fluxo. MLPX\/MLPC oferecem uma solu\u00e7\u00e3o compacta de carca\u00e7a \u00fanica para opera\u00e7\u00f5es padr\u00e3o, enquanto MLDX\/MLDC garantem opera\u00e7\u00e3o cont\u00ednua gra\u00e7as ao design de c\u00e2mara dupla que permite manuten\u00e7\u00e3o sem desligar o sistema. Ambos garantem alta efici\u00eancia, baixa queda de press\u00e3o e desempenho confi\u00e1vel em ambientes industriais exigentes.<\/p>\n","protected":false},"excerpt":{"rendered":"<p>Filtros industriais de alta capacidade MLPX\/MLPC (simplex) e MLDX\/MLDC (duplex), projetados para sistemas de lubrifica\u00e7\u00e3o e filtra\u00e7\u00e3o com altas taxas de fluxo. MLPX\/MLPC oferecem uma solu\u00e7\u00e3o compacta de carca\u00e7a \u00fanica para opera\u00e7\u00f5es padr\u00e3o, enquanto MLDX\/MLDC garantem opera\u00e7\u00e3o cont\u00ednua gra\u00e7as ao design de c\u00e2mara dupla que permite manuten\u00e7\u00e3o sem desligar o sistema. Ambos garantem alta efici\u00eancia, [&hellip;]<\/p>\n","protected":false},"featured_media":81219,"comment_status":"open","ping_status":"closed","template":"","meta":{"_acf_changed":false,"_gspb_post_css":"","inline_featured_image":false,"_genesis_hide_title":false,"_genesis_hide_breadcrumbs":false,"_genesis_hide_singular_image":false,"_genesis_hide_footer_widgets":false,"_genesis_custom_body_class":"","_genesis_custom_post_class":"","_genesis_layout":"","_links_to":"","_links_to_target":""},"product-structure":[61],"product_brand":[],"product_cat":[],"product_tag":[],"class_list":{"0":"post-81218","1":"product","2":"type-product","3":"status-publish","4":"has-post-thumbnail","6":"product-structure-family","7":"entry","9":"first","10":"instock","11":"shipping-taxable","12":"product-type-simple"},"acf":[],"yoast_head":"<!-- This site is optimized with the Yoast SEO plugin v27.1.1 - https:\/\/yoast.com\/product\/yoast-seo-wordpress\/ -->\n<title>Filtros industriais de alta capacidade - MP Filtri<\/title>\n<meta name=\"robots\" content=\"index, follow, max-snippet:-1, max-image-preview:large, max-video-preview:-1\" \/>\n<link rel=\"canonical\" href=\"https:\/\/mpfiltri4.addictionlab.it\/pt-pt\/product\/filtros-industriais-de-alta-capacidade\/\" \/>\n<meta property=\"og:locale\" content=\"pt_PT\" \/>\n<meta property=\"og:type\" content=\"article\" \/>\n<meta property=\"og:title\" content=\"Filtros industriais de alta capacidade - MP Filtri\" \/>\n<meta property=\"og:description\" content=\"Filtros industriais de alta capacidade MLPX\/MLPC (simplex) e MLDX\/MLDC (duplex), projetados para sistemas de lubrifica\u00e7\u00e3o e filtra\u00e7\u00e3o com altas taxas de fluxo. MLPX\/MLPC oferecem uma solu\u00e7\u00e3o compacta de carca\u00e7a \u00fanica para opera\u00e7\u00f5es padr\u00e3o, enquanto MLDX\/MLDC garantem opera\u00e7\u00e3o cont\u00ednua gra\u00e7as ao design de c\u00e2mara dupla que permite manuten\u00e7\u00e3o sem desligar o sistema. Ambos garantem alta efici\u00eancia, [&hellip;]\" \/>\n<meta property=\"og:url\" content=\"https:\/\/mpfiltri4.addictionlab.it\/pt-pt\/product\/filtros-industriais-de-alta-capacidade\/\" \/>\n<meta property=\"og:site_name\" content=\"MP Filtri\" \/>\n<meta property=\"article:publisher\" content=\"https:\/\/www.facebook.com\/MPFiltriITA\" \/>\n<meta property=\"article:modified_time\" content=\"2026-04-07T15:52:38+00:00\" \/>\n<meta property=\"og:image\" content=\"https:\/\/mpfiltri4.addictionlab.it\/wp-content\/uploads\/2026\/04\/hf-saldati-mldx-mldc-5.png\" \/>\n\t<meta property=\"og:image:width\" content=\"700\" \/>\n\t<meta property=\"og:image:height\" content=\"700\" \/>\n\t<meta property=\"og:image:type\" content=\"image\/png\" \/>\n<meta name=\"twitter:card\" content=\"summary_large_image\" \/>\n<script type=\"application\/ld+json\" class=\"yoast-schema-graph\">{\"@context\":\"https:\/\/schema.org\",\"@graph\":[{\"@type\":\"WebPage\",\"@id\":\"https:\/\/mpfiltri4.addictionlab.it\/pt-pt\/product\/filtros-industriais-de-alta-capacidade\/\",\"url\":\"https:\/\/mpfiltri4.addictionlab.it\/pt-pt\/product\/filtros-industriais-de-alta-capacidade\/\",\"name\":\"Filtros industriais de alta capacidade - MP Filtri\",\"isPartOf\":{\"@id\":\"https:\/\/mpfiltri4.addictionlab.it\/pt-pt\/#website\"},\"primaryImageOfPage\":{\"@id\":\"https:\/\/mpfiltri4.addictionlab.it\/pt-pt\/product\/filtros-industriais-de-alta-capacidade\/#primaryimage\"},\"image\":{\"@id\":\"https:\/\/mpfiltri4.addictionlab.it\/pt-pt\/product\/filtros-industriais-de-alta-capacidade\/#primaryimage\"},\"thumbnailUrl\":\"https:\/\/mpfiltri4.addictionlab.it\/wp-content\/uploads\/2026\/04\/hf-saldati-mldx-mldc-5.png\",\"datePublished\":\"2026-04-02T13:26:37+00:00\",\"dateModified\":\"2026-04-07T15:52:38+00:00\",\"breadcrumb\":{\"@id\":\"https:\/\/mpfiltri4.addictionlab.it\/pt-pt\/product\/filtros-industriais-de-alta-capacidade\/#breadcrumb\"},\"inLanguage\":\"pt-PT\",\"potentialAction\":[{\"@type\":\"ReadAction\",\"target\":[\"https:\/\/mpfiltri4.addictionlab.it\/pt-pt\/product\/filtros-industriais-de-alta-capacidade\/\"]}]},{\"@type\":\"ImageObject\",\"inLanguage\":\"pt-PT\",\"@id\":\"https:\/\/mpfiltri4.addictionlab.it\/pt-pt\/product\/filtros-industriais-de-alta-capacidade\/#primaryimage\",\"url\":\"https:\/\/mpfiltri4.addictionlab.it\/wp-content\/uploads\/2026\/04\/hf-saldati-mldx-mldc-5.png\",\"contentUrl\":\"https:\/\/mpfiltri4.addictionlab.it\/wp-content\/uploads\/2026\/04\/hf-saldati-mldx-mldc-5.png\",\"width\":700,\"height\":700},{\"@type\":\"BreadcrumbList\",\"@id\":\"https:\/\/mpfiltri4.addictionlab.it\/pt-pt\/product\/filtros-industriais-de-alta-capacidade\/#breadcrumb\",\"itemListElement\":[{\"@type\":\"ListItem\",\"position\":1,\"name\":\"Home\",\"item\":\"https:\/\/mpfiltri4.addictionlab.it\/pt-pt\/\"},{\"@type\":\"ListItem\",\"position\":2,\"name\":\"Produtos\",\"item\":\"https:\/\/mpfiltri4.addictionlab.it\/pt-pt\/shop\/\"},{\"@type\":\"ListItem\",\"position\":3,\"name\":\"Filtros industriais de alta capacidade\"}]},{\"@type\":\"WebSite\",\"@id\":\"https:\/\/mpfiltri4.addictionlab.it\/pt-pt\/#website\",\"url\":\"https:\/\/mpfiltri4.addictionlab.it\/pt-pt\/\",\"name\":\"MP Filtri\",\"description\":\"\",\"publisher\":{\"@id\":\"https:\/\/mpfiltri4.addictionlab.it\/pt-pt\/#organization\"},\"potentialAction\":[{\"@type\":\"SearchAction\",\"target\":{\"@type\":\"EntryPoint\",\"urlTemplate\":\"https:\/\/mpfiltri4.addictionlab.it\/pt-pt\/?s={search_term_string}\"},\"query-input\":{\"@type\":\"PropertyValueSpecification\",\"valueRequired\":true,\"valueName\":\"search_term_string\"}}],\"inLanguage\":\"pt-PT\"},{\"@type\":\"Organization\",\"@id\":\"https:\/\/mpfiltri4.addictionlab.it\/pt-pt\/#organization\",\"name\":\"MP Filtri\",\"url\":\"https:\/\/mpfiltri4.addictionlab.it\/pt-pt\/\",\"logo\":{\"@type\":\"ImageObject\",\"inLanguage\":\"pt-PT\",\"@id\":\"https:\/\/mpfiltri4.addictionlab.it\/pt-pt\/#\/schema\/logo\/image\/\",\"url\":\"\",\"contentUrl\":\"\",\"caption\":\"MP Filtri\"},\"image\":{\"@id\":\"https:\/\/mpfiltri4.addictionlab.it\/pt-pt\/#\/schema\/logo\/image\/\"},\"sameAs\":[\"https:\/\/www.facebook.com\/MPFiltriITA\",\"https:\/\/www.instagram.com\/mpfiltri\/\",\"https:\/\/www.youtube.com\/channel\/UCCzNMySYc1c4M-2B4v0K_QA?view_as=subscriber\",\"https:\/\/www.linkedin.com\/company\/mp-filtri-spa\/\"]}]}<\/script>\n<!-- \/ Yoast SEO plugin. -->","yoast_head_json":{"title":"Filtros industriais de alta capacidade - MP Filtri","robots":{"index":"index","follow":"follow","max-snippet":"max-snippet:-1","max-image-preview":"max-image-preview:large","max-video-preview":"max-video-preview:-1"},"canonical":"https:\/\/mpfiltri4.addictionlab.it\/pt-pt\/product\/filtros-industriais-de-alta-capacidade\/","og_locale":"pt_PT","og_type":"article","og_title":"Filtros industriais de alta capacidade - MP Filtri","og_description":"Filtros industriais de alta capacidade MLPX\/MLPC (simplex) e MLDX\/MLDC (duplex), projetados para sistemas de lubrifica\u00e7\u00e3o e filtra\u00e7\u00e3o com altas taxas de fluxo. MLPX\/MLPC oferecem uma solu\u00e7\u00e3o compacta de carca\u00e7a \u00fanica para opera\u00e7\u00f5es padr\u00e3o, enquanto MLDX\/MLDC garantem opera\u00e7\u00e3o cont\u00ednua gra\u00e7as ao design de c\u00e2mara dupla que permite manuten\u00e7\u00e3o sem desligar o sistema. Ambos garantem alta efici\u00eancia, [&hellip;]","og_url":"https:\/\/mpfiltri4.addictionlab.it\/pt-pt\/product\/filtros-industriais-de-alta-capacidade\/","og_site_name":"MP Filtri","article_publisher":"https:\/\/www.facebook.com\/MPFiltriITA","article_modified_time":"2026-04-07T15:52:38+00:00","og_image":[{"width":700,"height":700,"url":"https:\/\/mpfiltri4.addictionlab.it\/wp-content\/uploads\/2026\/04\/hf-saldati-mldx-mldc-5.png","type":"image\/png"}],"twitter_card":"summary_large_image","schema":{"@context":"https:\/\/schema.org","@graph":[{"@type":"WebPage","@id":"https:\/\/mpfiltri4.addictionlab.it\/pt-pt\/product\/filtros-industriais-de-alta-capacidade\/","url":"https:\/\/mpfiltri4.addictionlab.it\/pt-pt\/product\/filtros-industriais-de-alta-capacidade\/","name":"Filtros industriais de alta capacidade - MP Filtri","isPartOf":{"@id":"https:\/\/mpfiltri4.addictionlab.it\/pt-pt\/#website"},"primaryImageOfPage":{"@id":"https:\/\/mpfiltri4.addictionlab.it\/pt-pt\/product\/filtros-industriais-de-alta-capacidade\/#primaryimage"},"image":{"@id":"https:\/\/mpfiltri4.addictionlab.it\/pt-pt\/product\/filtros-industriais-de-alta-capacidade\/#primaryimage"},"thumbnailUrl":"https:\/\/mpfiltri4.addictionlab.it\/wp-content\/uploads\/2026\/04\/hf-saldati-mldx-mldc-5.png","datePublished":"2026-04-02T13:26:37+00:00","dateModified":"2026-04-07T15:52:38+00:00","breadcrumb":{"@id":"https:\/\/mpfiltri4.addictionlab.it\/pt-pt\/product\/filtros-industriais-de-alta-capacidade\/#breadcrumb"},"inLanguage":"pt-PT","potentialAction":[{"@type":"ReadAction","target":["https:\/\/mpfiltri4.addictionlab.it\/pt-pt\/product\/filtros-industriais-de-alta-capacidade\/"]}]},{"@type":"ImageObject","inLanguage":"pt-PT","@id":"https:\/\/mpfiltri4.addictionlab.it\/pt-pt\/product\/filtros-industriais-de-alta-capacidade\/#primaryimage","url":"https:\/\/mpfiltri4.addictionlab.it\/wp-content\/uploads\/2026\/04\/hf-saldati-mldx-mldc-5.png","contentUrl":"https:\/\/mpfiltri4.addictionlab.it\/wp-content\/uploads\/2026\/04\/hf-saldati-mldx-mldc-5.png","width":700,"height":700},{"@type":"BreadcrumbList","@id":"https:\/\/mpfiltri4.addictionlab.it\/pt-pt\/product\/filtros-industriais-de-alta-capacidade\/#breadcrumb","itemListElement":[{"@type":"ListItem","position":1,"name":"Home","item":"https:\/\/mpfiltri4.addictionlab.it\/pt-pt\/"},{"@type":"ListItem","position":2,"name":"Produtos","item":"https:\/\/mpfiltri4.addictionlab.it\/pt-pt\/shop\/"},{"@type":"ListItem","position":3,"name":"Filtros industriais de alta capacidade"}]},{"@type":"WebSite","@id":"https:\/\/mpfiltri4.addictionlab.it\/pt-pt\/#website","url":"https:\/\/mpfiltri4.addictionlab.it\/pt-pt\/","name":"MP Filtri","description":"","publisher":{"@id":"https:\/\/mpfiltri4.addictionlab.it\/pt-pt\/#organization"},"potentialAction":[{"@type":"SearchAction","target":{"@type":"EntryPoint","urlTemplate":"https:\/\/mpfiltri4.addictionlab.it\/pt-pt\/?s={search_term_string}"},"query-input":{"@type":"PropertyValueSpecification","valueRequired":true,"valueName":"search_term_string"}}],"inLanguage":"pt-PT"},{"@type":"Organization","@id":"https:\/\/mpfiltri4.addictionlab.it\/pt-pt\/#organization","name":"MP Filtri","url":"https:\/\/mpfiltri4.addictionlab.it\/pt-pt\/","logo":{"@type":"ImageObject","inLanguage":"pt-PT","@id":"https:\/\/mpfiltri4.addictionlab.it\/pt-pt\/#\/schema\/logo\/image\/","url":"","contentUrl":"","caption":"MP Filtri"},"image":{"@id":"https:\/\/mpfiltri4.addictionlab.it\/pt-pt\/#\/schema\/logo\/image\/"},"sameAs":["https:\/\/www.facebook.com\/MPFiltriITA","https:\/\/www.instagram.com\/mpfiltri\/","https:\/\/www.youtube.com\/channel\/UCCzNMySYc1c4M-2B4v0K_QA?view_as=subscriber","https:\/\/www.linkedin.com\/company\/mp-filtri-spa\/"]}]}},"_links":{"self":[{"href":"https:\/\/mpfiltri4.addictionlab.it\/pt-pt\/wp-json\/wp\/v2\/product\/81218","targetHints":{"allow":["GET"]}}],"collection":[{"href":"https:\/\/mpfiltri4.addictionlab.it\/pt-pt\/wp-json\/wp\/v2\/product"}],"about":[{"href":"https:\/\/mpfiltri4.addictionlab.it\/pt-pt\/wp-json\/wp\/v2\/types\/product"}],"replies":[{"embeddable":true,"href":"https:\/\/mpfiltri4.addictionlab.it\/pt-pt\/wp-json\/wp\/v2\/comments?post=81218"}],"wp:featuredmedia":[{"embeddable":true,"href":"https:\/\/mpfiltri4.addictionlab.it\/pt-pt\/wp-json\/wp\/v2\/media\/81219"}],"wp:attachment":[{"href":"https:\/\/mpfiltri4.addictionlab.it\/pt-pt\/wp-json\/wp\/v2\/media?parent=81218"}],"wp:term":[{"taxonomy":"product-structure","embeddable":true,"href":"https:\/\/mpfiltri4.addictionlab.it\/pt-pt\/wp-json\/wp\/v2\/product-structure?post=81218"},{"taxonomy":"product_brand","embeddable":true,"href":"https:\/\/mpfiltri4.addictionlab.it\/pt-pt\/wp-json\/wp\/v2\/product_brand?post=81218"},{"taxonomy":"product_cat","embeddable":true,"href":"https:\/\/mpfiltri4.addictionlab.it\/pt-pt\/wp-json\/wp\/v2\/product_cat?post=81218"},{"taxonomy":"product_tag","embeddable":true,"href":"https:\/\/mpfiltri4.addictionlab.it\/pt-pt\/wp-json\/wp\/v2\/product_tag?post=81218"}],"curies":[{"name":"wp","href":"https:\/\/api.w.org\/{rel}","templated":true}]}}