

{"id":78164,"date":"2025-06-16T16:42:13","date_gmt":"2025-06-16T14:42:13","guid":{"rendered":"https:\/\/mpfiltri4.addictionlab.it\/product\/produto\/"},"modified":"2026-04-07T17:53:37","modified_gmt":"2026-04-07T15:53:37","slug":"fri","status":"publish","type":"product","link":"https:\/\/mpfiltri4.addictionlab.it\/pt-pt\/product\/fri\/","title":{"rendered":"FRIC"},"content":{"rendered":"<p>Filtro de retorno montagem em linha ou sobre o tanque, elemento filtrante fluxo de \u00f3leo de fora para dentro. Press\u00e3o de trabalho at\u00e9 20 bar (290 psi), vaz\u00e3o at\u00e9 1500 l\/min (397 gpm), conex\u00f5es roscadas de 1\/2&#8243; at\u00e9 2.1\/2&#8243; BSP\/NPT\/SAE e conex\u00f5es flangeadas SAE at\u00e9 3.1\/2&#8243; c\u00f3digo 61.<\/p>\n<p>O primeiro produto MP Filtri. Filtro de retorno para aplica\u00e7\u00f5es industriais pesadas, com press\u00e3o de trabalho de at\u00e9 20 bar, podendo ser montado na parte superior do tanque(top tank) ou em linha(externo).<\/p>\n<p>Ver <a href=\"https:\/\/www.mpfiltri.com\/pt-pt\/resources\/knowledge-center\/hydraulic-filtration-knowledge\/fluid-compatibility-table\/\" title=\"https:\/\/www.mpfiltri.com\/pt-pt\/resources\/knowledge-center\/hydraulic-filtration-knowledge\/fluid-compatibility-table\/\" target=\"_blank\">tabela<\/a> apropriada para a compatibilidade de fluidos.<\/p>\n","protected":false},"excerpt":{"rendered":"<p>Filtro de retorno montagem em linha ou sobre o tanque, elemento filtrante fluxo de \u00f3leo de fora para dentro. Press\u00e3o de trabalho at\u00e9 20 bar (290 psi), vaz\u00e3o at\u00e9 1500 l\/min (397 gpm), conex\u00f5es roscadas de 1\/2&#8243; at\u00e9 2.1\/2&#8243; BSP\/NPT\/SAE e conex\u00f5es flangeadas SAE at\u00e9 3.1\/2&#8243; c\u00f3digo 61. O primeiro produto MP Filtri. Filtro de [&hellip;]<\/p>\n","protected":false},"featured_media":0,"comment_status":"open","ping_status":"closed","template":"","meta":{"_acf_changed":false,"_gspb_post_css":"","inline_featured_image":false,"_genesis_hide_title":false,"_genesis_hide_breadcrumbs":false,"_genesis_hide_singular_image":false,"_genesis_hide_footer_widgets":false,"_genesis_custom_body_class":"","_genesis_custom_post_class":"","_genesis_layout":"","_links_to":"","_links_to_target":""},"product-structure":[62],"product_brand":[],"product_cat":[13183,13253,13225,13246,13274,13288,13260,13267,13239],"product_tag":[],"class_list":{"0":"post-78164","1":"product","2":"type-product","3":"status-publish","5":"product-structure-series","6":"product_cat-aplicacoes","7":"product_cat-embalagem","8":"product_cat-equipamento-industrial","9":"product_cat-geracao-de-energia","10":"product_cat-prensas-para-ceramica-e-marmore-plastico-borracha-metais","11":"product_cat-sistemas-hidraulicos","12":"product_cat-textil","13":"product_cat-tratamento-de-residuos","14":"product_cat-usina-siderurgica-e-processamento-de-metais","15":"entry","17":"first","18":"instock","19":"shipping-taxable","20":"product-type-simple"},"acf":[],"yoast_head":"<!-- This site is optimized with the Yoast SEO plugin v27.1.1 - https:\/\/yoast.com\/product\/yoast-seo-wordpress\/ -->\n<title>FRIC - MP Filtri<\/title>\n<meta name=\"robots\" content=\"index, follow, max-snippet:-1, max-image-preview:large, max-video-preview:-1\" \/>\n<link rel=\"canonical\" href=\"https:\/\/mpfiltri4.addictionlab.it\/pt-pt\/product\/fri\/\" \/>\n<meta property=\"og:locale\" content=\"pt_PT\" \/>\n<meta property=\"og:type\" content=\"article\" \/>\n<meta property=\"og:title\" content=\"FRIC - MP Filtri\" \/>\n<meta property=\"og:description\" content=\"Filtro de retorno montagem em linha ou sobre o tanque, elemento filtrante fluxo de \u00f3leo de fora para dentro. Press\u00e3o de trabalho at\u00e9 20 bar (290 psi), vaz\u00e3o at\u00e9 1500 l\/min (397 gpm), conex\u00f5es roscadas de 1\/2&#8243; at\u00e9 2.1\/2&#8243; BSP\/NPT\/SAE e conex\u00f5es flangeadas SAE at\u00e9 3.1\/2&#8243; c\u00f3digo 61. O primeiro produto MP Filtri. Filtro de [&hellip;]\" \/>\n<meta property=\"og:url\" content=\"https:\/\/mpfiltri4.addictionlab.it\/pt-pt\/product\/fri\/\" \/>\n<meta property=\"og:site_name\" content=\"MP Filtri\" \/>\n<meta property=\"article:publisher\" content=\"https:\/\/www.facebook.com\/MPFiltriITA\" \/>\n<meta property=\"article:modified_time\" content=\"2026-04-07T15:53:37+00:00\" \/>\n<meta name=\"twitter:card\" content=\"summary_large_image\" \/>\n<script type=\"application\/ld+json\" class=\"yoast-schema-graph\">{\"@context\":\"https:\/\/schema.org\",\"@graph\":[{\"@type\":\"WebPage\",\"@id\":\"https:\/\/mpfiltri4.addictionlab.it\/pt-pt\/product\/fri\/\",\"url\":\"https:\/\/mpfiltri4.addictionlab.it\/pt-pt\/product\/fri\/\",\"name\":\"FRIC - MP Filtri\",\"isPartOf\":{\"@id\":\"https:\/\/mpfiltri4.addictionlab.it\/pt-pt\/#website\"},\"datePublished\":\"2025-06-16T14:42:13+00:00\",\"dateModified\":\"2026-04-07T15:53:37+00:00\",\"breadcrumb\":{\"@id\":\"https:\/\/mpfiltri4.addictionlab.it\/pt-pt\/product\/fri\/#breadcrumb\"},\"inLanguage\":\"pt-PT\",\"potentialAction\":[{\"@type\":\"ReadAction\",\"target\":[\"https:\/\/mpfiltri4.addictionlab.it\/pt-pt\/product\/fri\/\"]}]},{\"@type\":\"BreadcrumbList\",\"@id\":\"https:\/\/mpfiltri4.addictionlab.it\/pt-pt\/product\/fri\/#breadcrumb\",\"itemListElement\":[{\"@type\":\"ListItem\",\"position\":1,\"name\":\"Home\",\"item\":\"https:\/\/mpfiltri4.addictionlab.it\/pt-pt\/\"},{\"@type\":\"ListItem\",\"position\":2,\"name\":\"Produtos\",\"item\":\"https:\/\/mpfiltri4.addictionlab.it\/pt-pt\/shop\/\"},{\"@type\":\"ListItem\",\"position\":3,\"name\":\"FRIC\"}]},{\"@type\":\"WebSite\",\"@id\":\"https:\/\/mpfiltri4.addictionlab.it\/pt-pt\/#website\",\"url\":\"https:\/\/mpfiltri4.addictionlab.it\/pt-pt\/\",\"name\":\"MP Filtri\",\"description\":\"\",\"publisher\":{\"@id\":\"https:\/\/mpfiltri4.addictionlab.it\/pt-pt\/#organization\"},\"potentialAction\":[{\"@type\":\"SearchAction\",\"target\":{\"@type\":\"EntryPoint\",\"urlTemplate\":\"https:\/\/mpfiltri4.addictionlab.it\/pt-pt\/?s={search_term_string}\"},\"query-input\":{\"@type\":\"PropertyValueSpecification\",\"valueRequired\":true,\"valueName\":\"search_term_string\"}}],\"inLanguage\":\"pt-PT\"},{\"@type\":\"Organization\",\"@id\":\"https:\/\/mpfiltri4.addictionlab.it\/pt-pt\/#organization\",\"name\":\"MP Filtri\",\"url\":\"https:\/\/mpfiltri4.addictionlab.it\/pt-pt\/\",\"logo\":{\"@type\":\"ImageObject\",\"inLanguage\":\"pt-PT\",\"@id\":\"https:\/\/mpfiltri4.addictionlab.it\/pt-pt\/#\/schema\/logo\/image\/\",\"url\":\"\",\"contentUrl\":\"\",\"caption\":\"MP Filtri\"},\"image\":{\"@id\":\"https:\/\/mpfiltri4.addictionlab.it\/pt-pt\/#\/schema\/logo\/image\/\"},\"sameAs\":[\"https:\/\/www.facebook.com\/MPFiltriITA\",\"https:\/\/www.instagram.com\/mpfiltri\/\",\"https:\/\/www.youtube.com\/channel\/UCCzNMySYc1c4M-2B4v0K_QA?view_as=subscriber\",\"https:\/\/www.linkedin.com\/company\/mp-filtri-spa\/\"]}]}<\/script>\n<!-- \/ Yoast SEO plugin. -->","yoast_head_json":{"title":"FRIC - MP Filtri","robots":{"index":"index","follow":"follow","max-snippet":"max-snippet:-1","max-image-preview":"max-image-preview:large","max-video-preview":"max-video-preview:-1"},"canonical":"https:\/\/mpfiltri4.addictionlab.it\/pt-pt\/product\/fri\/","og_locale":"pt_PT","og_type":"article","og_title":"FRIC - MP Filtri","og_description":"Filtro de retorno montagem em linha ou sobre o tanque, elemento filtrante fluxo de \u00f3leo de fora para dentro. Press\u00e3o de trabalho at\u00e9 20 bar (290 psi), vaz\u00e3o at\u00e9 1500 l\/min (397 gpm), conex\u00f5es roscadas de 1\/2&#8243; at\u00e9 2.1\/2&#8243; BSP\/NPT\/SAE e conex\u00f5es flangeadas SAE at\u00e9 3.1\/2&#8243; c\u00f3digo 61. O primeiro produto MP Filtri. Filtro de [&hellip;]","og_url":"https:\/\/mpfiltri4.addictionlab.it\/pt-pt\/product\/fri\/","og_site_name":"MP Filtri","article_publisher":"https:\/\/www.facebook.com\/MPFiltriITA","article_modified_time":"2026-04-07T15:53:37+00:00","twitter_card":"summary_large_image","schema":{"@context":"https:\/\/schema.org","@graph":[{"@type":"WebPage","@id":"https:\/\/mpfiltri4.addictionlab.it\/pt-pt\/product\/fri\/","url":"https:\/\/mpfiltri4.addictionlab.it\/pt-pt\/product\/fri\/","name":"FRIC - MP Filtri","isPartOf":{"@id":"https:\/\/mpfiltri4.addictionlab.it\/pt-pt\/#website"},"datePublished":"2025-06-16T14:42:13+00:00","dateModified":"2026-04-07T15:53:37+00:00","breadcrumb":{"@id":"https:\/\/mpfiltri4.addictionlab.it\/pt-pt\/product\/fri\/#breadcrumb"},"inLanguage":"pt-PT","potentialAction":[{"@type":"ReadAction","target":["https:\/\/mpfiltri4.addictionlab.it\/pt-pt\/product\/fri\/"]}]},{"@type":"BreadcrumbList","@id":"https:\/\/mpfiltri4.addictionlab.it\/pt-pt\/product\/fri\/#breadcrumb","itemListElement":[{"@type":"ListItem","position":1,"name":"Home","item":"https:\/\/mpfiltri4.addictionlab.it\/pt-pt\/"},{"@type":"ListItem","position":2,"name":"Produtos","item":"https:\/\/mpfiltri4.addictionlab.it\/pt-pt\/shop\/"},{"@type":"ListItem","position":3,"name":"FRIC"}]},{"@type":"WebSite","@id":"https:\/\/mpfiltri4.addictionlab.it\/pt-pt\/#website","url":"https:\/\/mpfiltri4.addictionlab.it\/pt-pt\/","name":"MP Filtri","description":"","publisher":{"@id":"https:\/\/mpfiltri4.addictionlab.it\/pt-pt\/#organization"},"potentialAction":[{"@type":"SearchAction","target":{"@type":"EntryPoint","urlTemplate":"https:\/\/mpfiltri4.addictionlab.it\/pt-pt\/?s={search_term_string}"},"query-input":{"@type":"PropertyValueSpecification","valueRequired":true,"valueName":"search_term_string"}}],"inLanguage":"pt-PT"},{"@type":"Organization","@id":"https:\/\/mpfiltri4.addictionlab.it\/pt-pt\/#organization","name":"MP Filtri","url":"https:\/\/mpfiltri4.addictionlab.it\/pt-pt\/","logo":{"@type":"ImageObject","inLanguage":"pt-PT","@id":"https:\/\/mpfiltri4.addictionlab.it\/pt-pt\/#\/schema\/logo\/image\/","url":"","contentUrl":"","caption":"MP Filtri"},"image":{"@id":"https:\/\/mpfiltri4.addictionlab.it\/pt-pt\/#\/schema\/logo\/image\/"},"sameAs":["https:\/\/www.facebook.com\/MPFiltriITA","https:\/\/www.instagram.com\/mpfiltri\/","https:\/\/www.youtube.com\/channel\/UCCzNMySYc1c4M-2B4v0K_QA?view_as=subscriber","https:\/\/www.linkedin.com\/company\/mp-filtri-spa\/"]}]}},"_links":{"self":[{"href":"https:\/\/mpfiltri4.addictionlab.it\/pt-pt\/wp-json\/wp\/v2\/product\/78164","targetHints":{"allow":["GET"]}}],"collection":[{"href":"https:\/\/mpfiltri4.addictionlab.it\/pt-pt\/wp-json\/wp\/v2\/product"}],"about":[{"href":"https:\/\/mpfiltri4.addictionlab.it\/pt-pt\/wp-json\/wp\/v2\/types\/product"}],"replies":[{"embeddable":true,"href":"https:\/\/mpfiltri4.addictionlab.it\/pt-pt\/wp-json\/wp\/v2\/comments?post=78164"}],"wp:attachment":[{"href":"https:\/\/mpfiltri4.addictionlab.it\/pt-pt\/wp-json\/wp\/v2\/media?parent=78164"}],"wp:term":[{"taxonomy":"product-structure","embeddable":true,"href":"https:\/\/mpfiltri4.addictionlab.it\/pt-pt\/wp-json\/wp\/v2\/product-structure?post=78164"},{"taxonomy":"product_brand","embeddable":true,"href":"https:\/\/mpfiltri4.addictionlab.it\/pt-pt\/wp-json\/wp\/v2\/product_brand?post=78164"},{"taxonomy":"product_cat","embeddable":true,"href":"https:\/\/mpfiltri4.addictionlab.it\/pt-pt\/wp-json\/wp\/v2\/product_cat?post=78164"},{"taxonomy":"product_tag","embeddable":true,"href":"https:\/\/mpfiltri4.addictionlab.it\/pt-pt\/wp-json\/wp\/v2\/product_tag?post=78164"}],"curies":[{"name":"wp","href":"https:\/\/api.w.org\/{rel}","templated":true}]}}