

{"id":78105,"date":"2025-06-17T12:39:39","date_gmt":"2025-06-17T10:39:39","guid":{"rendered":"https:\/\/mpfiltri4.addictionlab.it\/product\/produto\/"},"modified":"2026-04-07T17:53:22","modified_gmt":"2026-04-07T15:53:22","slug":"lva-lvu","status":"publish","type":"product","link":"https:\/\/mpfiltri4.addictionlab.it\/pt-pt\/product\/lva-lvu\/","title":{"rendered":"LVA &#8211; LVU"},"content":{"rendered":"<p>S\u00e9rie LVA dispon\u00edveis em tr\u00eas tamanhos para monitorar o n\u00edvel do fluido no tanque. Com dist\u00e2ncia entre centros at\u00e9 254 mm<\/p>\n<p>S\u00e9rie LVU dispon\u00edveis em v\u00e1rios comprimentos entre centros de furos. Com dist\u00e2ncia entre centros at\u00e9 2000 mm.<\/p>\n<p>Aplica\u00e7\u00f5es t\u00edpicas: Equipamentos mobil e equipamentos industriais<\/p>\n","protected":false},"excerpt":{"rendered":"<p>S\u00e9rie LVA dispon\u00edveis em tr\u00eas tamanhos para monitorar o n\u00edvel do fluido no tanque. Com dist\u00e2ncia entre centros at\u00e9 254 mm S\u00e9rie LVU dispon\u00edveis em v\u00e1rios comprimentos entre centros de furos. Com dist\u00e2ncia entre centros at\u00e9 2000 mm. Aplica\u00e7\u00f5es t\u00edpicas: Equipamentos mobil e equipamentos industriais<\/p>\n","protected":false},"featured_media":0,"comment_status":"open","ping_status":"closed","template":"","meta":{"_acf_changed":false,"_gspb_post_css":"","inline_featured_image":false,"_genesis_hide_title":false,"_genesis_hide_breadcrumbs":false,"_genesis_hide_singular_image":false,"_genesis_hide_footer_widgets":false,"_genesis_custom_body_class":"","_genesis_custom_post_class":"","_genesis_layout":"","_links_to":"","_links_to_target":""},"product-structure":[62],"product_brand":[],"product_cat":[13155,13183,13120,13190],"product_tag":[],"class_list":{"0":"post-78105","1":"product","2":"type-product","3":"status-publish","5":"product-structure-series","6":"product_cat-agronegocio-e-silvicultura","7":"product_cat-aplicacoes","8":"product_cat-construcao","9":"product_cat-equipamento-movel","10":"entry","12":"first","13":"instock","14":"shipping-taxable","15":"product-type-simple"},"acf":[],"yoast_head":"<!-- This site is optimized with the Yoast SEO plugin v27.1.1 - https:\/\/yoast.com\/product\/yoast-seo-wordpress\/ -->\n<title>LVA - LVU - MP Filtri<\/title>\n<meta name=\"robots\" content=\"index, follow, max-snippet:-1, max-image-preview:large, max-video-preview:-1\" \/>\n<link rel=\"canonical\" href=\"https:\/\/mpfiltri4.addictionlab.it\/pt-pt\/product\/lva-lvu\/\" \/>\n<meta property=\"og:locale\" content=\"pt_PT\" \/>\n<meta property=\"og:type\" content=\"article\" \/>\n<meta property=\"og:title\" content=\"LVA - LVU - MP Filtri\" \/>\n<meta property=\"og:description\" content=\"S\u00e9rie LVA dispon\u00edveis em tr\u00eas tamanhos para monitorar o n\u00edvel do fluido no tanque. Com dist\u00e2ncia entre centros at\u00e9 254 mm S\u00e9rie LVU dispon\u00edveis em v\u00e1rios comprimentos entre centros de furos. Com dist\u00e2ncia entre centros at\u00e9 2000 mm. Aplica\u00e7\u00f5es t\u00edpicas: Equipamentos mobil e equipamentos industriais\" \/>\n<meta property=\"og:url\" content=\"https:\/\/mpfiltri4.addictionlab.it\/pt-pt\/product\/lva-lvu\/\" \/>\n<meta property=\"og:site_name\" content=\"MP Filtri\" \/>\n<meta property=\"article:publisher\" content=\"https:\/\/www.facebook.com\/MPFiltriITA\" \/>\n<meta property=\"article:modified_time\" content=\"2026-04-07T15:53:22+00:00\" \/>\n<meta name=\"twitter:card\" content=\"summary_large_image\" \/>\n<script type=\"application\/ld+json\" class=\"yoast-schema-graph\">{\"@context\":\"https:\/\/schema.org\",\"@graph\":[{\"@type\":\"WebPage\",\"@id\":\"https:\/\/mpfiltri4.addictionlab.it\/pt-pt\/product\/lva-lvu\/\",\"url\":\"https:\/\/mpfiltri4.addictionlab.it\/pt-pt\/product\/lva-lvu\/\",\"name\":\"LVA - LVU - MP Filtri\",\"isPartOf\":{\"@id\":\"https:\/\/mpfiltri4.addictionlab.it\/pt-pt\/#website\"},\"datePublished\":\"2025-06-17T10:39:39+00:00\",\"dateModified\":\"2026-04-07T15:53:22+00:00\",\"breadcrumb\":{\"@id\":\"https:\/\/mpfiltri4.addictionlab.it\/pt-pt\/product\/lva-lvu\/#breadcrumb\"},\"inLanguage\":\"pt-PT\",\"potentialAction\":[{\"@type\":\"ReadAction\",\"target\":[\"https:\/\/mpfiltri4.addictionlab.it\/pt-pt\/product\/lva-lvu\/\"]}]},{\"@type\":\"BreadcrumbList\",\"@id\":\"https:\/\/mpfiltri4.addictionlab.it\/pt-pt\/product\/lva-lvu\/#breadcrumb\",\"itemListElement\":[{\"@type\":\"ListItem\",\"position\":1,\"name\":\"Home\",\"item\":\"https:\/\/mpfiltri4.addictionlab.it\/pt-pt\/\"},{\"@type\":\"ListItem\",\"position\":2,\"name\":\"Produtos\",\"item\":\"https:\/\/mpfiltri4.addictionlab.it\/pt-pt\/shop\/\"},{\"@type\":\"ListItem\",\"position\":3,\"name\":\"LVA &#8211; LVU\"}]},{\"@type\":\"WebSite\",\"@id\":\"https:\/\/mpfiltri4.addictionlab.it\/pt-pt\/#website\",\"url\":\"https:\/\/mpfiltri4.addictionlab.it\/pt-pt\/\",\"name\":\"MP Filtri\",\"description\":\"\",\"publisher\":{\"@id\":\"https:\/\/mpfiltri4.addictionlab.it\/pt-pt\/#organization\"},\"potentialAction\":[{\"@type\":\"SearchAction\",\"target\":{\"@type\":\"EntryPoint\",\"urlTemplate\":\"https:\/\/mpfiltri4.addictionlab.it\/pt-pt\/?s={search_term_string}\"},\"query-input\":{\"@type\":\"PropertyValueSpecification\",\"valueRequired\":true,\"valueName\":\"search_term_string\"}}],\"inLanguage\":\"pt-PT\"},{\"@type\":\"Organization\",\"@id\":\"https:\/\/mpfiltri4.addictionlab.it\/pt-pt\/#organization\",\"name\":\"MP Filtri\",\"url\":\"https:\/\/mpfiltri4.addictionlab.it\/pt-pt\/\",\"logo\":{\"@type\":\"ImageObject\",\"inLanguage\":\"pt-PT\",\"@id\":\"https:\/\/mpfiltri4.addictionlab.it\/pt-pt\/#\/schema\/logo\/image\/\",\"url\":\"\",\"contentUrl\":\"\",\"caption\":\"MP Filtri\"},\"image\":{\"@id\":\"https:\/\/mpfiltri4.addictionlab.it\/pt-pt\/#\/schema\/logo\/image\/\"},\"sameAs\":[\"https:\/\/www.facebook.com\/MPFiltriITA\",\"https:\/\/www.instagram.com\/mpfiltri\/\",\"https:\/\/www.youtube.com\/channel\/UCCzNMySYc1c4M-2B4v0K_QA?view_as=subscriber\",\"https:\/\/www.linkedin.com\/company\/mp-filtri-spa\/\"]}]}<\/script>\n<!-- \/ Yoast SEO plugin. -->","yoast_head_json":{"title":"LVA - LVU - MP Filtri","robots":{"index":"index","follow":"follow","max-snippet":"max-snippet:-1","max-image-preview":"max-image-preview:large","max-video-preview":"max-video-preview:-1"},"canonical":"https:\/\/mpfiltri4.addictionlab.it\/pt-pt\/product\/lva-lvu\/","og_locale":"pt_PT","og_type":"article","og_title":"LVA - LVU - MP Filtri","og_description":"S\u00e9rie LVA dispon\u00edveis em tr\u00eas tamanhos para monitorar o n\u00edvel do fluido no tanque. Com dist\u00e2ncia entre centros at\u00e9 254 mm S\u00e9rie LVU dispon\u00edveis em v\u00e1rios comprimentos entre centros de furos. Com dist\u00e2ncia entre centros at\u00e9 2000 mm. Aplica\u00e7\u00f5es t\u00edpicas: Equipamentos mobil e equipamentos industriais","og_url":"https:\/\/mpfiltri4.addictionlab.it\/pt-pt\/product\/lva-lvu\/","og_site_name":"MP Filtri","article_publisher":"https:\/\/www.facebook.com\/MPFiltriITA","article_modified_time":"2026-04-07T15:53:22+00:00","twitter_card":"summary_large_image","schema":{"@context":"https:\/\/schema.org","@graph":[{"@type":"WebPage","@id":"https:\/\/mpfiltri4.addictionlab.it\/pt-pt\/product\/lva-lvu\/","url":"https:\/\/mpfiltri4.addictionlab.it\/pt-pt\/product\/lva-lvu\/","name":"LVA - LVU - MP Filtri","isPartOf":{"@id":"https:\/\/mpfiltri4.addictionlab.it\/pt-pt\/#website"},"datePublished":"2025-06-17T10:39:39+00:00","dateModified":"2026-04-07T15:53:22+00:00","breadcrumb":{"@id":"https:\/\/mpfiltri4.addictionlab.it\/pt-pt\/product\/lva-lvu\/#breadcrumb"},"inLanguage":"pt-PT","potentialAction":[{"@type":"ReadAction","target":["https:\/\/mpfiltri4.addictionlab.it\/pt-pt\/product\/lva-lvu\/"]}]},{"@type":"BreadcrumbList","@id":"https:\/\/mpfiltri4.addictionlab.it\/pt-pt\/product\/lva-lvu\/#breadcrumb","itemListElement":[{"@type":"ListItem","position":1,"name":"Home","item":"https:\/\/mpfiltri4.addictionlab.it\/pt-pt\/"},{"@type":"ListItem","position":2,"name":"Produtos","item":"https:\/\/mpfiltri4.addictionlab.it\/pt-pt\/shop\/"},{"@type":"ListItem","position":3,"name":"LVA &#8211; LVU"}]},{"@type":"WebSite","@id":"https:\/\/mpfiltri4.addictionlab.it\/pt-pt\/#website","url":"https:\/\/mpfiltri4.addictionlab.it\/pt-pt\/","name":"MP Filtri","description":"","publisher":{"@id":"https:\/\/mpfiltri4.addictionlab.it\/pt-pt\/#organization"},"potentialAction":[{"@type":"SearchAction","target":{"@type":"EntryPoint","urlTemplate":"https:\/\/mpfiltri4.addictionlab.it\/pt-pt\/?s={search_term_string}"},"query-input":{"@type":"PropertyValueSpecification","valueRequired":true,"valueName":"search_term_string"}}],"inLanguage":"pt-PT"},{"@type":"Organization","@id":"https:\/\/mpfiltri4.addictionlab.it\/pt-pt\/#organization","name":"MP Filtri","url":"https:\/\/mpfiltri4.addictionlab.it\/pt-pt\/","logo":{"@type":"ImageObject","inLanguage":"pt-PT","@id":"https:\/\/mpfiltri4.addictionlab.it\/pt-pt\/#\/schema\/logo\/image\/","url":"","contentUrl":"","caption":"MP Filtri"},"image":{"@id":"https:\/\/mpfiltri4.addictionlab.it\/pt-pt\/#\/schema\/logo\/image\/"},"sameAs":["https:\/\/www.facebook.com\/MPFiltriITA","https:\/\/www.instagram.com\/mpfiltri\/","https:\/\/www.youtube.com\/channel\/UCCzNMySYc1c4M-2B4v0K_QA?view_as=subscriber","https:\/\/www.linkedin.com\/company\/mp-filtri-spa\/"]}]}},"_links":{"self":[{"href":"https:\/\/mpfiltri4.addictionlab.it\/pt-pt\/wp-json\/wp\/v2\/product\/78105","targetHints":{"allow":["GET"]}}],"collection":[{"href":"https:\/\/mpfiltri4.addictionlab.it\/pt-pt\/wp-json\/wp\/v2\/product"}],"about":[{"href":"https:\/\/mpfiltri4.addictionlab.it\/pt-pt\/wp-json\/wp\/v2\/types\/product"}],"replies":[{"embeddable":true,"href":"https:\/\/mpfiltri4.addictionlab.it\/pt-pt\/wp-json\/wp\/v2\/comments?post=78105"}],"wp:attachment":[{"href":"https:\/\/mpfiltri4.addictionlab.it\/pt-pt\/wp-json\/wp\/v2\/media?parent=78105"}],"wp:term":[{"taxonomy":"product-structure","embeddable":true,"href":"https:\/\/mpfiltri4.addictionlab.it\/pt-pt\/wp-json\/wp\/v2\/product-structure?post=78105"},{"taxonomy":"product_brand","embeddable":true,"href":"https:\/\/mpfiltri4.addictionlab.it\/pt-pt\/wp-json\/wp\/v2\/product_brand?post=78105"},{"taxonomy":"product_cat","embeddable":true,"href":"https:\/\/mpfiltri4.addictionlab.it\/pt-pt\/wp-json\/wp\/v2\/product_cat?post=78105"},{"taxonomy":"product_tag","embeddable":true,"href":"https:\/\/mpfiltri4.addictionlab.it\/pt-pt\/wp-json\/wp\/v2\/product_tag?post=78105"}],"curies":[{"name":"wp","href":"https:\/\/api.w.org\/{rel}","templated":true}]}}