

{"id":34944,"date":"2024-12-18T10:02:53","date_gmt":"2024-12-18T09:02:53","guid":{"rendered":"https:\/\/mpfiltri4.addictionlab.it\/recalibration-service\/"},"modified":"2026-01-09T12:01:15","modified_gmt":"2026-01-09T11:01:15","slug":"servico-de-recalibracao","status":"publish","type":"page","link":"https:\/\/mpfiltri4.addictionlab.it\/pt-pt\/servico-de-recalibracao\/","title":{"rendered":"Servi\u00e7o de recalibra\u00e7\u00e3o"},"content":{"rendered":"\n<div class=\"wp-block-stackable-columns stk-block-columns stk-block stk-bee78dd\" data-block-id=\"bee78dd\"><style>.stk-bee78dd {margin-top:0px !important;margin-right:0px !important;margin-bottom:0px !important;margin-left:0px !important;}.stk-bee78dd-column{--stk-columns-spacing:0px !important;}<\/style><div class=\"stk-row stk-inner-blocks stk-block-content stk-content-align stk-bee78dd-column\">\n<div class=\"wp-block-stackable-column stk-block-column stk-column stk-block stk-e3b6cff\" data-v=\"4\" data-block-id=\"e3b6cff\"><style>.stk-e3b6cff {border-style:solid !important;border-color:#E6E6E6 !important;border-top-width:1px !important;border-right-width:0px !important;border-bottom-width:1px !important;border-left-width:1px !important;padding-top:60px !important;padding-right:30px !important;padding-bottom:60px !important;padding-left:30px !important;}@media screen and (min-width: 768px) and (max-width: 1023px){.stk-e3b6cff {flex:var(--stk-flex-grow, 1) 1 calc(100% - var(--stk-column-gap, 0px) * 0 \/ 1 ) !important;}}<\/style><div class=\"stk-column-wrapper stk-block-column__content stk-container stk-e3b6cff-container stk--no-background stk--no-padding\"><div class=\"stk-block-content stk-inner-blocks stk-e3b6cff-inner-blocks\">\n<h3 class=\"wp-block-heading\" id=\"ferramentas\">FERRAMENTAS<\/h3>\n\n\n\n<h2 class=\"wp-block-heading\" id=\"servico-de-recalibracao\">Servi\u00e7o de recalibra\u00e7\u00e3o<\/h2>\n<\/div><\/div><\/div>\n\n\n\n<div class=\"wp-block-stackable-column stk-block-column stk-column stk-block stk-43b5241\" data-v=\"4\" data-block-id=\"43b5241\"><style>.stk-43b5241 {border-style:solid !important;border-color:#E6E6E6 !important;border-top-width:1px !important;border-right-width:1px !important;border-bottom-width:1px !important;border-left-width:1px !important;padding-top:60px !important;padding-right:30px !important;padding-bottom:60px !important;padding-left:30px !important;}@media screen and (min-width: 768px) and (max-width: 1023px){.stk-43b5241 {flex:var(--stk-flex-grow, 1) 1 calc(100% - var(--stk-column-gap, 0px) * 0 \/ 1 ) !important;}}<\/style><div class=\"stk-column-wrapper stk-block-column__content stk-container stk-43b5241-container stk--no-background stk--no-padding\"><div class=\"stk-block-content stk-inner-blocks stk-43b5241-inner-blocks\">\n<p>Fazer a solicita\u00e7\u00e3o \u00e9 simples:<\/p>\n\n\n\n<ul class=\"wp-block-list\">\n<li>Selecione o pa\u00eds de origem do produto a ser recalibrado, e o centro de recalibra\u00e7\u00e3o de refer\u00eancia para solicitar a recalibra\u00e7\u00e3o aparecer\u00e1.<\/li>\n\n\n\n<li>Selecione o produto a ser recalibrado.<\/li>\n\n\n\n<li>Escolha a data e hora dispon\u00edveis dentre as propostas \u2014 ao fazer a reserva, considere cuidadosamente o tempo de envio do local de origem do produto at\u00e9 o centro de recalibra\u00e7\u00e3o proposto.<\/li>\n\n\n\n<li>Voc\u00ea receber\u00e1 uma confirma\u00e7\u00e3o por e-mail da sua solicita\u00e7\u00e3o.<\/li>\n\n\n\n<li>Por favor, baixe o formul\u00e1rio apropriado clicando no bot\u00e3o abaixo e coloque-o, preenchido corretamente, na caixa de envio junto com o produto.<\/li>\n<\/ul>\n\n\n\n<p><strong>Aviso importante:<\/strong> Ap\u00f3s concluir a reserva online, por favor, aguarde o recebimento do e-mail contendo a oferta detalhada de custo do servi\u00e7o antes de prosseguir com o envio da unidade.<\/p>\n\n\n\n<div id=\"file-downloadblock_37bfab5e4b9ee1901be692c04f0a75b5\" class=\"file-download\">\n    \n    <div class=\"files\">\n                        <div class=\"single-file\">\n                    <a href=\"https:\/\/mpfiltri4.addictionlab.it\/wp-content\/uploads\/2026\/01\/Equipment_Product_Return-COSHH_GLOBAL-3.pdf\" class=\"file-url\" data-file-type=\"PDF\"\n                        aria-label=\"Devolu\u00e7\u00e3o de equipamentos\/produtos COSHH, , PDF, 314 KB. Descarregar ficheiro\"\n                        target=\"_blank\" rel=\"noopener noreferrer\">\n                        <div class=\"download-img\" aria-hidden=\"true\">\n                                                            <img decoding=\"async\" src=\"https:\/\/mpfiltri4.addictionlab.it\/wp-content\/uploads\/2026\/01\/Equipment_Product_Return-COSHH_GLOBAL-3.pdf.jpg\" alt=\"\"\/>\n                                                    <\/div>\n                        <div class=\"file-info\">\n                            <p class=\"file-name\">Devolu\u00e7\u00e3o de equipamentos\/produtos COSHH<\/p>\n                                                            <div class=\"tech-info\">\n                                    <p class=\"file-type\">PDF<\/p> |\n                                    <p class=\"file-size\">314 KB<\/p>\n                                <\/div>\n                                                    <\/div>\n                    <\/a>\n                <\/div>\n                <\/div>\n<\/div>\n<\/div><\/div><\/div>\n<\/div><\/div>\n\n\n\n    <form id=\"recalibration-booking-form\" class=\"recal-step-form\">\n        <div id=\"booking-announcer\" class=\"sr-only\" aria-live=\"polite\" aria-atomic=\"true\"><\/div>\n        <div id=\"booking-alert\" class=\"booking-alert\" role=\"alert\" aria-live=\"assertive\" aria-atomic=\"true\" hidden><\/div>\n        <div id=\"booking-loader\" role=\"status\" aria-live=\"polite\" aria-atomic=\"true\">\n            <img decoding=\"async\" src=\"https:\/\/mpfiltri4.addictionlab.it\/wp-content\/plugins\/mpfiltri-recalibration-service\/includes\/frontend\/..\/..\/assets\/images\/icn-load.gif\" alt=\"Loading\">\n            <p>Loading, please wait\u2026<\/p>\n        <\/div>\n\n        <div class=\"recal-progress-bar\">\n            <div class=\"progress\">\n                <div class=\"progress-bar\" style=\"width: 20%\" role=\"progressbar\" aria-valuemin=\"0\" aria-valuemax=\"100\" aria-valuenow=\"20\" aria-label=\"Progress\"><\/div>\n            <\/div>\n            <ul class=\"step-indicators\">\n                <li class=\"active\">1. Country<\/li>\n                <li>2. Location<\/li>\n                <li>3. Service<\/li>\n                <li>4. Calendar<\/li>\n                <li>5. Details<\/li>\n            <\/ul>\n        <\/div>\n\n        <div class=\"step active\" data-step=\"1\" role=\"region\" aria-labelledby=\"step-1-title\">\n            <h2 id=\"step-1-title\" class=\"sr-only\">Step 1: Country<\/h2>\n            <div id=\"country-step-content\" class=\"step-content\">\n                <label for=\"country-select\">Select your country<\/label>\n                <select id=\"country-select\" name=\"country\" required>\n                    <option value=\"\">Choose a country<\/option>\n                                    <\/select>\n            <\/div>\n            <div class=\"form-nav\">\n                <button type=\"button\" class=\"next-step\">Next<\/button>\n            <\/div>\n        <\/div>\n\n        <div class=\"step\" data-step=\"2\" role=\"region\" aria-labelledby=\"step-2-title\">\n            <h2 id=\"step-2-title\" class=\"sr-only\">Step 2: Location<\/h2>\n            <div id=\"location-step-content\" class=\"step-content\"><\/div>\n            <div class=\"form-nav\">\n                <button type=\"button\" class=\"prev-step\">Back<\/button>\n                <button type=\"button\" class=\"next-step\">Next<\/button>\n            <\/div>\n        <\/div>\n\n        <div class=\"step\" data-step=\"3\" role=\"region\" aria-labelledby=\"step-3-title\">\n            <h2 id=\"step-3-title\" class=\"sr-only\">Step 3: Service<\/h2>\n            <div id=\"service-step-content\" class=\"step-content\"><\/div>\n            <div class=\"form-nav\">\n                <button type=\"button\" class=\"prev-step\">Back<\/button>\n                <div><\/div>\n<!--                <button type=\"button\" class=\"next-step\">--><!--<\/button>-->\n            <\/div>\n        <\/div>\n\n        <div class=\"step\" data-step=\"4\" role=\"region\" aria-labelledby=\"step-4-title\">\n            <h2 id=\"step-4-title\" class=\"sr-only\">Step 4: Calendar<\/h2>\n            <div id=\"calendar-step-content\" class=\"step-content\">\n                <!-- Il calendario verr\u00e0 iniettato qui da JS -->\n                <p>Please select a service to load available time slots.<\/p>\n            <\/div>\n            <aside id=\"service-summary-step4\" class=\"service-summary\">\n                <!-- Popolato da JS -->\n            <\/aside>\n            <div class=\"form-nav\">\n                <button type=\"button\" class=\"prev-step\">Back<\/button>\n            <\/div>\n        <\/div>\n\n        <div class=\"step\" data-step=\"5\" role=\"region\" aria-labelledby=\"step-5-title\">\n            <h2 id=\"step-5-title\" class=\"sr-only\">Step 5: Details<\/h2>\n            <div id=\"form-step-content\" class=\"step-content summary-container\">\n                <h2>Request Summary<\/h2>\n                <p><strong>Location:<\/strong> <span id=\"summary-location\"><\/span><\/p>\n                <p><strong>Service:<\/strong> <span id=\"summary-service\"><\/span><\/p>\n                <p><strong>Selected Time Slot:<\/strong> <span id=\"summary-slot\"><\/span><\/p>\n\n                <div class=\"form-container\">\n                    <div class=\"field-container w50 field-container\">\n                        <label for=\"first_name\">First Name *<\/label><br>\n                        <input type=\"text\" id=\"first_name\" name=\"first_name\" required>\n                    <\/div>\n                    <div class=\"field-container w50 field-container\">\n                        <label for=\"last_name\">Last Name *<\/label><br>\n                        <input type=\"text\" id=\"last_name\" name=\"last_name\" required>\n                    <\/div>\n                    <div class=\"field-container w50 field-container\">\n                        <label for=\"email\">Email *<\/label><br>\n                        <input type=\"email\" id=\"email\" name=\"email\" required>\n                    <\/div>\n                    <div class=\"field-container w50 field-container\">\n                        <label for=\"phone\">Phone *<\/label><br>\n                        <input type=\"tel\" id=\"phone\" name=\"phone\" required>\n                    <\/div>\n                    <div class=\"field-container w50 field-container\">\n                        <label for=\"user_country\">Country *<\/label><br>\n                        <input type=\"text\" id=\"user_country\" name=\"user_country\" required>\n                    <\/div>\n                    <div class=\"field-container w50 field-container\">\n                        <label for=\"company\">Company Name *<\/label><br>\n                        <input type=\"text\" id=\"company\" name=\"company\" required>\n                    <\/div>\n                    <!-- Purchase Order placeholder -->\n                    <div id=\"purchase-order-container\" class=\"field-container w50\" style=\"display:none;\">\n                        <label for=\"purchase_order\">Purchase Order *<\/label>\n                        <input type=\"file\" id=\"purchase_order\" name=\"purchase_order\" accept=\".pdf,.jpg,.png\">\n                    <\/div>\n                    <!-- COSHH placeholder -->\n                    <div id=\"coshh-container\" class=\"field-container w50\" style=\"display:none;\">\n                        <label for=\"coshh_file\">\n                            Control of Substances Hazardous to Health (COSHH) *                        <\/label><br>\n                        <input type=\"file\" id=\"coshh_file\" name=\"coshh_file\" accept=\".pdf,.jpg,.png\">\n                    <\/div>\n                    <!-- Reasons for Return placeholder -->\n                    <div id=\"reasons-for-return-container\" class=\"field-container w100 columns\" style=\"display:none;\">\n                        <div class=\"col-inner\">\n                            <label for=\"reasons_for_return\">Reasons for Return*<\/label>\n                            <select id=\"reasons_for_return\" name=\"reasons_for_return\" required>\n                                <option value=\"\">Selecionar...<\/option>\n                                <option value=\"recalibration\">Recalibration<\/option>\n                                <option value=\"repair\">Repair<\/option>\n                            <\/select>\n                        <\/div>\n                        <!-- Repair details: hidden until \u201crepair\u201d selected -->\n                        <div id=\"repair-details-container\" class=\"col-inner\" style=\"display:none\">\n                            <label for=\"repair_description\">Repair Description<\/label>\n                            <textarea id=\"repair_description\" name=\"repair_description\" rows=\"4\"><\/textarea>\n                            <label for=\"repair_images[]\">Upload up to 3 images:<\/label>\n                            <input type=\"file\" id=\"repair_images\" name=\"repair_images[]\" accept=\".jpg,.jpeg,.png\" multiple>\n                        <\/div>\n                    <\/div>\n                    <div id=\"product-selector-container\" class=\"field-container w50\" style=\"display:none;\">\n                        <label for=\"product_selector\">Select Product *<\/label><br>\n                        <select id=\"product_selector\" name=\"product_selector\" required>\n                            <option value=\"\">- Select -<\/option>\n                        <\/select>\n                    <\/div>\n                    <div class=\"field-container w50 serial-container\">\n                        <div id=\"serial-number-wrapper\">\n                            <label>Serial Number <span class=\"required\">*<\/span><\/label>\n                            <div class=\"serial-number-group\">\n                                <input type=\"text\" name=\"serial_numbers[]\" required>\n                            <\/div>\n                        <\/div>\n                        <button type=\"button\" id=\"add-serial-number\" class=\"button\">+ Add another serial number<\/button>\n                    <\/div>\n                    <div class=\"field-container w100 textarea-container\">\n                        <label for=\"notes\">Additional Notes<\/label><br>\n                        <textarea id=\"notes\" name=\"notes\"><\/textarea>\n                    <\/div>\n                    <div class=\"field-container w50 checkbox-container\">\n                        <input type=\"checkbox\" id=\"newsletter_optin\" name=\"newsletter_optin\">\n                        <label for=\"newsletter_optin\">Subscribe to our newsletter<\/label>\n                    <\/div>\n                    <div class=\"field-container w50 checkbox-container\">\n                        <input type=\"checkbox\" id=\"privacy_policy\" name=\"privacy_policy\" required>\n                        <label for=\"privacy_policy\">I accept the privacy policy*<\/label>\n                    <\/div>\n                <\/div>\n            <\/div>\n            <aside id=\"service-summary-step4\" class=\"service-summary\"><\/aside>\n            <div class=\"form-nav\">\n                <button type=\"button\" class=\"prev-step\">Back<\/button>\n                <button type=\"submit\">Send Request<\/button>\n            <\/div>\n        <\/div>\n    <\/form>\n\n    \n","protected":false},"excerpt":{"rendered":"<p>FERRAMENTAS Servi\u00e7o de recalibra\u00e7\u00e3o Fazer a solicita\u00e7\u00e3o \u00e9 simples: Aviso importante: Ap\u00f3s concluir a reserva online, por favor, aguarde o recebimento do e-mail contendo a oferta detalhada de custo do servi\u00e7o antes de prosseguir com o envio da unidade.<\/p>\n","protected":false},"author":2,"featured_media":0,"parent":0,"menu_order":206,"comment_status":"closed","ping_status":"closed","template":"","meta":{"_acf_changed":false,"_gspb_post_css":"","inline_featured_image":false,"_genesis_hide_title":false,"_genesis_hide_breadcrumbs":false,"_genesis_hide_singular_image":false,"_genesis_hide_footer_widgets":false,"_genesis_custom_body_class":"","_genesis_custom_post_class":"","_genesis_layout":"","footnotes":"","_links_to":"","_links_to_target":""},"class_list":{"0":"post-34944","1":"page","2":"type-page","3":"status-publish","5":"entry"},"acf":[],"yoast_head":"<!-- This site is optimized with the Yoast SEO plugin v27.1.1 - https:\/\/yoast.com\/product\/yoast-seo-wordpress\/ -->\n<title>Servi\u00e7o de recalibra\u00e7\u00e3o - MP Filtri<\/title>\n<meta name=\"robots\" content=\"index, follow, max-snippet:-1, max-image-preview:large, max-video-preview:-1\" \/>\n<link rel=\"canonical\" href=\"https:\/\/mpfiltri4.addictionlab.it\/pt-pt\/servico-de-recalibracao\/\" \/>\n<meta property=\"og:locale\" content=\"pt_PT\" \/>\n<meta property=\"og:type\" content=\"article\" \/>\n<meta property=\"og:title\" content=\"Servi\u00e7o de recalibra\u00e7\u00e3o - MP Filtri\" \/>\n<meta property=\"og:description\" content=\"FERRAMENTAS Servi\u00e7o de recalibra\u00e7\u00e3o Fazer a solicita\u00e7\u00e3o \u00e9 simples: Aviso importante: Ap\u00f3s concluir a reserva online, por favor, aguarde o recebimento do e-mail contendo a oferta detalhada de custo do servi\u00e7o antes de prosseguir com o envio da unidade.\" \/>\n<meta property=\"og:url\" content=\"https:\/\/mpfiltri4.addictionlab.it\/pt-pt\/servico-de-recalibracao\/\" \/>\n<meta property=\"og:site_name\" content=\"MP Filtri\" \/>\n<meta property=\"article:publisher\" content=\"https:\/\/www.facebook.com\/MPFiltriITA\" \/>\n<meta property=\"article:modified_time\" content=\"2026-01-09T11:01:15+00:00\" \/>\n<meta name=\"twitter:card\" content=\"summary_large_image\" \/>\n<meta name=\"twitter:label1\" content=\"Tempo estimado de leitura\" \/>\n\t<meta name=\"twitter:data1\" content=\"1 minuto\" \/>\n<script type=\"application\/ld+json\" class=\"yoast-schema-graph\">{\"@context\":\"https:\/\/schema.org\",\"@graph\":[{\"@type\":\"WebPage\",\"@id\":\"https:\/\/mpfiltri4.addictionlab.it\/pt-pt\/servico-de-recalibracao\/\",\"url\":\"https:\/\/mpfiltri4.addictionlab.it\/pt-pt\/servico-de-recalibracao\/\",\"name\":\"Servi\u00e7o de recalibra\u00e7\u00e3o - MP Filtri\",\"isPartOf\":{\"@id\":\"https:\/\/mpfiltri4.addictionlab.it\/pt-pt\/#website\"},\"datePublished\":\"2024-12-18T09:02:53+00:00\",\"dateModified\":\"2026-01-09T11:01:15+00:00\",\"breadcrumb\":{\"@id\":\"https:\/\/mpfiltri4.addictionlab.it\/pt-pt\/servico-de-recalibracao\/#breadcrumb\"},\"inLanguage\":\"pt-PT\",\"potentialAction\":[{\"@type\":\"ReadAction\",\"target\":[\"https:\/\/mpfiltri4.addictionlab.it\/pt-pt\/servico-de-recalibracao\/\"]}]},{\"@type\":\"BreadcrumbList\",\"@id\":\"https:\/\/mpfiltri4.addictionlab.it\/pt-pt\/servico-de-recalibracao\/#breadcrumb\",\"itemListElement\":[{\"@type\":\"ListItem\",\"position\":1,\"name\":\"Home\",\"item\":\"https:\/\/mpfiltri4.addictionlab.it\/pt-pt\/\"},{\"@type\":\"ListItem\",\"position\":2,\"name\":\"Servi\u00e7o de recalibra\u00e7\u00e3o\"}]},{\"@type\":\"WebSite\",\"@id\":\"https:\/\/mpfiltri4.addictionlab.it\/pt-pt\/#website\",\"url\":\"https:\/\/mpfiltri4.addictionlab.it\/pt-pt\/\",\"name\":\"MP Filtri\",\"description\":\"\",\"publisher\":{\"@id\":\"https:\/\/mpfiltri4.addictionlab.it\/pt-pt\/#organization\"},\"potentialAction\":[{\"@type\":\"SearchAction\",\"target\":{\"@type\":\"EntryPoint\",\"urlTemplate\":\"https:\/\/mpfiltri4.addictionlab.it\/pt-pt\/?s={search_term_string}\"},\"query-input\":{\"@type\":\"PropertyValueSpecification\",\"valueRequired\":true,\"valueName\":\"search_term_string\"}}],\"inLanguage\":\"pt-PT\"},{\"@type\":\"Organization\",\"@id\":\"https:\/\/mpfiltri4.addictionlab.it\/pt-pt\/#organization\",\"name\":\"MP Filtri\",\"url\":\"https:\/\/mpfiltri4.addictionlab.it\/pt-pt\/\",\"logo\":{\"@type\":\"ImageObject\",\"inLanguage\":\"pt-PT\",\"@id\":\"https:\/\/mpfiltri4.addictionlab.it\/pt-pt\/#\/schema\/logo\/image\/\",\"url\":\"\",\"contentUrl\":\"\",\"caption\":\"MP Filtri\"},\"image\":{\"@id\":\"https:\/\/mpfiltri4.addictionlab.it\/pt-pt\/#\/schema\/logo\/image\/\"},\"sameAs\":[\"https:\/\/www.facebook.com\/MPFiltriITA\",\"https:\/\/www.instagram.com\/mpfiltri\/\",\"https:\/\/www.youtube.com\/channel\/UCCzNMySYc1c4M-2B4v0K_QA?view_as=subscriber\",\"https:\/\/www.linkedin.com\/company\/mp-filtri-spa\/\"]}]}<\/script>\n<!-- \/ Yoast SEO plugin. -->","yoast_head_json":{"title":"Servi\u00e7o de recalibra\u00e7\u00e3o - MP Filtri","robots":{"index":"index","follow":"follow","max-snippet":"max-snippet:-1","max-image-preview":"max-image-preview:large","max-video-preview":"max-video-preview:-1"},"canonical":"https:\/\/mpfiltri4.addictionlab.it\/pt-pt\/servico-de-recalibracao\/","og_locale":"pt_PT","og_type":"article","og_title":"Servi\u00e7o de recalibra\u00e7\u00e3o - MP Filtri","og_description":"FERRAMENTAS Servi\u00e7o de recalibra\u00e7\u00e3o Fazer a solicita\u00e7\u00e3o \u00e9 simples: Aviso importante: Ap\u00f3s concluir a reserva online, por favor, aguarde o recebimento do e-mail contendo a oferta detalhada de custo do servi\u00e7o antes de prosseguir com o envio da unidade.","og_url":"https:\/\/mpfiltri4.addictionlab.it\/pt-pt\/servico-de-recalibracao\/","og_site_name":"MP Filtri","article_publisher":"https:\/\/www.facebook.com\/MPFiltriITA","article_modified_time":"2026-01-09T11:01:15+00:00","twitter_card":"summary_large_image","twitter_misc":{"Tempo estimado de leitura":"1 minuto"},"schema":{"@context":"https:\/\/schema.org","@graph":[{"@type":"WebPage","@id":"https:\/\/mpfiltri4.addictionlab.it\/pt-pt\/servico-de-recalibracao\/","url":"https:\/\/mpfiltri4.addictionlab.it\/pt-pt\/servico-de-recalibracao\/","name":"Servi\u00e7o de recalibra\u00e7\u00e3o - MP Filtri","isPartOf":{"@id":"https:\/\/mpfiltri4.addictionlab.it\/pt-pt\/#website"},"datePublished":"2024-12-18T09:02:53+00:00","dateModified":"2026-01-09T11:01:15+00:00","breadcrumb":{"@id":"https:\/\/mpfiltri4.addictionlab.it\/pt-pt\/servico-de-recalibracao\/#breadcrumb"},"inLanguage":"pt-PT","potentialAction":[{"@type":"ReadAction","target":["https:\/\/mpfiltri4.addictionlab.it\/pt-pt\/servico-de-recalibracao\/"]}]},{"@type":"BreadcrumbList","@id":"https:\/\/mpfiltri4.addictionlab.it\/pt-pt\/servico-de-recalibracao\/#breadcrumb","itemListElement":[{"@type":"ListItem","position":1,"name":"Home","item":"https:\/\/mpfiltri4.addictionlab.it\/pt-pt\/"},{"@type":"ListItem","position":2,"name":"Servi\u00e7o de recalibra\u00e7\u00e3o"}]},{"@type":"WebSite","@id":"https:\/\/mpfiltri4.addictionlab.it\/pt-pt\/#website","url":"https:\/\/mpfiltri4.addictionlab.it\/pt-pt\/","name":"MP Filtri","description":"","publisher":{"@id":"https:\/\/mpfiltri4.addictionlab.it\/pt-pt\/#organization"},"potentialAction":[{"@type":"SearchAction","target":{"@type":"EntryPoint","urlTemplate":"https:\/\/mpfiltri4.addictionlab.it\/pt-pt\/?s={search_term_string}"},"query-input":{"@type":"PropertyValueSpecification","valueRequired":true,"valueName":"search_term_string"}}],"inLanguage":"pt-PT"},{"@type":"Organization","@id":"https:\/\/mpfiltri4.addictionlab.it\/pt-pt\/#organization","name":"MP Filtri","url":"https:\/\/mpfiltri4.addictionlab.it\/pt-pt\/","logo":{"@type":"ImageObject","inLanguage":"pt-PT","@id":"https:\/\/mpfiltri4.addictionlab.it\/pt-pt\/#\/schema\/logo\/image\/","url":"","contentUrl":"","caption":"MP Filtri"},"image":{"@id":"https:\/\/mpfiltri4.addictionlab.it\/pt-pt\/#\/schema\/logo\/image\/"},"sameAs":["https:\/\/www.facebook.com\/MPFiltriITA","https:\/\/www.instagram.com\/mpfiltri\/","https:\/\/www.youtube.com\/channel\/UCCzNMySYc1c4M-2B4v0K_QA?view_as=subscriber","https:\/\/www.linkedin.com\/company\/mp-filtri-spa\/"]}]}},"featured_image_src":null,"featured_image_src_square":null,"_links":{"self":[{"href":"https:\/\/mpfiltri4.addictionlab.it\/pt-pt\/wp-json\/wp\/v2\/pages\/34944","targetHints":{"allow":["GET"]}}],"collection":[{"href":"https:\/\/mpfiltri4.addictionlab.it\/pt-pt\/wp-json\/wp\/v2\/pages"}],"about":[{"href":"https:\/\/mpfiltri4.addictionlab.it\/pt-pt\/wp-json\/wp\/v2\/types\/page"}],"author":[{"embeddable":true,"href":"https:\/\/mpfiltri4.addictionlab.it\/pt-pt\/wp-json\/wp\/v2\/users\/2"}],"replies":[{"embeddable":true,"href":"https:\/\/mpfiltri4.addictionlab.it\/pt-pt\/wp-json\/wp\/v2\/comments?post=34944"}],"version-history":[{"count":5,"href":"https:\/\/mpfiltri4.addictionlab.it\/pt-pt\/wp-json\/wp\/v2\/pages\/34944\/revisions"}],"predecessor-version":[{"id":72791,"href":"https:\/\/mpfiltri4.addictionlab.it\/pt-pt\/wp-json\/wp\/v2\/pages\/34944\/revisions\/72791"}],"wp:attachment":[{"href":"https:\/\/mpfiltri4.addictionlab.it\/pt-pt\/wp-json\/wp\/v2\/media?parent=34944"}],"curies":[{"name":"wp","href":"https:\/\/api.w.org\/{rel}","templated":true}]}}