

{"id":76171,"date":"2025-06-16T16:40:13","date_gmt":"2025-06-16T14:40:13","guid":{"rendered":"https:\/\/mpfiltri4.addictionlab.it\/product\/prodotto\/"},"modified":"2026-04-07T17:53:54","modified_gmt":"2026-04-07T15:53:54","slug":"lmp-430-431","status":"publish","type":"product","link":"https:\/\/mpfiltri4.addictionlab.it\/it\/prodotto\/lmp-430-431\/","title":{"rendered":"LMP 430 &#8211; 431"},"content":{"rendered":"<p>Filtri in linea con tappo di scarico (LMP 400-401) e tappo di sfiato per montaggio rovesciato (LMP 430-431). Connessioni filettate da 1 1\/2&#8243;&#8221; a 2&#8243;&#8221; BSP\/NPT\/SAE e flangiate 2&#8243;&#8221; e 2 1\/2&#8243;&#8221; SAE 3000 PSI.<\/p>\n<p>Filtri in linea per applicazioni ad alte portate ed alta viscosit\u00e0, con una vasta gamma di materiali per gli elementi filtranti, possiedono ampia superficie filtrante ed alta capacit\u00e0 di accumulo risultando particolarmente adatti ai circuiti di filtrazione off-line. \u00c8 possibile richiedere il design con montaggio rovesciato e cambio cartuccia verso l`alto nelle lunghezze 5 e 6 per agevolare le operazioni di manutenzione e cambio elemento riducendo al minimo le perdite di olio. Disponibile elemento filtrante per la rimozione dell`acqua in opzione.<\/p>\n<p>Per la compatibilit\u00e0 sui fluidi consultare la relativa tabella.<\/p>\n","protected":false},"excerpt":{"rendered":"<p>Filtri in linea con tappo di scarico (LMP 400-401) e tappo di sfiato per montaggio rovesciato (LMP 430-431). Connessioni filettate da 1 1\/2&#8243;&#8221; a 2&#8243;&#8221; BSP\/NPT\/SAE e flangiate 2&#8243;&#8221; e 2 1\/2&#8243;&#8221; SAE 3000 PSI. Filtri in linea per applicazioni ad alte portate ed alta viscosit\u00e0, con una vasta gamma di materiali per gli elementi [&hellip;]<\/p>\n","protected":false},"featured_media":0,"comment_status":"open","ping_status":"closed","template":"","meta":{"_acf_changed":false,"_gspb_post_css":"","inline_featured_image":false,"_genesis_hide_title":false,"_genesis_hide_breadcrumbs":false,"_genesis_hide_singular_image":false,"_genesis_hide_footer_widgets":false,"_genesis_custom_body_class":"","_genesis_custom_post_class":"","_genesis_layout":"","_links_to":"","_links_to_target":""},"product-structure":[62],"product_brand":[],"product_cat":[13252,13287,13203,13224,13280,13273,13189,13259,13266],"product_tag":[],"class_list":{"0":"post-76171","1":"product","2":"type-product","3":"status-publish","5":"product-structure-series","6":"product_cat-imballaggi-cibo-e-bevande","7":"product_cat-impianti-oleodinamici","8":"product_cat-industria-mineraria","9":"product_cat-industrial-equipment","10":"product_cat-lubrificazione-e-flussaggio-offline-dei-macchinari","11":"product_cat-macchine-di-formatura-per-ceramica-e-marmo-plastica-gomma-metalli","12":"product_cat-mobile-equipment","13":"product_cat-tessile","14":"product_cat-trattamento-dei-rifiuti","15":"entry","17":"first","18":"instock","19":"shipping-taxable","20":"product-type-simple"},"acf":[],"yoast_head":"<!-- This site is optimized with the Yoast SEO plugin v27.1.1 - https:\/\/yoast.com\/product\/yoast-seo-wordpress\/ -->\n<title>LMP 430 - 431 - MP Filtri<\/title>\n<meta name=\"robots\" content=\"index, follow, max-snippet:-1, max-image-preview:large, max-video-preview:-1\" \/>\n<link rel=\"canonical\" href=\"https:\/\/mpfiltri4.addictionlab.it\/it\/prodotto\/lmp-430-431\/\" \/>\n<meta property=\"og:locale\" content=\"it_IT\" \/>\n<meta property=\"og:type\" content=\"article\" \/>\n<meta property=\"og:title\" content=\"LMP 430 - 431 - MP Filtri\" \/>\n<meta property=\"og:description\" content=\"Filtri in linea con tappo di scarico (LMP 400-401) e tappo di sfiato per montaggio rovesciato (LMP 430-431). Connessioni filettate da 1 1\/2&#8243;&#8221; a 2&#8243;&#8221; BSP\/NPT\/SAE e flangiate 2&#8243;&#8221; e 2 1\/2&#8243;&#8221; SAE 3000 PSI. Filtri in linea per applicazioni ad alte portate ed alta viscosit\u00e0, con una vasta gamma di materiali per gli elementi [&hellip;]\" \/>\n<meta property=\"og:url\" content=\"https:\/\/mpfiltri4.addictionlab.it\/it\/prodotto\/lmp-430-431\/\" \/>\n<meta property=\"og:site_name\" content=\"MP Filtri\" \/>\n<meta property=\"article:publisher\" content=\"https:\/\/www.facebook.com\/MPFiltriITA\" \/>\n<meta property=\"article:modified_time\" content=\"2026-04-07T15:53:54+00:00\" \/>\n<meta name=\"twitter:card\" content=\"summary_large_image\" \/>\n<meta name=\"twitter:label1\" content=\"Tempo di lettura stimato\" \/>\n\t<meta name=\"twitter:data1\" content=\"1 minuto\" \/>\n<script type=\"application\/ld+json\" class=\"yoast-schema-graph\">{\"@context\":\"https:\/\/schema.org\",\"@graph\":[{\"@type\":\"WebPage\",\"@id\":\"https:\/\/mpfiltri4.addictionlab.it\/it\/prodotto\/lmp-430-431\/\",\"url\":\"https:\/\/mpfiltri4.addictionlab.it\/it\/prodotto\/lmp-430-431\/\",\"name\":\"LMP 430 - 431 - MP Filtri\",\"isPartOf\":{\"@id\":\"https:\/\/mpfiltri4.addictionlab.it\/it\/#website\"},\"datePublished\":\"2025-06-16T14:40:13+00:00\",\"dateModified\":\"2026-04-07T15:53:54+00:00\",\"breadcrumb\":{\"@id\":\"https:\/\/mpfiltri4.addictionlab.it\/it\/prodotto\/lmp-430-431\/#breadcrumb\"},\"inLanguage\":\"it-IT\",\"potentialAction\":[{\"@type\":\"ReadAction\",\"target\":[\"https:\/\/mpfiltri4.addictionlab.it\/it\/prodotto\/lmp-430-431\/\"]}]},{\"@type\":\"BreadcrumbList\",\"@id\":\"https:\/\/mpfiltri4.addictionlab.it\/it\/prodotto\/lmp-430-431\/#breadcrumb\",\"itemListElement\":[{\"@type\":\"ListItem\",\"position\":1,\"name\":\"Home\",\"item\":\"https:\/\/mpfiltri4.addictionlab.it\/it\/\"},{\"@type\":\"ListItem\",\"position\":2,\"name\":\"Prodotti\",\"item\":\"https:\/\/mpfiltri4.addictionlab.it\/it\/shop\/\"},{\"@type\":\"ListItem\",\"position\":3,\"name\":\"LMP 430 &#8211; 431\"}]},{\"@type\":\"WebSite\",\"@id\":\"https:\/\/mpfiltri4.addictionlab.it\/it\/#website\",\"url\":\"https:\/\/mpfiltri4.addictionlab.it\/it\/\",\"name\":\"MP Filtri\",\"description\":\"\",\"publisher\":{\"@id\":\"https:\/\/mpfiltri4.addictionlab.it\/it\/#organization\"},\"potentialAction\":[{\"@type\":\"SearchAction\",\"target\":{\"@type\":\"EntryPoint\",\"urlTemplate\":\"https:\/\/mpfiltri4.addictionlab.it\/it\/?s={search_term_string}\"},\"query-input\":{\"@type\":\"PropertyValueSpecification\",\"valueRequired\":true,\"valueName\":\"search_term_string\"}}],\"inLanguage\":\"it-IT\"},{\"@type\":\"Organization\",\"@id\":\"https:\/\/mpfiltri4.addictionlab.it\/it\/#organization\",\"name\":\"MP Filtri\",\"url\":\"https:\/\/mpfiltri4.addictionlab.it\/it\/\",\"logo\":{\"@type\":\"ImageObject\",\"inLanguage\":\"it-IT\",\"@id\":\"https:\/\/mpfiltri4.addictionlab.it\/it\/#\/schema\/logo\/image\/\",\"url\":\"\",\"contentUrl\":\"\",\"caption\":\"MP Filtri\"},\"image\":{\"@id\":\"https:\/\/mpfiltri4.addictionlab.it\/it\/#\/schema\/logo\/image\/\"},\"sameAs\":[\"https:\/\/www.facebook.com\/MPFiltriITA\",\"https:\/\/www.instagram.com\/mpfiltri\/\",\"https:\/\/www.youtube.com\/channel\/UCCzNMySYc1c4M-2B4v0K_QA?view_as=subscriber\",\"https:\/\/www.linkedin.com\/company\/mp-filtri-spa\/\"]}]}<\/script>\n<!-- \/ Yoast SEO plugin. -->","yoast_head_json":{"title":"LMP 430 - 431 - MP Filtri","robots":{"index":"index","follow":"follow","max-snippet":"max-snippet:-1","max-image-preview":"max-image-preview:large","max-video-preview":"max-video-preview:-1"},"canonical":"https:\/\/mpfiltri4.addictionlab.it\/it\/prodotto\/lmp-430-431\/","og_locale":"it_IT","og_type":"article","og_title":"LMP 430 - 431 - MP Filtri","og_description":"Filtri in linea con tappo di scarico (LMP 400-401) e tappo di sfiato per montaggio rovesciato (LMP 430-431). Connessioni filettate da 1 1\/2&#8243;&#8221; a 2&#8243;&#8221; BSP\/NPT\/SAE e flangiate 2&#8243;&#8221; e 2 1\/2&#8243;&#8221; SAE 3000 PSI. Filtri in linea per applicazioni ad alte portate ed alta viscosit\u00e0, con una vasta gamma di materiali per gli elementi [&hellip;]","og_url":"https:\/\/mpfiltri4.addictionlab.it\/it\/prodotto\/lmp-430-431\/","og_site_name":"MP Filtri","article_publisher":"https:\/\/www.facebook.com\/MPFiltriITA","article_modified_time":"2026-04-07T15:53:54+00:00","twitter_card":"summary_large_image","twitter_misc":{"Tempo di lettura stimato":"1 minuto"},"schema":{"@context":"https:\/\/schema.org","@graph":[{"@type":"WebPage","@id":"https:\/\/mpfiltri4.addictionlab.it\/it\/prodotto\/lmp-430-431\/","url":"https:\/\/mpfiltri4.addictionlab.it\/it\/prodotto\/lmp-430-431\/","name":"LMP 430 - 431 - MP Filtri","isPartOf":{"@id":"https:\/\/mpfiltri4.addictionlab.it\/it\/#website"},"datePublished":"2025-06-16T14:40:13+00:00","dateModified":"2026-04-07T15:53:54+00:00","breadcrumb":{"@id":"https:\/\/mpfiltri4.addictionlab.it\/it\/prodotto\/lmp-430-431\/#breadcrumb"},"inLanguage":"it-IT","potentialAction":[{"@type":"ReadAction","target":["https:\/\/mpfiltri4.addictionlab.it\/it\/prodotto\/lmp-430-431\/"]}]},{"@type":"BreadcrumbList","@id":"https:\/\/mpfiltri4.addictionlab.it\/it\/prodotto\/lmp-430-431\/#breadcrumb","itemListElement":[{"@type":"ListItem","position":1,"name":"Home","item":"https:\/\/mpfiltri4.addictionlab.it\/it\/"},{"@type":"ListItem","position":2,"name":"Prodotti","item":"https:\/\/mpfiltri4.addictionlab.it\/it\/shop\/"},{"@type":"ListItem","position":3,"name":"LMP 430 &#8211; 431"}]},{"@type":"WebSite","@id":"https:\/\/mpfiltri4.addictionlab.it\/it\/#website","url":"https:\/\/mpfiltri4.addictionlab.it\/it\/","name":"MP Filtri","description":"","publisher":{"@id":"https:\/\/mpfiltri4.addictionlab.it\/it\/#organization"},"potentialAction":[{"@type":"SearchAction","target":{"@type":"EntryPoint","urlTemplate":"https:\/\/mpfiltri4.addictionlab.it\/it\/?s={search_term_string}"},"query-input":{"@type":"PropertyValueSpecification","valueRequired":true,"valueName":"search_term_string"}}],"inLanguage":"it-IT"},{"@type":"Organization","@id":"https:\/\/mpfiltri4.addictionlab.it\/it\/#organization","name":"MP Filtri","url":"https:\/\/mpfiltri4.addictionlab.it\/it\/","logo":{"@type":"ImageObject","inLanguage":"it-IT","@id":"https:\/\/mpfiltri4.addictionlab.it\/it\/#\/schema\/logo\/image\/","url":"","contentUrl":"","caption":"MP Filtri"},"image":{"@id":"https:\/\/mpfiltri4.addictionlab.it\/it\/#\/schema\/logo\/image\/"},"sameAs":["https:\/\/www.facebook.com\/MPFiltriITA","https:\/\/www.instagram.com\/mpfiltri\/","https:\/\/www.youtube.com\/channel\/UCCzNMySYc1c4M-2B4v0K_QA?view_as=subscriber","https:\/\/www.linkedin.com\/company\/mp-filtri-spa\/"]}]}},"_links":{"self":[{"href":"https:\/\/mpfiltri4.addictionlab.it\/it\/wp-json\/wp\/v2\/product\/76171","targetHints":{"allow":["GET"]}}],"collection":[{"href":"https:\/\/mpfiltri4.addictionlab.it\/it\/wp-json\/wp\/v2\/product"}],"about":[{"href":"https:\/\/mpfiltri4.addictionlab.it\/it\/wp-json\/wp\/v2\/types\/product"}],"replies":[{"embeddable":true,"href":"https:\/\/mpfiltri4.addictionlab.it\/it\/wp-json\/wp\/v2\/comments?post=76171"}],"wp:attachment":[{"href":"https:\/\/mpfiltri4.addictionlab.it\/it\/wp-json\/wp\/v2\/media?parent=76171"}],"wp:term":[{"taxonomy":"product-structure","embeddable":true,"href":"https:\/\/mpfiltri4.addictionlab.it\/it\/wp-json\/wp\/v2\/product-structure?post=76171"},{"taxonomy":"product_brand","embeddable":true,"href":"https:\/\/mpfiltri4.addictionlab.it\/it\/wp-json\/wp\/v2\/product_brand?post=76171"},{"taxonomy":"product_cat","embeddable":true,"href":"https:\/\/mpfiltri4.addictionlab.it\/it\/wp-json\/wp\/v2\/product_cat?post=76171"},{"taxonomy":"product_tag","embeddable":true,"href":"https:\/\/mpfiltri4.addictionlab.it\/it\/wp-json\/wp\/v2\/product_tag?post=76171"}],"curies":[{"name":"wp","href":"https:\/\/api.w.org\/{rel}","templated":true}]}}