

{"id":81078,"date":"2026-04-02T15:26:37","date_gmt":"2026-04-02T13:26:37","guid":{"rendered":"https:\/\/mpfiltri4.addictionlab.it\/product\/produit-3\/"},"modified":"2026-04-07T17:52:38","modified_gmt":"2026-04-07T15:52:38","slug":"filtres-industriels-a-haute-capacite","status":"publish","type":"product","link":"https:\/\/mpfiltri4.addictionlab.it\/fr\/product\/filtres-industriels-a-haute-capacite\/","title":{"rendered":"Filtres industriels \u00e0 haute capacit\u00e9"},"content":{"rendered":"<p>Filtres industriels \u00e0 haute capacit\u00e9 MLPX\/MLPC (simplex) et MLDX\/MLDC (duplex), con\u00e7us pour les syst\u00e8mes de lubrification et de filtration \u00e0 haut d\u00e9bit. Les MLPX\/MLPC offrent une solution compacte \u00e0 logement unique pour les op\u00e9rations standard, tandis que les MLDX\/MLDC garantissent un fonctionnement continu gr\u00e2ce \u00e0 une conception \u00e0 double chambre permettant la maintenance sans arr\u00eat du syst\u00e8me. Les deux assurent une haute efficacit\u00e9, une faible perte de pression et des performances fiables dans des environnements industriels exigeants.<\/p>\n","protected":false},"excerpt":{"rendered":"<p>Filtres industriels \u00e0 haute capacit\u00e9 MLPX\/MLPC (simplex) et MLDX\/MLDC (duplex), con\u00e7us pour les syst\u00e8mes de lubrification et de filtration \u00e0 haut d\u00e9bit. Les MLPX\/MLPC offrent une solution compacte \u00e0 logement unique pour les op\u00e9rations standard, tandis que les MLDX\/MLDC garantissent un fonctionnement continu gr\u00e2ce \u00e0 une conception \u00e0 double chambre permettant la maintenance sans arr\u00eat [&hellip;]<\/p>\n","protected":false},"featured_media":81079,"comment_status":"open","ping_status":"closed","template":"","meta":{"_acf_changed":false,"_gspb_post_css":"","inline_featured_image":false,"_genesis_hide_title":false,"_genesis_hide_breadcrumbs":false,"_genesis_hide_singular_image":false,"_genesis_hide_footer_widgets":false,"_genesis_custom_body_class":"","_genesis_custom_post_class":"","_genesis_layout":"","_links_to":"","_links_to_target":""},"product-structure":[61],"product_brand":[],"product_cat":[],"product_tag":[],"class_list":{"0":"post-81078","1":"product","2":"type-product","3":"status-publish","4":"has-post-thumbnail","6":"product-structure-family","7":"entry","9":"first","10":"instock","11":"shipping-taxable","12":"product-type-simple"},"acf":[],"yoast_head":"<!-- This site is optimized with the Yoast SEO plugin v27.1.1 - https:\/\/yoast.com\/product\/yoast-seo-wordpress\/ -->\n<title>Filtres industriels \u00e0 haute capacit\u00e9 - MP Filtri<\/title>\n<meta name=\"robots\" content=\"index, follow, max-snippet:-1, max-image-preview:large, max-video-preview:-1\" \/>\n<link rel=\"canonical\" href=\"https:\/\/mpfiltri4.addictionlab.it\/fr\/product\/filtres-industriels-a-haute-capacite\/\" \/>\n<meta property=\"og:locale\" content=\"fr_FR\" \/>\n<meta property=\"og:type\" content=\"article\" \/>\n<meta property=\"og:title\" content=\"Filtres industriels \u00e0 haute capacit\u00e9 - MP Filtri\" \/>\n<meta property=\"og:description\" content=\"Filtres industriels \u00e0 haute capacit\u00e9 MLPX\/MLPC (simplex) et MLDX\/MLDC (duplex), con\u00e7us pour les syst\u00e8mes de lubrification et de filtration \u00e0 haut d\u00e9bit. Les MLPX\/MLPC offrent une solution compacte \u00e0 logement unique pour les op\u00e9rations standard, tandis que les MLDX\/MLDC garantissent un fonctionnement continu gr\u00e2ce \u00e0 une conception \u00e0 double chambre permettant la maintenance sans arr\u00eat [&hellip;]\" \/>\n<meta property=\"og:url\" content=\"https:\/\/mpfiltri4.addictionlab.it\/fr\/product\/filtres-industriels-a-haute-capacite\/\" \/>\n<meta property=\"og:site_name\" content=\"MP Filtri\" \/>\n<meta property=\"article:publisher\" content=\"https:\/\/www.facebook.com\/MPFiltriITA\" \/>\n<meta property=\"article:modified_time\" content=\"2026-04-07T15:52:38+00:00\" \/>\n<meta property=\"og:image\" content=\"https:\/\/mpfiltri4.addictionlab.it\/wp-content\/uploads\/2026\/04\/hf-saldati-mldx-mldc-2.png\" \/>\n\t<meta property=\"og:image:width\" content=\"700\" \/>\n\t<meta property=\"og:image:height\" content=\"700\" \/>\n\t<meta property=\"og:image:type\" content=\"image\/png\" \/>\n<meta name=\"twitter:card\" content=\"summary_large_image\" \/>\n<script type=\"application\/ld+json\" class=\"yoast-schema-graph\">{\"@context\":\"https:\/\/schema.org\",\"@graph\":[{\"@type\":\"WebPage\",\"@id\":\"https:\/\/mpfiltri4.addictionlab.it\/fr\/product\/filtres-industriels-a-haute-capacite\/\",\"url\":\"https:\/\/mpfiltri4.addictionlab.it\/fr\/product\/filtres-industriels-a-haute-capacite\/\",\"name\":\"Filtres industriels \u00e0 haute capacit\u00e9 - MP Filtri\",\"isPartOf\":{\"@id\":\"https:\/\/mpfiltri4.addictionlab.it\/fr\/#website\"},\"primaryImageOfPage\":{\"@id\":\"https:\/\/mpfiltri4.addictionlab.it\/fr\/product\/filtres-industriels-a-haute-capacite\/#primaryimage\"},\"image\":{\"@id\":\"https:\/\/mpfiltri4.addictionlab.it\/fr\/product\/filtres-industriels-a-haute-capacite\/#primaryimage\"},\"thumbnailUrl\":\"https:\/\/mpfiltri4.addictionlab.it\/wp-content\/uploads\/2026\/04\/hf-saldati-mldx-mldc-2.png\",\"datePublished\":\"2026-04-02T13:26:37+00:00\",\"dateModified\":\"2026-04-07T15:52:38+00:00\",\"breadcrumb\":{\"@id\":\"https:\/\/mpfiltri4.addictionlab.it\/fr\/product\/filtres-industriels-a-haute-capacite\/#breadcrumb\"},\"inLanguage\":\"fr-FR\",\"potentialAction\":[{\"@type\":\"ReadAction\",\"target\":[\"https:\/\/mpfiltri4.addictionlab.it\/fr\/product\/filtres-industriels-a-haute-capacite\/\"]}]},{\"@type\":\"ImageObject\",\"inLanguage\":\"fr-FR\",\"@id\":\"https:\/\/mpfiltri4.addictionlab.it\/fr\/product\/filtres-industriels-a-haute-capacite\/#primaryimage\",\"url\":\"https:\/\/mpfiltri4.addictionlab.it\/wp-content\/uploads\/2026\/04\/hf-saldati-mldx-mldc-2.png\",\"contentUrl\":\"https:\/\/mpfiltri4.addictionlab.it\/wp-content\/uploads\/2026\/04\/hf-saldati-mldx-mldc-2.png\",\"width\":700,\"height\":700},{\"@type\":\"BreadcrumbList\",\"@id\":\"https:\/\/mpfiltri4.addictionlab.it\/fr\/product\/filtres-industriels-a-haute-capacite\/#breadcrumb\",\"itemListElement\":[{\"@type\":\"ListItem\",\"position\":1,\"name\":\"Home\",\"item\":\"https:\/\/mpfiltri4.addictionlab.it\/fr\/\"},{\"@type\":\"ListItem\",\"position\":2,\"name\":\"Produits\",\"item\":\"https:\/\/mpfiltri4.addictionlab.it\/fr\/shop\/\"},{\"@type\":\"ListItem\",\"position\":3,\"name\":\"Filtres industriels \u00e0 haute capacit\u00e9\"}]},{\"@type\":\"WebSite\",\"@id\":\"https:\/\/mpfiltri4.addictionlab.it\/fr\/#website\",\"url\":\"https:\/\/mpfiltri4.addictionlab.it\/fr\/\",\"name\":\"MP Filtri\",\"description\":\"\",\"publisher\":{\"@id\":\"https:\/\/mpfiltri4.addictionlab.it\/fr\/#organization\"},\"potentialAction\":[{\"@type\":\"SearchAction\",\"target\":{\"@type\":\"EntryPoint\",\"urlTemplate\":\"https:\/\/mpfiltri4.addictionlab.it\/fr\/?s={search_term_string}\"},\"query-input\":{\"@type\":\"PropertyValueSpecification\",\"valueRequired\":true,\"valueName\":\"search_term_string\"}}],\"inLanguage\":\"fr-FR\"},{\"@type\":\"Organization\",\"@id\":\"https:\/\/mpfiltri4.addictionlab.it\/fr\/#organization\",\"name\":\"MP Filtri\",\"url\":\"https:\/\/mpfiltri4.addictionlab.it\/fr\/\",\"logo\":{\"@type\":\"ImageObject\",\"inLanguage\":\"fr-FR\",\"@id\":\"https:\/\/mpfiltri4.addictionlab.it\/fr\/#\/schema\/logo\/image\/\",\"url\":\"\",\"contentUrl\":\"\",\"caption\":\"MP Filtri\"},\"image\":{\"@id\":\"https:\/\/mpfiltri4.addictionlab.it\/fr\/#\/schema\/logo\/image\/\"},\"sameAs\":[\"https:\/\/www.facebook.com\/MPFiltriITA\",\"https:\/\/www.instagram.com\/mpfiltri\/\",\"https:\/\/www.youtube.com\/channel\/UCCzNMySYc1c4M-2B4v0K_QA?view_as=subscriber\",\"https:\/\/www.linkedin.com\/company\/mp-filtri-spa\/\"]}]}<\/script>\n<!-- \/ Yoast SEO plugin. -->","yoast_head_json":{"title":"Filtres industriels \u00e0 haute capacit\u00e9 - MP Filtri","robots":{"index":"index","follow":"follow","max-snippet":"max-snippet:-1","max-image-preview":"max-image-preview:large","max-video-preview":"max-video-preview:-1"},"canonical":"https:\/\/mpfiltri4.addictionlab.it\/fr\/product\/filtres-industriels-a-haute-capacite\/","og_locale":"fr_FR","og_type":"article","og_title":"Filtres industriels \u00e0 haute capacit\u00e9 - MP Filtri","og_description":"Filtres industriels \u00e0 haute capacit\u00e9 MLPX\/MLPC (simplex) et MLDX\/MLDC (duplex), con\u00e7us pour les syst\u00e8mes de lubrification et de filtration \u00e0 haut d\u00e9bit. Les MLPX\/MLPC offrent une solution compacte \u00e0 logement unique pour les op\u00e9rations standard, tandis que les MLDX\/MLDC garantissent un fonctionnement continu gr\u00e2ce \u00e0 une conception \u00e0 double chambre permettant la maintenance sans arr\u00eat [&hellip;]","og_url":"https:\/\/mpfiltri4.addictionlab.it\/fr\/product\/filtres-industriels-a-haute-capacite\/","og_site_name":"MP Filtri","article_publisher":"https:\/\/www.facebook.com\/MPFiltriITA","article_modified_time":"2026-04-07T15:52:38+00:00","og_image":[{"width":700,"height":700,"url":"https:\/\/mpfiltri4.addictionlab.it\/wp-content\/uploads\/2026\/04\/hf-saldati-mldx-mldc-2.png","type":"image\/png"}],"twitter_card":"summary_large_image","schema":{"@context":"https:\/\/schema.org","@graph":[{"@type":"WebPage","@id":"https:\/\/mpfiltri4.addictionlab.it\/fr\/product\/filtres-industriels-a-haute-capacite\/","url":"https:\/\/mpfiltri4.addictionlab.it\/fr\/product\/filtres-industriels-a-haute-capacite\/","name":"Filtres industriels \u00e0 haute capacit\u00e9 - MP Filtri","isPartOf":{"@id":"https:\/\/mpfiltri4.addictionlab.it\/fr\/#website"},"primaryImageOfPage":{"@id":"https:\/\/mpfiltri4.addictionlab.it\/fr\/product\/filtres-industriels-a-haute-capacite\/#primaryimage"},"image":{"@id":"https:\/\/mpfiltri4.addictionlab.it\/fr\/product\/filtres-industriels-a-haute-capacite\/#primaryimage"},"thumbnailUrl":"https:\/\/mpfiltri4.addictionlab.it\/wp-content\/uploads\/2026\/04\/hf-saldati-mldx-mldc-2.png","datePublished":"2026-04-02T13:26:37+00:00","dateModified":"2026-04-07T15:52:38+00:00","breadcrumb":{"@id":"https:\/\/mpfiltri4.addictionlab.it\/fr\/product\/filtres-industriels-a-haute-capacite\/#breadcrumb"},"inLanguage":"fr-FR","potentialAction":[{"@type":"ReadAction","target":["https:\/\/mpfiltri4.addictionlab.it\/fr\/product\/filtres-industriels-a-haute-capacite\/"]}]},{"@type":"ImageObject","inLanguage":"fr-FR","@id":"https:\/\/mpfiltri4.addictionlab.it\/fr\/product\/filtres-industriels-a-haute-capacite\/#primaryimage","url":"https:\/\/mpfiltri4.addictionlab.it\/wp-content\/uploads\/2026\/04\/hf-saldati-mldx-mldc-2.png","contentUrl":"https:\/\/mpfiltri4.addictionlab.it\/wp-content\/uploads\/2026\/04\/hf-saldati-mldx-mldc-2.png","width":700,"height":700},{"@type":"BreadcrumbList","@id":"https:\/\/mpfiltri4.addictionlab.it\/fr\/product\/filtres-industriels-a-haute-capacite\/#breadcrumb","itemListElement":[{"@type":"ListItem","position":1,"name":"Home","item":"https:\/\/mpfiltri4.addictionlab.it\/fr\/"},{"@type":"ListItem","position":2,"name":"Produits","item":"https:\/\/mpfiltri4.addictionlab.it\/fr\/shop\/"},{"@type":"ListItem","position":3,"name":"Filtres industriels \u00e0 haute capacit\u00e9"}]},{"@type":"WebSite","@id":"https:\/\/mpfiltri4.addictionlab.it\/fr\/#website","url":"https:\/\/mpfiltri4.addictionlab.it\/fr\/","name":"MP Filtri","description":"","publisher":{"@id":"https:\/\/mpfiltri4.addictionlab.it\/fr\/#organization"},"potentialAction":[{"@type":"SearchAction","target":{"@type":"EntryPoint","urlTemplate":"https:\/\/mpfiltri4.addictionlab.it\/fr\/?s={search_term_string}"},"query-input":{"@type":"PropertyValueSpecification","valueRequired":true,"valueName":"search_term_string"}}],"inLanguage":"fr-FR"},{"@type":"Organization","@id":"https:\/\/mpfiltri4.addictionlab.it\/fr\/#organization","name":"MP Filtri","url":"https:\/\/mpfiltri4.addictionlab.it\/fr\/","logo":{"@type":"ImageObject","inLanguage":"fr-FR","@id":"https:\/\/mpfiltri4.addictionlab.it\/fr\/#\/schema\/logo\/image\/","url":"","contentUrl":"","caption":"MP Filtri"},"image":{"@id":"https:\/\/mpfiltri4.addictionlab.it\/fr\/#\/schema\/logo\/image\/"},"sameAs":["https:\/\/www.facebook.com\/MPFiltriITA","https:\/\/www.instagram.com\/mpfiltri\/","https:\/\/www.youtube.com\/channel\/UCCzNMySYc1c4M-2B4v0K_QA?view_as=subscriber","https:\/\/www.linkedin.com\/company\/mp-filtri-spa\/"]}]}},"_links":{"self":[{"href":"https:\/\/mpfiltri4.addictionlab.it\/fr\/wp-json\/wp\/v2\/product\/81078","targetHints":{"allow":["GET"]}}],"collection":[{"href":"https:\/\/mpfiltri4.addictionlab.it\/fr\/wp-json\/wp\/v2\/product"}],"about":[{"href":"https:\/\/mpfiltri4.addictionlab.it\/fr\/wp-json\/wp\/v2\/types\/product"}],"replies":[{"embeddable":true,"href":"https:\/\/mpfiltri4.addictionlab.it\/fr\/wp-json\/wp\/v2\/comments?post=81078"}],"wp:featuredmedia":[{"embeddable":true,"href":"https:\/\/mpfiltri4.addictionlab.it\/fr\/wp-json\/wp\/v2\/media\/81079"}],"wp:attachment":[{"href":"https:\/\/mpfiltri4.addictionlab.it\/fr\/wp-json\/wp\/v2\/media?parent=81078"}],"wp:term":[{"taxonomy":"product-structure","embeddable":true,"href":"https:\/\/mpfiltri4.addictionlab.it\/fr\/wp-json\/wp\/v2\/product-structure?post=81078"},{"taxonomy":"product_brand","embeddable":true,"href":"https:\/\/mpfiltri4.addictionlab.it\/fr\/wp-json\/wp\/v2\/product_brand?post=81078"},{"taxonomy":"product_cat","embeddable":true,"href":"https:\/\/mpfiltri4.addictionlab.it\/fr\/wp-json\/wp\/v2\/product_cat?post=81078"},{"taxonomy":"product_tag","embeddable":true,"href":"https:\/\/mpfiltri4.addictionlab.it\/fr\/wp-json\/wp\/v2\/product_tag?post=81078"}],"curies":[{"name":"wp","href":"https:\/\/api.w.org\/{rel}","templated":true}]}}