

{"id":81071,"date":"2026-04-02T15:26:32","date_gmt":"2026-04-02T13:26:32","guid":{"rendered":"https:\/\/mpfiltri4.addictionlab.it\/product\/produit-3\/"},"modified":"2026-04-07T17:52:39","modified_gmt":"2026-04-07T15:52:39","slug":"mlpx-mlpc-simplex","status":"publish","type":"product","link":"https:\/\/mpfiltri4.addictionlab.it\/fr\/product\/mlpx-mlpc-simplex\/","title":{"rendered":"MLPX &#8211; MLPC (SIMPLEX)"},"content":{"rendered":"<p>Filtres industriels simplex \u00e0 haute capacit\u00e9 con\u00e7us pour des applications \u00e0 basse pression dans les syst\u00e8mes de lubrification et de filtration. La gamme MLPX \/ MLPC garantit des performances fiables gr\u00e2ce \u00e0 de grandes surfaces de filtration, une configuration d\u2019\u00e9l\u00e9ments en parall\u00e8le et un flux optimis\u00e9, assurant une \u00e9limination efficace des contaminants, une r\u00e9duction de la perte de charge et une am\u00e9lioration de la propret\u00e9 du syst\u00e8me dans des environnements industriels exigeants.<\/p>\n","protected":false},"excerpt":{"rendered":"<p>Filtres industriels simplex \u00e0 haute capacit\u00e9 con\u00e7us pour des applications \u00e0 basse pression dans les syst\u00e8mes de lubrification et de filtration. La gamme MLPX \/ MLPC garantit des performances fiables gr\u00e2ce \u00e0 de grandes surfaces de filtration, une configuration d\u2019\u00e9l\u00e9ments en parall\u00e8le et un flux optimis\u00e9, assurant une \u00e9limination efficace des contaminants, une r\u00e9duction de [&hellip;]<\/p>\n","protected":false},"featured_media":0,"comment_status":"open","ping_status":"closed","template":"","meta":{"_acf_changed":false,"_gspb_post_css":"","inline_featured_image":false,"_genesis_hide_title":false,"_genesis_hide_breadcrumbs":false,"_genesis_hide_singular_image":false,"_genesis_hide_footer_widgets":false,"_genesis_custom_body_class":"","_genesis_custom_post_class":"","_genesis_layout":"","_links_to":"","_links_to_target":""},"product-structure":[62],"product_brand":[],"product_cat":[],"product_tag":[],"class_list":{"0":"post-81071","1":"product","2":"type-product","3":"status-publish","5":"product-structure-series","6":"entry","8":"first","9":"instock","10":"shipping-taxable","11":"product-type-simple"},"acf":[],"yoast_head":"<!-- This site is optimized with the Yoast SEO plugin v27.1.1 - https:\/\/yoast.com\/product\/yoast-seo-wordpress\/ -->\n<title>MLPX - MLPC (SIMPLEX) - MP Filtri<\/title>\n<meta name=\"robots\" content=\"index, follow, max-snippet:-1, max-image-preview:large, max-video-preview:-1\" \/>\n<link rel=\"canonical\" href=\"https:\/\/mpfiltri4.addictionlab.it\/fr\/product\/mlpx-mlpc-simplex\/\" \/>\n<meta property=\"og:locale\" content=\"fr_FR\" \/>\n<meta property=\"og:type\" content=\"article\" \/>\n<meta property=\"og:title\" content=\"MLPX - MLPC (SIMPLEX) - MP Filtri\" \/>\n<meta property=\"og:description\" content=\"Filtres industriels simplex \u00e0 haute capacit\u00e9 con\u00e7us pour des applications \u00e0 basse pression dans les syst\u00e8mes de lubrification et de filtration. La gamme MLPX \/ MLPC garantit des performances fiables gr\u00e2ce \u00e0 de grandes surfaces de filtration, une configuration d\u2019\u00e9l\u00e9ments en parall\u00e8le et un flux optimis\u00e9, assurant une \u00e9limination efficace des contaminants, une r\u00e9duction de [&hellip;]\" \/>\n<meta property=\"og:url\" content=\"https:\/\/mpfiltri4.addictionlab.it\/fr\/product\/mlpx-mlpc-simplex\/\" \/>\n<meta property=\"og:site_name\" content=\"MP Filtri\" \/>\n<meta property=\"article:publisher\" content=\"https:\/\/www.facebook.com\/MPFiltriITA\" \/>\n<meta property=\"article:modified_time\" content=\"2026-04-07T15:52:39+00:00\" \/>\n<meta name=\"twitter:card\" content=\"summary_large_image\" \/>\n<script type=\"application\/ld+json\" class=\"yoast-schema-graph\">{\"@context\":\"https:\/\/schema.org\",\"@graph\":[{\"@type\":\"WebPage\",\"@id\":\"https:\/\/mpfiltri4.addictionlab.it\/fr\/product\/mlpx-mlpc-simplex\/\",\"url\":\"https:\/\/mpfiltri4.addictionlab.it\/fr\/product\/mlpx-mlpc-simplex\/\",\"name\":\"MLPX - MLPC (SIMPLEX) - MP Filtri\",\"isPartOf\":{\"@id\":\"https:\/\/mpfiltri4.addictionlab.it\/fr\/#website\"},\"datePublished\":\"2026-04-02T13:26:32+00:00\",\"dateModified\":\"2026-04-07T15:52:39+00:00\",\"breadcrumb\":{\"@id\":\"https:\/\/mpfiltri4.addictionlab.it\/fr\/product\/mlpx-mlpc-simplex\/#breadcrumb\"},\"inLanguage\":\"fr-FR\",\"potentialAction\":[{\"@type\":\"ReadAction\",\"target\":[\"https:\/\/mpfiltri4.addictionlab.it\/fr\/product\/mlpx-mlpc-simplex\/\"]}]},{\"@type\":\"BreadcrumbList\",\"@id\":\"https:\/\/mpfiltri4.addictionlab.it\/fr\/product\/mlpx-mlpc-simplex\/#breadcrumb\",\"itemListElement\":[{\"@type\":\"ListItem\",\"position\":1,\"name\":\"Home\",\"item\":\"https:\/\/mpfiltri4.addictionlab.it\/fr\/\"},{\"@type\":\"ListItem\",\"position\":2,\"name\":\"Produits\",\"item\":\"https:\/\/mpfiltri4.addictionlab.it\/fr\/shop\/\"},{\"@type\":\"ListItem\",\"position\":3,\"name\":\"MLPX &#8211; MLPC (SIMPLEX)\"}]},{\"@type\":\"WebSite\",\"@id\":\"https:\/\/mpfiltri4.addictionlab.it\/fr\/#website\",\"url\":\"https:\/\/mpfiltri4.addictionlab.it\/fr\/\",\"name\":\"MP Filtri\",\"description\":\"\",\"publisher\":{\"@id\":\"https:\/\/mpfiltri4.addictionlab.it\/fr\/#organization\"},\"potentialAction\":[{\"@type\":\"SearchAction\",\"target\":{\"@type\":\"EntryPoint\",\"urlTemplate\":\"https:\/\/mpfiltri4.addictionlab.it\/fr\/?s={search_term_string}\"},\"query-input\":{\"@type\":\"PropertyValueSpecification\",\"valueRequired\":true,\"valueName\":\"search_term_string\"}}],\"inLanguage\":\"fr-FR\"},{\"@type\":\"Organization\",\"@id\":\"https:\/\/mpfiltri4.addictionlab.it\/fr\/#organization\",\"name\":\"MP Filtri\",\"url\":\"https:\/\/mpfiltri4.addictionlab.it\/fr\/\",\"logo\":{\"@type\":\"ImageObject\",\"inLanguage\":\"fr-FR\",\"@id\":\"https:\/\/mpfiltri4.addictionlab.it\/fr\/#\/schema\/logo\/image\/\",\"url\":\"\",\"contentUrl\":\"\",\"caption\":\"MP Filtri\"},\"image\":{\"@id\":\"https:\/\/mpfiltri4.addictionlab.it\/fr\/#\/schema\/logo\/image\/\"},\"sameAs\":[\"https:\/\/www.facebook.com\/MPFiltriITA\",\"https:\/\/www.instagram.com\/mpfiltri\/\",\"https:\/\/www.youtube.com\/channel\/UCCzNMySYc1c4M-2B4v0K_QA?view_as=subscriber\",\"https:\/\/www.linkedin.com\/company\/mp-filtri-spa\/\"]}]}<\/script>\n<!-- \/ Yoast SEO plugin. -->","yoast_head_json":{"title":"MLPX - MLPC (SIMPLEX) - MP Filtri","robots":{"index":"index","follow":"follow","max-snippet":"max-snippet:-1","max-image-preview":"max-image-preview:large","max-video-preview":"max-video-preview:-1"},"canonical":"https:\/\/mpfiltri4.addictionlab.it\/fr\/product\/mlpx-mlpc-simplex\/","og_locale":"fr_FR","og_type":"article","og_title":"MLPX - MLPC (SIMPLEX) - MP Filtri","og_description":"Filtres industriels simplex \u00e0 haute capacit\u00e9 con\u00e7us pour des applications \u00e0 basse pression dans les syst\u00e8mes de lubrification et de filtration. La gamme MLPX \/ MLPC garantit des performances fiables gr\u00e2ce \u00e0 de grandes surfaces de filtration, une configuration d\u2019\u00e9l\u00e9ments en parall\u00e8le et un flux optimis\u00e9, assurant une \u00e9limination efficace des contaminants, une r\u00e9duction de [&hellip;]","og_url":"https:\/\/mpfiltri4.addictionlab.it\/fr\/product\/mlpx-mlpc-simplex\/","og_site_name":"MP Filtri","article_publisher":"https:\/\/www.facebook.com\/MPFiltriITA","article_modified_time":"2026-04-07T15:52:39+00:00","twitter_card":"summary_large_image","schema":{"@context":"https:\/\/schema.org","@graph":[{"@type":"WebPage","@id":"https:\/\/mpfiltri4.addictionlab.it\/fr\/product\/mlpx-mlpc-simplex\/","url":"https:\/\/mpfiltri4.addictionlab.it\/fr\/product\/mlpx-mlpc-simplex\/","name":"MLPX - MLPC (SIMPLEX) - MP Filtri","isPartOf":{"@id":"https:\/\/mpfiltri4.addictionlab.it\/fr\/#website"},"datePublished":"2026-04-02T13:26:32+00:00","dateModified":"2026-04-07T15:52:39+00:00","breadcrumb":{"@id":"https:\/\/mpfiltri4.addictionlab.it\/fr\/product\/mlpx-mlpc-simplex\/#breadcrumb"},"inLanguage":"fr-FR","potentialAction":[{"@type":"ReadAction","target":["https:\/\/mpfiltri4.addictionlab.it\/fr\/product\/mlpx-mlpc-simplex\/"]}]},{"@type":"BreadcrumbList","@id":"https:\/\/mpfiltri4.addictionlab.it\/fr\/product\/mlpx-mlpc-simplex\/#breadcrumb","itemListElement":[{"@type":"ListItem","position":1,"name":"Home","item":"https:\/\/mpfiltri4.addictionlab.it\/fr\/"},{"@type":"ListItem","position":2,"name":"Produits","item":"https:\/\/mpfiltri4.addictionlab.it\/fr\/shop\/"},{"@type":"ListItem","position":3,"name":"MLPX &#8211; MLPC (SIMPLEX)"}]},{"@type":"WebSite","@id":"https:\/\/mpfiltri4.addictionlab.it\/fr\/#website","url":"https:\/\/mpfiltri4.addictionlab.it\/fr\/","name":"MP Filtri","description":"","publisher":{"@id":"https:\/\/mpfiltri4.addictionlab.it\/fr\/#organization"},"potentialAction":[{"@type":"SearchAction","target":{"@type":"EntryPoint","urlTemplate":"https:\/\/mpfiltri4.addictionlab.it\/fr\/?s={search_term_string}"},"query-input":{"@type":"PropertyValueSpecification","valueRequired":true,"valueName":"search_term_string"}}],"inLanguage":"fr-FR"},{"@type":"Organization","@id":"https:\/\/mpfiltri4.addictionlab.it\/fr\/#organization","name":"MP Filtri","url":"https:\/\/mpfiltri4.addictionlab.it\/fr\/","logo":{"@type":"ImageObject","inLanguage":"fr-FR","@id":"https:\/\/mpfiltri4.addictionlab.it\/fr\/#\/schema\/logo\/image\/","url":"","contentUrl":"","caption":"MP Filtri"},"image":{"@id":"https:\/\/mpfiltri4.addictionlab.it\/fr\/#\/schema\/logo\/image\/"},"sameAs":["https:\/\/www.facebook.com\/MPFiltriITA","https:\/\/www.instagram.com\/mpfiltri\/","https:\/\/www.youtube.com\/channel\/UCCzNMySYc1c4M-2B4v0K_QA?view_as=subscriber","https:\/\/www.linkedin.com\/company\/mp-filtri-spa\/"]}]}},"_links":{"self":[{"href":"https:\/\/mpfiltri4.addictionlab.it\/fr\/wp-json\/wp\/v2\/product\/81071","targetHints":{"allow":["GET"]}}],"collection":[{"href":"https:\/\/mpfiltri4.addictionlab.it\/fr\/wp-json\/wp\/v2\/product"}],"about":[{"href":"https:\/\/mpfiltri4.addictionlab.it\/fr\/wp-json\/wp\/v2\/types\/product"}],"replies":[{"embeddable":true,"href":"https:\/\/mpfiltri4.addictionlab.it\/fr\/wp-json\/wp\/v2\/comments?post=81071"}],"wp:attachment":[{"href":"https:\/\/mpfiltri4.addictionlab.it\/fr\/wp-json\/wp\/v2\/media?parent=81071"}],"wp:term":[{"taxonomy":"product-structure","embeddable":true,"href":"https:\/\/mpfiltri4.addictionlab.it\/fr\/wp-json\/wp\/v2\/product-structure?post=81071"},{"taxonomy":"product_brand","embeddable":true,"href":"https:\/\/mpfiltri4.addictionlab.it\/fr\/wp-json\/wp\/v2\/product_brand?post=81071"},{"taxonomy":"product_cat","embeddable":true,"href":"https:\/\/mpfiltri4.addictionlab.it\/fr\/wp-json\/wp\/v2\/product_cat?post=81071"},{"taxonomy":"product_tag","embeddable":true,"href":"https:\/\/mpfiltri4.addictionlab.it\/fr\/wp-json\/wp\/v2\/product_tag?post=81071"}],"curies":[{"name":"wp","href":"https:\/\/api.w.org\/{rel}","templated":true}]}}