

{"id":78077,"date":"2025-06-17T16:56:43","date_gmt":"2025-06-17T14:56:43","guid":{"rendered":"https:\/\/mpfiltri4.addictionlab.it\/product\/produit-3\/"},"modified":"2026-04-07T17:53:17","modified_gmt":"2026-04-07T15:53:17","slug":"cml-3","status":"publish","type":"product","link":"https:\/\/mpfiltri4.addictionlab.it\/fr\/product\/cml-3\/","title":{"rendered":"CML 3"},"content":{"rendered":"<p>Le CML3 est un moniteur de contamination compact et portable qui permet une \u00e9valuation rapide et pr\u00e9cise de la contamination sur le terrain. C\u2019est la solution id\u00e9ale pour les secteurs mobiles, de la construction et de la location d\u2019\u00e9quipements.<\/p>\n<ul>\n<li>\n<p>\u00c9cran tactile haute r\u00e9solution de 7 pouces<\/p>\n<\/li>\n<li>\n<p>R\u00e9sultats de contamination en temps r\u00e9el, visibles en un coup d\u2019\u0153il<\/p>\n<\/li>\n<li>\n<p>Surveillance des tendances \u00e0 long terme et strat\u00e9gies de maintenance pr\u00e9ventive<\/p>\n<\/li>\n<li>\n<p>Compact et l\u00e9ger, seulement 8,5 kg (18,5 lbs)<\/p>\n<\/li>\n<li>\n<p>Batterie longue dur\u00e9e permettant jusqu\u2019\u00e0 8 heures de tests avec une seule charge<\/p>\n<\/li>\n<li>\n<p>\u00c9chantillonnage haute pression jusqu\u2019\u00e0 420 bar (6091 PSI)<\/p>\n<\/li>\n<li>\n<p>Conception robuste \u2013 bo\u00eetier en copolym\u00e8re durable et cellule interne en acier pour une protection renforc\u00e9e<\/p>\n<\/li>\n<li>\n<p>Logiciel CMP View prim\u00e9<\/p>\n<\/li>\n<\/ul>\n","protected":false},"excerpt":{"rendered":"<p>Le CML3 est un moniteur de contamination compact et portable qui permet une \u00e9valuation rapide et pr\u00e9cise de la contamination sur le terrain. C\u2019est la solution id\u00e9ale pour les secteurs mobiles, de la construction et de la location d\u2019\u00e9quipements. \u00c9cran tactile haute r\u00e9solution de 7 pouces R\u00e9sultats de contamination en temps r\u00e9el, visibles en un [&hellip;]<\/p>\n","protected":false},"featured_media":0,"comment_status":"open","ping_status":"closed","template":"","meta":{"_acf_changed":false,"_gspb_post_css":"","inline_featured_image":false,"_genesis_hide_title":false,"_genesis_hide_breadcrumbs":false,"_genesis_hide_singular_image":false,"_genesis_hide_footer_widgets":false,"_genesis_custom_body_class":"","_genesis_custom_post_class":"","_genesis_layout":"","_links_to":"","_links_to_target":""},"product-structure":[62],"product_brand":[],"product_cat":[13152,13180,13229,13250,13222,13187,13201,13278,13271,13117,13194,13236,13243,13285,13257,13264,13208,13215],"product_tag":[],"class_list":{"0":"post-78077","1":"product","2":"type-product","3":"status-publish","5":"product-structure-series","6":"product_cat-agricole-forestier","7":"product_cat-applications","8":"product_cat-chimie-petrole-gaz","9":"product_cat-emballages-et-agroalimentaire","10":"product_cat-equipement-industriel","11":"product_cat-equipement-mobile","12":"product_cat-industrie-miniere","13":"product_cat-lubrification-et-flushing-des-machines-hors-ligne","14":"product_cat-machines-a-former","15":"product_cat-machines-pour-construction","16":"product_cat-manipulation-des-materiaux","17":"product_cat-metallurgie","18":"product_cat-production-denergie","19":"product_cat-systemes-oleodynamiques","20":"product_cat-textile-bois-pates-et-papier","21":"product_cat-traitement-des-dechets","22":"product_cat-vehicules-aeronautiques-et-marines","23":"product_cat-vehicules-utilitaires","24":"entry","26":"first","27":"instock","28":"shipping-taxable","29":"product-type-simple"},"acf":[],"yoast_head":"<!-- This site is optimized with the Yoast SEO plugin v27.1.1 - https:\/\/yoast.com\/product\/yoast-seo-wordpress\/ -->\n<title>CML 3 - MP Filtri<\/title>\n<meta name=\"robots\" content=\"index, follow, max-snippet:-1, max-image-preview:large, max-video-preview:-1\" \/>\n<link rel=\"canonical\" href=\"https:\/\/mpfiltri4.addictionlab.it\/fr\/product\/cml-3\/\" \/>\n<meta property=\"og:locale\" content=\"fr_FR\" \/>\n<meta property=\"og:type\" content=\"article\" \/>\n<meta property=\"og:title\" content=\"CML 3 - MP Filtri\" \/>\n<meta property=\"og:description\" content=\"Le CML3 est un moniteur de contamination compact et portable qui permet une \u00e9valuation rapide et pr\u00e9cise de la contamination sur le terrain. C\u2019est la solution id\u00e9ale pour les secteurs mobiles, de la construction et de la location d\u2019\u00e9quipements. \u00c9cran tactile haute r\u00e9solution de 7 pouces R\u00e9sultats de contamination en temps r\u00e9el, visibles en un [&hellip;]\" \/>\n<meta property=\"og:url\" content=\"https:\/\/mpfiltri4.addictionlab.it\/fr\/product\/cml-3\/\" \/>\n<meta property=\"og:site_name\" content=\"MP Filtri\" \/>\n<meta property=\"article:publisher\" content=\"https:\/\/www.facebook.com\/MPFiltriITA\" \/>\n<meta property=\"article:modified_time\" content=\"2026-04-07T15:53:17+00:00\" \/>\n<meta name=\"twitter:card\" content=\"summary_large_image\" \/>\n<meta name=\"twitter:label1\" content=\"Dur\u00e9e de lecture estim\u00e9e\" \/>\n\t<meta name=\"twitter:data1\" content=\"1 minute\" \/>\n<script type=\"application\/ld+json\" class=\"yoast-schema-graph\">{\"@context\":\"https:\/\/schema.org\",\"@graph\":[{\"@type\":\"WebPage\",\"@id\":\"https:\/\/mpfiltri4.addictionlab.it\/fr\/product\/cml-3\/\",\"url\":\"https:\/\/mpfiltri4.addictionlab.it\/fr\/product\/cml-3\/\",\"name\":\"CML 3 - MP Filtri\",\"isPartOf\":{\"@id\":\"https:\/\/mpfiltri4.addictionlab.it\/fr\/#website\"},\"datePublished\":\"2025-06-17T14:56:43+00:00\",\"dateModified\":\"2026-04-07T15:53:17+00:00\",\"breadcrumb\":{\"@id\":\"https:\/\/mpfiltri4.addictionlab.it\/fr\/product\/cml-3\/#breadcrumb\"},\"inLanguage\":\"fr-FR\",\"potentialAction\":[{\"@type\":\"ReadAction\",\"target\":[\"https:\/\/mpfiltri4.addictionlab.it\/fr\/product\/cml-3\/\"]}]},{\"@type\":\"BreadcrumbList\",\"@id\":\"https:\/\/mpfiltri4.addictionlab.it\/fr\/product\/cml-3\/#breadcrumb\",\"itemListElement\":[{\"@type\":\"ListItem\",\"position\":1,\"name\":\"Home\",\"item\":\"https:\/\/mpfiltri4.addictionlab.it\/fr\/\"},{\"@type\":\"ListItem\",\"position\":2,\"name\":\"Produits\",\"item\":\"https:\/\/mpfiltri4.addictionlab.it\/fr\/shop\/\"},{\"@type\":\"ListItem\",\"position\":3,\"name\":\"CML 3\"}]},{\"@type\":\"WebSite\",\"@id\":\"https:\/\/mpfiltri4.addictionlab.it\/fr\/#website\",\"url\":\"https:\/\/mpfiltri4.addictionlab.it\/fr\/\",\"name\":\"MP Filtri\",\"description\":\"\",\"publisher\":{\"@id\":\"https:\/\/mpfiltri4.addictionlab.it\/fr\/#organization\"},\"potentialAction\":[{\"@type\":\"SearchAction\",\"target\":{\"@type\":\"EntryPoint\",\"urlTemplate\":\"https:\/\/mpfiltri4.addictionlab.it\/fr\/?s={search_term_string}\"},\"query-input\":{\"@type\":\"PropertyValueSpecification\",\"valueRequired\":true,\"valueName\":\"search_term_string\"}}],\"inLanguage\":\"fr-FR\"},{\"@type\":\"Organization\",\"@id\":\"https:\/\/mpfiltri4.addictionlab.it\/fr\/#organization\",\"name\":\"MP Filtri\",\"url\":\"https:\/\/mpfiltri4.addictionlab.it\/fr\/\",\"logo\":{\"@type\":\"ImageObject\",\"inLanguage\":\"fr-FR\",\"@id\":\"https:\/\/mpfiltri4.addictionlab.it\/fr\/#\/schema\/logo\/image\/\",\"url\":\"\",\"contentUrl\":\"\",\"caption\":\"MP Filtri\"},\"image\":{\"@id\":\"https:\/\/mpfiltri4.addictionlab.it\/fr\/#\/schema\/logo\/image\/\"},\"sameAs\":[\"https:\/\/www.facebook.com\/MPFiltriITA\",\"https:\/\/www.instagram.com\/mpfiltri\/\",\"https:\/\/www.youtube.com\/channel\/UCCzNMySYc1c4M-2B4v0K_QA?view_as=subscriber\",\"https:\/\/www.linkedin.com\/company\/mp-filtri-spa\/\"]}]}<\/script>\n<!-- \/ Yoast SEO plugin. -->","yoast_head_json":{"title":"CML 3 - MP Filtri","robots":{"index":"index","follow":"follow","max-snippet":"max-snippet:-1","max-image-preview":"max-image-preview:large","max-video-preview":"max-video-preview:-1"},"canonical":"https:\/\/mpfiltri4.addictionlab.it\/fr\/product\/cml-3\/","og_locale":"fr_FR","og_type":"article","og_title":"CML 3 - MP Filtri","og_description":"Le CML3 est un moniteur de contamination compact et portable qui permet une \u00e9valuation rapide et pr\u00e9cise de la contamination sur le terrain. C\u2019est la solution id\u00e9ale pour les secteurs mobiles, de la construction et de la location d\u2019\u00e9quipements. \u00c9cran tactile haute r\u00e9solution de 7 pouces R\u00e9sultats de contamination en temps r\u00e9el, visibles en un [&hellip;]","og_url":"https:\/\/mpfiltri4.addictionlab.it\/fr\/product\/cml-3\/","og_site_name":"MP Filtri","article_publisher":"https:\/\/www.facebook.com\/MPFiltriITA","article_modified_time":"2026-04-07T15:53:17+00:00","twitter_card":"summary_large_image","twitter_misc":{"Dur\u00e9e de lecture estim\u00e9e":"1 minute"},"schema":{"@context":"https:\/\/schema.org","@graph":[{"@type":"WebPage","@id":"https:\/\/mpfiltri4.addictionlab.it\/fr\/product\/cml-3\/","url":"https:\/\/mpfiltri4.addictionlab.it\/fr\/product\/cml-3\/","name":"CML 3 - MP Filtri","isPartOf":{"@id":"https:\/\/mpfiltri4.addictionlab.it\/fr\/#website"},"datePublished":"2025-06-17T14:56:43+00:00","dateModified":"2026-04-07T15:53:17+00:00","breadcrumb":{"@id":"https:\/\/mpfiltri4.addictionlab.it\/fr\/product\/cml-3\/#breadcrumb"},"inLanguage":"fr-FR","potentialAction":[{"@type":"ReadAction","target":["https:\/\/mpfiltri4.addictionlab.it\/fr\/product\/cml-3\/"]}]},{"@type":"BreadcrumbList","@id":"https:\/\/mpfiltri4.addictionlab.it\/fr\/product\/cml-3\/#breadcrumb","itemListElement":[{"@type":"ListItem","position":1,"name":"Home","item":"https:\/\/mpfiltri4.addictionlab.it\/fr\/"},{"@type":"ListItem","position":2,"name":"Produits","item":"https:\/\/mpfiltri4.addictionlab.it\/fr\/shop\/"},{"@type":"ListItem","position":3,"name":"CML 3"}]},{"@type":"WebSite","@id":"https:\/\/mpfiltri4.addictionlab.it\/fr\/#website","url":"https:\/\/mpfiltri4.addictionlab.it\/fr\/","name":"MP Filtri","description":"","publisher":{"@id":"https:\/\/mpfiltri4.addictionlab.it\/fr\/#organization"},"potentialAction":[{"@type":"SearchAction","target":{"@type":"EntryPoint","urlTemplate":"https:\/\/mpfiltri4.addictionlab.it\/fr\/?s={search_term_string}"},"query-input":{"@type":"PropertyValueSpecification","valueRequired":true,"valueName":"search_term_string"}}],"inLanguage":"fr-FR"},{"@type":"Organization","@id":"https:\/\/mpfiltri4.addictionlab.it\/fr\/#organization","name":"MP Filtri","url":"https:\/\/mpfiltri4.addictionlab.it\/fr\/","logo":{"@type":"ImageObject","inLanguage":"fr-FR","@id":"https:\/\/mpfiltri4.addictionlab.it\/fr\/#\/schema\/logo\/image\/","url":"","contentUrl":"","caption":"MP Filtri"},"image":{"@id":"https:\/\/mpfiltri4.addictionlab.it\/fr\/#\/schema\/logo\/image\/"},"sameAs":["https:\/\/www.facebook.com\/MPFiltriITA","https:\/\/www.instagram.com\/mpfiltri\/","https:\/\/www.youtube.com\/channel\/UCCzNMySYc1c4M-2B4v0K_QA?view_as=subscriber","https:\/\/www.linkedin.com\/company\/mp-filtri-spa\/"]}]}},"_links":{"self":[{"href":"https:\/\/mpfiltri4.addictionlab.it\/fr\/wp-json\/wp\/v2\/product\/78077","targetHints":{"allow":["GET"]}}],"collection":[{"href":"https:\/\/mpfiltri4.addictionlab.it\/fr\/wp-json\/wp\/v2\/product"}],"about":[{"href":"https:\/\/mpfiltri4.addictionlab.it\/fr\/wp-json\/wp\/v2\/types\/product"}],"replies":[{"embeddable":true,"href":"https:\/\/mpfiltri4.addictionlab.it\/fr\/wp-json\/wp\/v2\/comments?post=78077"}],"wp:attachment":[{"href":"https:\/\/mpfiltri4.addictionlab.it\/fr\/wp-json\/wp\/v2\/media?parent=78077"}],"wp:term":[{"taxonomy":"product-structure","embeddable":true,"href":"https:\/\/mpfiltri4.addictionlab.it\/fr\/wp-json\/wp\/v2\/product-structure?post=78077"},{"taxonomy":"product_brand","embeddable":true,"href":"https:\/\/mpfiltri4.addictionlab.it\/fr\/wp-json\/wp\/v2\/product_brand?post=78077"},{"taxonomy":"product_cat","embeddable":true,"href":"https:\/\/mpfiltri4.addictionlab.it\/fr\/wp-json\/wp\/v2\/product_cat?post=78077"},{"taxonomy":"product_tag","embeddable":true,"href":"https:\/\/mpfiltri4.addictionlab.it\/fr\/wp-json\/wp\/v2\/product_tag?post=78077"}],"curies":[{"name":"wp","href":"https:\/\/api.w.org\/{rel}","templated":true}]}}