

{"id":78048,"date":"2025-06-17T16:59:33","date_gmt":"2025-06-17T14:59:33","guid":{"rendered":"https:\/\/mpfiltri4.addictionlab.it\/product\/produit-3\/"},"modified":"2026-04-07T17:53:15","modified_gmt":"2026-04-07T15:53:15","slug":"patch-imaging-kit","status":"publish","type":"product","link":"https:\/\/mpfiltri4.addictionlab.it\/fr\/product\/patch-imaging-kit\/","title":{"rendered":"PATCH IMAGING KIT"},"content":{"rendered":"<p>Kit d`analyse d`\u00e9chantillon par imagerie a \u00e9t\u00e9 cr\u00e9\u00e9 pour fournir une analyse visuelle microscopique \u00e0 haute r\u00e9solution de la contamination dans les fluides<\/p>\n<p>\u2022Valise de protection Pelicase orange<\/p>\n<p>\u2022Protection auto-adh\u00e9sive pour membrane d`\u00e9chantillonnage<\/p>\n<p>\u2022Membranes d`\u00e9chantillonnage &#8211; maille 1,2 micron<\/p>\n<p>\u2022Flacon vaporisateur<\/p>\n<p>\u20222 pinces en inox<\/p>\n<p>\u2022Pompe \u00e0 main<\/p>\n<p>\u2022Flacon pour effluents <\/p>\n<p>\u20223 flacons propres<\/p>\n<p>\u2022Porte-filtre Nalgene r\u00e9utilisable<\/p>\n<p>\u2022Lames d`\u00e9talonnage 0,01 mm<\/p>\n<p>\u2022Adaptateur \u00e9lectrique pour le microscope<\/p>\n<p>\u2022Cl\u00e9 USB (avec le logiciel du microscope et le manuel au format PDF)<\/p>\n<p>\u2022Pochette de rangement pour tuyau<\/p>\n<p>\u20221 tuyau de 8 x 6 mm &#8211; Tuyau \u00e0 vide Nalgene<\/p>\n<p>\u20221 tuyau de 6 x 4mm &#8211; Tuyau d`\u00e9chantillonnage de la pompe \u00e0 main<\/p>\n<p>\u2022Microscope Swift SW150 et accessoires avec c\u00e2ble et visionneuse<\/p>\n<p>\u2022Cam\u00e9ra du microscope &#8211; 1.3 mp <\/p>\n<p>\u2022Porte-documents A5 <\/p>\n<p>\u2022Fiche de r\u00e9sultats d`analyse<\/p>\n<p>\u2022Pompe \u00e0 vide \u00e9lectrique en option<\/p>\n","protected":false},"excerpt":{"rendered":"<p>Kit d`analyse d`\u00e9chantillon par imagerie a \u00e9t\u00e9 cr\u00e9\u00e9 pour fournir une analyse visuelle microscopique \u00e0 haute r\u00e9solution de la contamination dans les fluides \u2022Valise de protection Pelicase orange \u2022Protection auto-adh\u00e9sive pour membrane d`\u00e9chantillonnage \u2022Membranes d`\u00e9chantillonnage &#8211; maille 1,2 micron \u2022Flacon vaporisateur \u20222 pinces en inox \u2022Pompe \u00e0 main \u2022Flacon pour effluents \u20223 flacons propres \u2022Porte-filtre [&hellip;]<\/p>\n","protected":false},"featured_media":0,"comment_status":"open","ping_status":"closed","template":"","meta":{"_acf_changed":false,"_gspb_post_css":"","inline_featured_image":false,"_genesis_hide_title":false,"_genesis_hide_breadcrumbs":false,"_genesis_hide_singular_image":false,"_genesis_hide_footer_widgets":false,"_genesis_custom_body_class":"","_genesis_custom_post_class":"","_genesis_layout":"","_links_to":"","_links_to_target":""},"product-structure":[62],"product_brand":[],"product_cat":[13152,13180,13229,13250,13222,13187,13201,13278,13271,13117,13194,13236,13243,13285,13257,13264,13208,13215],"product_tag":[],"class_list":{"0":"post-78048","1":"product","2":"type-product","3":"status-publish","5":"product-structure-series","6":"product_cat-agricole-forestier","7":"product_cat-applications","8":"product_cat-chimie-petrole-gaz","9":"product_cat-emballages-et-agroalimentaire","10":"product_cat-equipement-industriel","11":"product_cat-equipement-mobile","12":"product_cat-industrie-miniere","13":"product_cat-lubrification-et-flushing-des-machines-hors-ligne","14":"product_cat-machines-a-former","15":"product_cat-machines-pour-construction","16":"product_cat-manipulation-des-materiaux","17":"product_cat-metallurgie","18":"product_cat-production-denergie","19":"product_cat-systemes-oleodynamiques","20":"product_cat-textile-bois-pates-et-papier","21":"product_cat-traitement-des-dechets","22":"product_cat-vehicules-aeronautiques-et-marines","23":"product_cat-vehicules-utilitaires","24":"entry","26":"first","27":"instock","28":"shipping-taxable","29":"product-type-simple"},"acf":[],"yoast_head":"<!-- This site is optimized with the Yoast SEO plugin v27.1.1 - https:\/\/yoast.com\/product\/yoast-seo-wordpress\/ -->\n<title>PATCH IMAGING KIT - MP Filtri<\/title>\n<meta name=\"robots\" content=\"index, follow, max-snippet:-1, max-image-preview:large, max-video-preview:-1\" \/>\n<link rel=\"canonical\" href=\"https:\/\/mpfiltri4.addictionlab.it\/fr\/product\/patch-imaging-kit\/\" \/>\n<meta property=\"og:locale\" content=\"fr_FR\" \/>\n<meta property=\"og:type\" content=\"article\" \/>\n<meta property=\"og:title\" content=\"PATCH IMAGING KIT - MP Filtri\" \/>\n<meta property=\"og:description\" content=\"Kit d`analyse d`\u00e9chantillon par imagerie a \u00e9t\u00e9 cr\u00e9\u00e9 pour fournir une analyse visuelle microscopique \u00e0 haute r\u00e9solution de la contamination dans les fluides \u2022Valise de protection Pelicase orange \u2022Protection auto-adh\u00e9sive pour membrane d`\u00e9chantillonnage \u2022Membranes d`\u00e9chantillonnage &#8211; maille 1,2 micron \u2022Flacon vaporisateur \u20222 pinces en inox \u2022Pompe \u00e0 main \u2022Flacon pour effluents \u20223 flacons propres \u2022Porte-filtre [&hellip;]\" \/>\n<meta property=\"og:url\" content=\"https:\/\/mpfiltri4.addictionlab.it\/fr\/product\/patch-imaging-kit\/\" \/>\n<meta property=\"og:site_name\" content=\"MP Filtri\" \/>\n<meta property=\"article:publisher\" content=\"https:\/\/www.facebook.com\/MPFiltriITA\" \/>\n<meta property=\"article:modified_time\" content=\"2026-04-07T15:53:15+00:00\" \/>\n<meta name=\"twitter:card\" content=\"summary_large_image\" \/>\n<meta name=\"twitter:label1\" content=\"Dur\u00e9e de lecture estim\u00e9e\" \/>\n\t<meta name=\"twitter:data1\" content=\"1 minute\" \/>\n<script type=\"application\/ld+json\" class=\"yoast-schema-graph\">{\"@context\":\"https:\/\/schema.org\",\"@graph\":[{\"@type\":\"WebPage\",\"@id\":\"https:\/\/mpfiltri4.addictionlab.it\/fr\/product\/patch-imaging-kit\/\",\"url\":\"https:\/\/mpfiltri4.addictionlab.it\/fr\/product\/patch-imaging-kit\/\",\"name\":\"PATCH IMAGING KIT - MP Filtri\",\"isPartOf\":{\"@id\":\"https:\/\/mpfiltri4.addictionlab.it\/fr\/#website\"},\"datePublished\":\"2025-06-17T14:59:33+00:00\",\"dateModified\":\"2026-04-07T15:53:15+00:00\",\"breadcrumb\":{\"@id\":\"https:\/\/mpfiltri4.addictionlab.it\/fr\/product\/patch-imaging-kit\/#breadcrumb\"},\"inLanguage\":\"fr-FR\",\"potentialAction\":[{\"@type\":\"ReadAction\",\"target\":[\"https:\/\/mpfiltri4.addictionlab.it\/fr\/product\/patch-imaging-kit\/\"]}]},{\"@type\":\"BreadcrumbList\",\"@id\":\"https:\/\/mpfiltri4.addictionlab.it\/fr\/product\/patch-imaging-kit\/#breadcrumb\",\"itemListElement\":[{\"@type\":\"ListItem\",\"position\":1,\"name\":\"Home\",\"item\":\"https:\/\/mpfiltri4.addictionlab.it\/fr\/\"},{\"@type\":\"ListItem\",\"position\":2,\"name\":\"Produits\",\"item\":\"https:\/\/mpfiltri4.addictionlab.it\/fr\/shop\/\"},{\"@type\":\"ListItem\",\"position\":3,\"name\":\"PATCH IMAGING KIT\"}]},{\"@type\":\"WebSite\",\"@id\":\"https:\/\/mpfiltri4.addictionlab.it\/fr\/#website\",\"url\":\"https:\/\/mpfiltri4.addictionlab.it\/fr\/\",\"name\":\"MP Filtri\",\"description\":\"\",\"publisher\":{\"@id\":\"https:\/\/mpfiltri4.addictionlab.it\/fr\/#organization\"},\"potentialAction\":[{\"@type\":\"SearchAction\",\"target\":{\"@type\":\"EntryPoint\",\"urlTemplate\":\"https:\/\/mpfiltri4.addictionlab.it\/fr\/?s={search_term_string}\"},\"query-input\":{\"@type\":\"PropertyValueSpecification\",\"valueRequired\":true,\"valueName\":\"search_term_string\"}}],\"inLanguage\":\"fr-FR\"},{\"@type\":\"Organization\",\"@id\":\"https:\/\/mpfiltri4.addictionlab.it\/fr\/#organization\",\"name\":\"MP Filtri\",\"url\":\"https:\/\/mpfiltri4.addictionlab.it\/fr\/\",\"logo\":{\"@type\":\"ImageObject\",\"inLanguage\":\"fr-FR\",\"@id\":\"https:\/\/mpfiltri4.addictionlab.it\/fr\/#\/schema\/logo\/image\/\",\"url\":\"\",\"contentUrl\":\"\",\"caption\":\"MP Filtri\"},\"image\":{\"@id\":\"https:\/\/mpfiltri4.addictionlab.it\/fr\/#\/schema\/logo\/image\/\"},\"sameAs\":[\"https:\/\/www.facebook.com\/MPFiltriITA\",\"https:\/\/www.instagram.com\/mpfiltri\/\",\"https:\/\/www.youtube.com\/channel\/UCCzNMySYc1c4M-2B4v0K_QA?view_as=subscriber\",\"https:\/\/www.linkedin.com\/company\/mp-filtri-spa\/\"]}]}<\/script>\n<!-- \/ Yoast SEO plugin. -->","yoast_head_json":{"title":"PATCH IMAGING KIT - MP Filtri","robots":{"index":"index","follow":"follow","max-snippet":"max-snippet:-1","max-image-preview":"max-image-preview:large","max-video-preview":"max-video-preview:-1"},"canonical":"https:\/\/mpfiltri4.addictionlab.it\/fr\/product\/patch-imaging-kit\/","og_locale":"fr_FR","og_type":"article","og_title":"PATCH IMAGING KIT - MP Filtri","og_description":"Kit d`analyse d`\u00e9chantillon par imagerie a \u00e9t\u00e9 cr\u00e9\u00e9 pour fournir une analyse visuelle microscopique \u00e0 haute r\u00e9solution de la contamination dans les fluides \u2022Valise de protection Pelicase orange \u2022Protection auto-adh\u00e9sive pour membrane d`\u00e9chantillonnage \u2022Membranes d`\u00e9chantillonnage &#8211; maille 1,2 micron \u2022Flacon vaporisateur \u20222 pinces en inox \u2022Pompe \u00e0 main \u2022Flacon pour effluents \u20223 flacons propres \u2022Porte-filtre [&hellip;]","og_url":"https:\/\/mpfiltri4.addictionlab.it\/fr\/product\/patch-imaging-kit\/","og_site_name":"MP Filtri","article_publisher":"https:\/\/www.facebook.com\/MPFiltriITA","article_modified_time":"2026-04-07T15:53:15+00:00","twitter_card":"summary_large_image","twitter_misc":{"Dur\u00e9e de lecture estim\u00e9e":"1 minute"},"schema":{"@context":"https:\/\/schema.org","@graph":[{"@type":"WebPage","@id":"https:\/\/mpfiltri4.addictionlab.it\/fr\/product\/patch-imaging-kit\/","url":"https:\/\/mpfiltri4.addictionlab.it\/fr\/product\/patch-imaging-kit\/","name":"PATCH IMAGING KIT - MP Filtri","isPartOf":{"@id":"https:\/\/mpfiltri4.addictionlab.it\/fr\/#website"},"datePublished":"2025-06-17T14:59:33+00:00","dateModified":"2026-04-07T15:53:15+00:00","breadcrumb":{"@id":"https:\/\/mpfiltri4.addictionlab.it\/fr\/product\/patch-imaging-kit\/#breadcrumb"},"inLanguage":"fr-FR","potentialAction":[{"@type":"ReadAction","target":["https:\/\/mpfiltri4.addictionlab.it\/fr\/product\/patch-imaging-kit\/"]}]},{"@type":"BreadcrumbList","@id":"https:\/\/mpfiltri4.addictionlab.it\/fr\/product\/patch-imaging-kit\/#breadcrumb","itemListElement":[{"@type":"ListItem","position":1,"name":"Home","item":"https:\/\/mpfiltri4.addictionlab.it\/fr\/"},{"@type":"ListItem","position":2,"name":"Produits","item":"https:\/\/mpfiltri4.addictionlab.it\/fr\/shop\/"},{"@type":"ListItem","position":3,"name":"PATCH IMAGING KIT"}]},{"@type":"WebSite","@id":"https:\/\/mpfiltri4.addictionlab.it\/fr\/#website","url":"https:\/\/mpfiltri4.addictionlab.it\/fr\/","name":"MP Filtri","description":"","publisher":{"@id":"https:\/\/mpfiltri4.addictionlab.it\/fr\/#organization"},"potentialAction":[{"@type":"SearchAction","target":{"@type":"EntryPoint","urlTemplate":"https:\/\/mpfiltri4.addictionlab.it\/fr\/?s={search_term_string}"},"query-input":{"@type":"PropertyValueSpecification","valueRequired":true,"valueName":"search_term_string"}}],"inLanguage":"fr-FR"},{"@type":"Organization","@id":"https:\/\/mpfiltri4.addictionlab.it\/fr\/#organization","name":"MP Filtri","url":"https:\/\/mpfiltri4.addictionlab.it\/fr\/","logo":{"@type":"ImageObject","inLanguage":"fr-FR","@id":"https:\/\/mpfiltri4.addictionlab.it\/fr\/#\/schema\/logo\/image\/","url":"","contentUrl":"","caption":"MP Filtri"},"image":{"@id":"https:\/\/mpfiltri4.addictionlab.it\/fr\/#\/schema\/logo\/image\/"},"sameAs":["https:\/\/www.facebook.com\/MPFiltriITA","https:\/\/www.instagram.com\/mpfiltri\/","https:\/\/www.youtube.com\/channel\/UCCzNMySYc1c4M-2B4v0K_QA?view_as=subscriber","https:\/\/www.linkedin.com\/company\/mp-filtri-spa\/"]}]}},"_links":{"self":[{"href":"https:\/\/mpfiltri4.addictionlab.it\/fr\/wp-json\/wp\/v2\/product\/78048","targetHints":{"allow":["GET"]}}],"collection":[{"href":"https:\/\/mpfiltri4.addictionlab.it\/fr\/wp-json\/wp\/v2\/product"}],"about":[{"href":"https:\/\/mpfiltri4.addictionlab.it\/fr\/wp-json\/wp\/v2\/types\/product"}],"replies":[{"embeddable":true,"href":"https:\/\/mpfiltri4.addictionlab.it\/fr\/wp-json\/wp\/v2\/comments?post=78048"}],"wp:attachment":[{"href":"https:\/\/mpfiltri4.addictionlab.it\/fr\/wp-json\/wp\/v2\/media?parent=78048"}],"wp:term":[{"taxonomy":"product-structure","embeddable":true,"href":"https:\/\/mpfiltri4.addictionlab.it\/fr\/wp-json\/wp\/v2\/product-structure?post=78048"},{"taxonomy":"product_brand","embeddable":true,"href":"https:\/\/mpfiltri4.addictionlab.it\/fr\/wp-json\/wp\/v2\/product_brand?post=78048"},{"taxonomy":"product_cat","embeddable":true,"href":"https:\/\/mpfiltri4.addictionlab.it\/fr\/wp-json\/wp\/v2\/product_cat?post=78048"},{"taxonomy":"product_tag","embeddable":true,"href":"https:\/\/mpfiltri4.addictionlab.it\/fr\/wp-json\/wp\/v2\/product_tag?post=78048"}],"curies":[{"name":"wp","href":"https:\/\/api.w.org\/{rel}","templated":true}]}}