

{"id":78021,"date":"2025-06-16T16:42:13","date_gmt":"2025-06-16T14:42:13","guid":{"rendered":"https:\/\/mpfiltri4.addictionlab.it\/product\/produit-3\/"},"modified":"2026-04-07T17:53:37","modified_gmt":"2026-04-07T15:53:37","slug":"fri","status":"publish","type":"product","link":"https:\/\/mpfiltri4.addictionlab.it\/fr\/product\/fri\/","title":{"rendered":"FRIC"},"content":{"rendered":"<p>Filtre retour en ligne ou montage en sommet de r\u00e9servoir avec filtration de l`ext\u00e9rieur vers l`int\u00e9rieur. Pressio<code>de service jusqu<\/code>&#8216;\u00e0 20 bar (<code>0 psi), dit d`huile jusqu<\/code>&#8216;\u00e0 1500 l\/min (397 gpm), raccordements taraud\u00e9s de G 1\/2&#8220; \u00e0 G 2&#8243; 1\/2 BSP\/NPT, et raccordements <code>brides SAE jusqu<\/code>&#8216;`\u00e0 3&#8243; 1\/2.<\/p>\n<p>Un des premier filtres con\u00e7us par MP Filtri. Filtre de retour pour applications industrielles s\u00e9v\u00e9res avec une pression de travail jusqu\u2019\u00e0 20 bar pouvant \u00eatre mont\u00e9 en sommet du r\u00e9servoir ou en ligne.<\/p>\n<p>Voir le <a target=\"_blank\" rel=\"noopener noreferrer\" href=\"https:\/\/www.mpfiltri.com\/fr\/resources\/knowledge-center\/hydraulic-filtration-knowledge\/fluid-compatibility-table\/\">tableau<\/a> correspondant pour la compatibilit\u00e9 des fluides.<\/p>\n","protected":false},"excerpt":{"rendered":"<p>Filtre retour en ligne ou montage en sommet de r\u00e9servoir avec filtration de l`ext\u00e9rieur vers l`int\u00e9rieur. Pressiode service jusqu&#8216;\u00e0 20 bar (0 psi), dit d`huile jusqu&#8216;\u00e0 1500 l\/min (397 gpm), raccordements taraud\u00e9s de G 1\/2&#8220; \u00e0 G 2&#8243; 1\/2 BSP\/NPT, et raccordements brides SAE jusqu&#8216;`\u00e0 3&#8243; 1\/2. Un des premier filtres con\u00e7us par MP Filtri. [&hellip;]<\/p>\n","protected":false},"featured_media":0,"comment_status":"open","ping_status":"closed","template":"","meta":{"_acf_changed":false,"_gspb_post_css":"","inline_featured_image":false,"_genesis_hide_title":false,"_genesis_hide_breadcrumbs":false,"_genesis_hide_singular_image":false,"_genesis_hide_footer_widgets":false,"_genesis_custom_body_class":"","_genesis_custom_post_class":"","_genesis_layout":"","_links_to":"","_links_to_target":""},"product-structure":[62],"product_brand":[],"product_cat":[13180,13250,13222,13271,13236,13243,13285,13257,13264],"product_tag":[],"class_list":{"0":"post-78021","1":"product","2":"type-product","3":"status-publish","5":"product-structure-series","6":"product_cat-applications","7":"product_cat-emballages-et-agroalimentaire","8":"product_cat-equipement-industriel","9":"product_cat-machines-a-former","10":"product_cat-metallurgie","11":"product_cat-production-denergie","12":"product_cat-systemes-oleodynamiques","13":"product_cat-textile-bois-pates-et-papier","14":"product_cat-traitement-des-dechets","15":"entry","17":"first","18":"instock","19":"shipping-taxable","20":"product-type-simple"},"acf":[],"yoast_head":"<!-- This site is optimized with the Yoast SEO plugin v27.1.1 - https:\/\/yoast.com\/product\/yoast-seo-wordpress\/ -->\n<title>FRIC - MP Filtri<\/title>\n<meta name=\"robots\" content=\"index, follow, max-snippet:-1, max-image-preview:large, max-video-preview:-1\" \/>\n<link rel=\"canonical\" href=\"https:\/\/mpfiltri4.addictionlab.it\/fr\/product\/fri\/\" \/>\n<meta property=\"og:locale\" content=\"fr_FR\" \/>\n<meta property=\"og:type\" content=\"article\" \/>\n<meta property=\"og:title\" content=\"FRIC - MP Filtri\" \/>\n<meta property=\"og:description\" content=\"Filtre retour en ligne ou montage en sommet de r\u00e9servoir avec filtration de l`ext\u00e9rieur vers l`int\u00e9rieur. Pressiode service jusqu&#8216;\u00e0 20 bar (0 psi), dit d`huile jusqu&#8216;\u00e0 1500 l\/min (397 gpm), raccordements taraud\u00e9s de G 1\/2&#8220; \u00e0 G 2&#8243; 1\/2 BSP\/NPT, et raccordements brides SAE jusqu&#8216;`\u00e0 3&#8243; 1\/2. Un des premier filtres con\u00e7us par MP Filtri. [&hellip;]\" \/>\n<meta property=\"og:url\" content=\"https:\/\/mpfiltri4.addictionlab.it\/fr\/product\/fri\/\" \/>\n<meta property=\"og:site_name\" content=\"MP Filtri\" \/>\n<meta property=\"article:publisher\" content=\"https:\/\/www.facebook.com\/MPFiltriITA\" \/>\n<meta property=\"article:modified_time\" content=\"2026-04-07T15:53:37+00:00\" \/>\n<meta name=\"twitter:card\" content=\"summary_large_image\" \/>\n<script type=\"application\/ld+json\" class=\"yoast-schema-graph\">{\"@context\":\"https:\/\/schema.org\",\"@graph\":[{\"@type\":\"WebPage\",\"@id\":\"https:\/\/mpfiltri4.addictionlab.it\/fr\/product\/fri\/\",\"url\":\"https:\/\/mpfiltri4.addictionlab.it\/fr\/product\/fri\/\",\"name\":\"FRIC - MP Filtri\",\"isPartOf\":{\"@id\":\"https:\/\/mpfiltri4.addictionlab.it\/fr\/#website\"},\"datePublished\":\"2025-06-16T14:42:13+00:00\",\"dateModified\":\"2026-04-07T15:53:37+00:00\",\"breadcrumb\":{\"@id\":\"https:\/\/mpfiltri4.addictionlab.it\/fr\/product\/fri\/#breadcrumb\"},\"inLanguage\":\"fr-FR\",\"potentialAction\":[{\"@type\":\"ReadAction\",\"target\":[\"https:\/\/mpfiltri4.addictionlab.it\/fr\/product\/fri\/\"]}]},{\"@type\":\"BreadcrumbList\",\"@id\":\"https:\/\/mpfiltri4.addictionlab.it\/fr\/product\/fri\/#breadcrumb\",\"itemListElement\":[{\"@type\":\"ListItem\",\"position\":1,\"name\":\"Home\",\"item\":\"https:\/\/mpfiltri4.addictionlab.it\/fr\/\"},{\"@type\":\"ListItem\",\"position\":2,\"name\":\"Produits\",\"item\":\"https:\/\/mpfiltri4.addictionlab.it\/fr\/shop\/\"},{\"@type\":\"ListItem\",\"position\":3,\"name\":\"FRIC\"}]},{\"@type\":\"WebSite\",\"@id\":\"https:\/\/mpfiltri4.addictionlab.it\/fr\/#website\",\"url\":\"https:\/\/mpfiltri4.addictionlab.it\/fr\/\",\"name\":\"MP Filtri\",\"description\":\"\",\"publisher\":{\"@id\":\"https:\/\/mpfiltri4.addictionlab.it\/fr\/#organization\"},\"potentialAction\":[{\"@type\":\"SearchAction\",\"target\":{\"@type\":\"EntryPoint\",\"urlTemplate\":\"https:\/\/mpfiltri4.addictionlab.it\/fr\/?s={search_term_string}\"},\"query-input\":{\"@type\":\"PropertyValueSpecification\",\"valueRequired\":true,\"valueName\":\"search_term_string\"}}],\"inLanguage\":\"fr-FR\"},{\"@type\":\"Organization\",\"@id\":\"https:\/\/mpfiltri4.addictionlab.it\/fr\/#organization\",\"name\":\"MP Filtri\",\"url\":\"https:\/\/mpfiltri4.addictionlab.it\/fr\/\",\"logo\":{\"@type\":\"ImageObject\",\"inLanguage\":\"fr-FR\",\"@id\":\"https:\/\/mpfiltri4.addictionlab.it\/fr\/#\/schema\/logo\/image\/\",\"url\":\"\",\"contentUrl\":\"\",\"caption\":\"MP Filtri\"},\"image\":{\"@id\":\"https:\/\/mpfiltri4.addictionlab.it\/fr\/#\/schema\/logo\/image\/\"},\"sameAs\":[\"https:\/\/www.facebook.com\/MPFiltriITA\",\"https:\/\/www.instagram.com\/mpfiltri\/\",\"https:\/\/www.youtube.com\/channel\/UCCzNMySYc1c4M-2B4v0K_QA?view_as=subscriber\",\"https:\/\/www.linkedin.com\/company\/mp-filtri-spa\/\"]}]}<\/script>\n<!-- \/ Yoast SEO plugin. -->","yoast_head_json":{"title":"FRIC - MP Filtri","robots":{"index":"index","follow":"follow","max-snippet":"max-snippet:-1","max-image-preview":"max-image-preview:large","max-video-preview":"max-video-preview:-1"},"canonical":"https:\/\/mpfiltri4.addictionlab.it\/fr\/product\/fri\/","og_locale":"fr_FR","og_type":"article","og_title":"FRIC - MP Filtri","og_description":"Filtre retour en ligne ou montage en sommet de r\u00e9servoir avec filtration de l`ext\u00e9rieur vers l`int\u00e9rieur. Pressiode service jusqu&#8216;\u00e0 20 bar (0 psi), dit d`huile jusqu&#8216;\u00e0 1500 l\/min (397 gpm), raccordements taraud\u00e9s de G 1\/2&#8220; \u00e0 G 2&#8243; 1\/2 BSP\/NPT, et raccordements brides SAE jusqu&#8216;`\u00e0 3&#8243; 1\/2. Un des premier filtres con\u00e7us par MP Filtri. [&hellip;]","og_url":"https:\/\/mpfiltri4.addictionlab.it\/fr\/product\/fri\/","og_site_name":"MP Filtri","article_publisher":"https:\/\/www.facebook.com\/MPFiltriITA","article_modified_time":"2026-04-07T15:53:37+00:00","twitter_card":"summary_large_image","schema":{"@context":"https:\/\/schema.org","@graph":[{"@type":"WebPage","@id":"https:\/\/mpfiltri4.addictionlab.it\/fr\/product\/fri\/","url":"https:\/\/mpfiltri4.addictionlab.it\/fr\/product\/fri\/","name":"FRIC - MP Filtri","isPartOf":{"@id":"https:\/\/mpfiltri4.addictionlab.it\/fr\/#website"},"datePublished":"2025-06-16T14:42:13+00:00","dateModified":"2026-04-07T15:53:37+00:00","breadcrumb":{"@id":"https:\/\/mpfiltri4.addictionlab.it\/fr\/product\/fri\/#breadcrumb"},"inLanguage":"fr-FR","potentialAction":[{"@type":"ReadAction","target":["https:\/\/mpfiltri4.addictionlab.it\/fr\/product\/fri\/"]}]},{"@type":"BreadcrumbList","@id":"https:\/\/mpfiltri4.addictionlab.it\/fr\/product\/fri\/#breadcrumb","itemListElement":[{"@type":"ListItem","position":1,"name":"Home","item":"https:\/\/mpfiltri4.addictionlab.it\/fr\/"},{"@type":"ListItem","position":2,"name":"Produits","item":"https:\/\/mpfiltri4.addictionlab.it\/fr\/shop\/"},{"@type":"ListItem","position":3,"name":"FRIC"}]},{"@type":"WebSite","@id":"https:\/\/mpfiltri4.addictionlab.it\/fr\/#website","url":"https:\/\/mpfiltri4.addictionlab.it\/fr\/","name":"MP Filtri","description":"","publisher":{"@id":"https:\/\/mpfiltri4.addictionlab.it\/fr\/#organization"},"potentialAction":[{"@type":"SearchAction","target":{"@type":"EntryPoint","urlTemplate":"https:\/\/mpfiltri4.addictionlab.it\/fr\/?s={search_term_string}"},"query-input":{"@type":"PropertyValueSpecification","valueRequired":true,"valueName":"search_term_string"}}],"inLanguage":"fr-FR"},{"@type":"Organization","@id":"https:\/\/mpfiltri4.addictionlab.it\/fr\/#organization","name":"MP Filtri","url":"https:\/\/mpfiltri4.addictionlab.it\/fr\/","logo":{"@type":"ImageObject","inLanguage":"fr-FR","@id":"https:\/\/mpfiltri4.addictionlab.it\/fr\/#\/schema\/logo\/image\/","url":"","contentUrl":"","caption":"MP Filtri"},"image":{"@id":"https:\/\/mpfiltri4.addictionlab.it\/fr\/#\/schema\/logo\/image\/"},"sameAs":["https:\/\/www.facebook.com\/MPFiltriITA","https:\/\/www.instagram.com\/mpfiltri\/","https:\/\/www.youtube.com\/channel\/UCCzNMySYc1c4M-2B4v0K_QA?view_as=subscriber","https:\/\/www.linkedin.com\/company\/mp-filtri-spa\/"]}]}},"_links":{"self":[{"href":"https:\/\/mpfiltri4.addictionlab.it\/fr\/wp-json\/wp\/v2\/product\/78021","targetHints":{"allow":["GET"]}}],"collection":[{"href":"https:\/\/mpfiltri4.addictionlab.it\/fr\/wp-json\/wp\/v2\/product"}],"about":[{"href":"https:\/\/mpfiltri4.addictionlab.it\/fr\/wp-json\/wp\/v2\/types\/product"}],"replies":[{"embeddable":true,"href":"https:\/\/mpfiltri4.addictionlab.it\/fr\/wp-json\/wp\/v2\/comments?post=78021"}],"wp:attachment":[{"href":"https:\/\/mpfiltri4.addictionlab.it\/fr\/wp-json\/wp\/v2\/media?parent=78021"}],"wp:term":[{"taxonomy":"product-structure","embeddable":true,"href":"https:\/\/mpfiltri4.addictionlab.it\/fr\/wp-json\/wp\/v2\/product-structure?post=78021"},{"taxonomy":"product_brand","embeddable":true,"href":"https:\/\/mpfiltri4.addictionlab.it\/fr\/wp-json\/wp\/v2\/product_brand?post=78021"},{"taxonomy":"product_cat","embeddable":true,"href":"https:\/\/mpfiltri4.addictionlab.it\/fr\/wp-json\/wp\/v2\/product_cat?post=78021"},{"taxonomy":"product_tag","embeddable":true,"href":"https:\/\/mpfiltri4.addictionlab.it\/fr\/wp-json\/wp\/v2\/product_tag?post=78021"}],"curies":[{"name":"wp","href":"https:\/\/api.w.org\/{rel}","templated":true}]}}