

{"id":77845,"date":"2025-06-16T16:41:26","date_gmt":"2025-06-16T14:41:26","guid":{"rendered":"https:\/\/mpfiltri4.addictionlab.it\/product\/produit-2\/"},"modified":"2026-04-07T17:53:46","modified_gmt":"2026-04-07T15:53:46","slug":"lmg","status":"publish","type":"product","link":"https:\/\/mpfiltri4.addictionlab.it\/fr\/product\/lmg\/","title":{"rendered":"LMG"},"content":{"rendered":"<p>Les lanternes LMG sont utilis\u00e9es  entre des moteurs \u00e9lectriques de la taille 63 \u00e0 225 et les pompes \u00e0 engrenage \u00e0 brides rectangulaires. Faites en aluminium moul\u00e9 sous pression, elles peuvent \u00eatre utilis\u00e9e pour \u00eatre monter en ext\u00e9rieur ou sur un montage en immersion.<\/p>\n<p>\u2022 Avec ou sans bague de centrage<\/p>\n<p>\u2022 Double pompe de forage sur demande<\/p>\n<p>\u2022 Interchangeable avec OMT &#8211; KTR &#8211; R + L HYDRAULICS<\/p>\n","protected":false},"excerpt":{"rendered":"<p>Les lanternes LMG sont utilis\u00e9es entre des moteurs \u00e9lectriques de la taille 63 \u00e0 225 et les pompes \u00e0 engrenage \u00e0 brides rectangulaires. Faites en aluminium moul\u00e9 sous pression, elles peuvent \u00eatre utilis\u00e9e pour \u00eatre monter en ext\u00e9rieur ou sur un montage en immersion. \u2022 Avec ou sans bague de centrage \u2022 Double pompe de [&hellip;]<\/p>\n","protected":false},"featured_media":0,"comment_status":"open","ping_status":"closed","template":"","meta":{"_acf_changed":false,"_gspb_post_css":"","inline_featured_image":false,"_genesis_hide_title":false,"_genesis_hide_breadcrumbs":false,"_genesis_hide_singular_image":false,"_genesis_hide_footer_widgets":false,"_genesis_custom_body_class":"","_genesis_custom_post_class":"","_genesis_layout":"","_links_to":"","_links_to_target":""},"product-structure":[62],"product_brand":[],"product_cat":[13152,13180,13222,13187,13201,13271,13285,13257],"product_tag":[],"class_list":{"0":"post-77845","1":"product","2":"type-product","3":"status-publish","5":"product-structure-series","6":"product_cat-agricole-forestier","7":"product_cat-applications","8":"product_cat-equipement-industriel","9":"product_cat-equipement-mobile","10":"product_cat-industrie-miniere","11":"product_cat-machines-a-former","12":"product_cat-systemes-oleodynamiques","13":"product_cat-textile-bois-pates-et-papier","14":"entry","16":"first","17":"instock","18":"shipping-taxable","19":"product-type-simple"},"acf":[],"yoast_head":"<!-- This site is optimized with the Yoast SEO plugin v27.1.1 - https:\/\/yoast.com\/product\/yoast-seo-wordpress\/ -->\n<title>LMG - MP Filtri<\/title>\n<meta name=\"robots\" content=\"index, follow, max-snippet:-1, max-image-preview:large, max-video-preview:-1\" \/>\n<link rel=\"canonical\" href=\"https:\/\/mpfiltri4.addictionlab.it\/fr\/product\/lmg\/\" \/>\n<meta property=\"og:locale\" content=\"fr_FR\" \/>\n<meta property=\"og:type\" content=\"article\" \/>\n<meta property=\"og:title\" content=\"LMG - MP Filtri\" \/>\n<meta property=\"og:description\" content=\"Les lanternes LMG sont utilis\u00e9es entre des moteurs \u00e9lectriques de la taille 63 \u00e0 225 et les pompes \u00e0 engrenage \u00e0 brides rectangulaires. Faites en aluminium moul\u00e9 sous pression, elles peuvent \u00eatre utilis\u00e9e pour \u00eatre monter en ext\u00e9rieur ou sur un montage en immersion. \u2022 Avec ou sans bague de centrage \u2022 Double pompe de [&hellip;]\" \/>\n<meta property=\"og:url\" content=\"https:\/\/mpfiltri4.addictionlab.it\/fr\/product\/lmg\/\" \/>\n<meta property=\"og:site_name\" content=\"MP Filtri\" \/>\n<meta property=\"article:publisher\" content=\"https:\/\/www.facebook.com\/MPFiltriITA\" \/>\n<meta property=\"article:modified_time\" content=\"2026-04-07T15:53:46+00:00\" \/>\n<meta name=\"twitter:card\" content=\"summary_large_image\" \/>\n<script type=\"application\/ld+json\" class=\"yoast-schema-graph\">{\"@context\":\"https:\/\/schema.org\",\"@graph\":[{\"@type\":\"WebPage\",\"@id\":\"https:\/\/mpfiltri4.addictionlab.it\/fr\/product\/lmg\/\",\"url\":\"https:\/\/mpfiltri4.addictionlab.it\/fr\/product\/lmg\/\",\"name\":\"LMG - MP Filtri\",\"isPartOf\":{\"@id\":\"https:\/\/mpfiltri4.addictionlab.it\/fr\/#website\"},\"datePublished\":\"2025-06-16T14:41:26+00:00\",\"dateModified\":\"2026-04-07T15:53:46+00:00\",\"breadcrumb\":{\"@id\":\"https:\/\/mpfiltri4.addictionlab.it\/fr\/product\/lmg\/#breadcrumb\"},\"inLanguage\":\"fr-FR\",\"potentialAction\":[{\"@type\":\"ReadAction\",\"target\":[\"https:\/\/mpfiltri4.addictionlab.it\/fr\/product\/lmg\/\"]}]},{\"@type\":\"BreadcrumbList\",\"@id\":\"https:\/\/mpfiltri4.addictionlab.it\/fr\/product\/lmg\/#breadcrumb\",\"itemListElement\":[{\"@type\":\"ListItem\",\"position\":1,\"name\":\"Home\",\"item\":\"https:\/\/mpfiltri4.addictionlab.it\/fr\/\"},{\"@type\":\"ListItem\",\"position\":2,\"name\":\"Produits\",\"item\":\"https:\/\/mpfiltri4.addictionlab.it\/fr\/shop\/\"},{\"@type\":\"ListItem\",\"position\":3,\"name\":\"LMG\"}]},{\"@type\":\"WebSite\",\"@id\":\"https:\/\/mpfiltri4.addictionlab.it\/fr\/#website\",\"url\":\"https:\/\/mpfiltri4.addictionlab.it\/fr\/\",\"name\":\"MP Filtri\",\"description\":\"\",\"publisher\":{\"@id\":\"https:\/\/mpfiltri4.addictionlab.it\/fr\/#organization\"},\"potentialAction\":[{\"@type\":\"SearchAction\",\"target\":{\"@type\":\"EntryPoint\",\"urlTemplate\":\"https:\/\/mpfiltri4.addictionlab.it\/fr\/?s={search_term_string}\"},\"query-input\":{\"@type\":\"PropertyValueSpecification\",\"valueRequired\":true,\"valueName\":\"search_term_string\"}}],\"inLanguage\":\"fr-FR\"},{\"@type\":\"Organization\",\"@id\":\"https:\/\/mpfiltri4.addictionlab.it\/fr\/#organization\",\"name\":\"MP Filtri\",\"url\":\"https:\/\/mpfiltri4.addictionlab.it\/fr\/\",\"logo\":{\"@type\":\"ImageObject\",\"inLanguage\":\"fr-FR\",\"@id\":\"https:\/\/mpfiltri4.addictionlab.it\/fr\/#\/schema\/logo\/image\/\",\"url\":\"\",\"contentUrl\":\"\",\"caption\":\"MP Filtri\"},\"image\":{\"@id\":\"https:\/\/mpfiltri4.addictionlab.it\/fr\/#\/schema\/logo\/image\/\"},\"sameAs\":[\"https:\/\/www.facebook.com\/MPFiltriITA\",\"https:\/\/www.instagram.com\/mpfiltri\/\",\"https:\/\/www.youtube.com\/channel\/UCCzNMySYc1c4M-2B4v0K_QA?view_as=subscriber\",\"https:\/\/www.linkedin.com\/company\/mp-filtri-spa\/\"]}]}<\/script>\n<!-- \/ Yoast SEO plugin. -->","yoast_head_json":{"title":"LMG - MP Filtri","robots":{"index":"index","follow":"follow","max-snippet":"max-snippet:-1","max-image-preview":"max-image-preview:large","max-video-preview":"max-video-preview:-1"},"canonical":"https:\/\/mpfiltri4.addictionlab.it\/fr\/product\/lmg\/","og_locale":"fr_FR","og_type":"article","og_title":"LMG - MP Filtri","og_description":"Les lanternes LMG sont utilis\u00e9es entre des moteurs \u00e9lectriques de la taille 63 \u00e0 225 et les pompes \u00e0 engrenage \u00e0 brides rectangulaires. Faites en aluminium moul\u00e9 sous pression, elles peuvent \u00eatre utilis\u00e9e pour \u00eatre monter en ext\u00e9rieur ou sur un montage en immersion. \u2022 Avec ou sans bague de centrage \u2022 Double pompe de [&hellip;]","og_url":"https:\/\/mpfiltri4.addictionlab.it\/fr\/product\/lmg\/","og_site_name":"MP Filtri","article_publisher":"https:\/\/www.facebook.com\/MPFiltriITA","article_modified_time":"2026-04-07T15:53:46+00:00","twitter_card":"summary_large_image","schema":{"@context":"https:\/\/schema.org","@graph":[{"@type":"WebPage","@id":"https:\/\/mpfiltri4.addictionlab.it\/fr\/product\/lmg\/","url":"https:\/\/mpfiltri4.addictionlab.it\/fr\/product\/lmg\/","name":"LMG - MP Filtri","isPartOf":{"@id":"https:\/\/mpfiltri4.addictionlab.it\/fr\/#website"},"datePublished":"2025-06-16T14:41:26+00:00","dateModified":"2026-04-07T15:53:46+00:00","breadcrumb":{"@id":"https:\/\/mpfiltri4.addictionlab.it\/fr\/product\/lmg\/#breadcrumb"},"inLanguage":"fr-FR","potentialAction":[{"@type":"ReadAction","target":["https:\/\/mpfiltri4.addictionlab.it\/fr\/product\/lmg\/"]}]},{"@type":"BreadcrumbList","@id":"https:\/\/mpfiltri4.addictionlab.it\/fr\/product\/lmg\/#breadcrumb","itemListElement":[{"@type":"ListItem","position":1,"name":"Home","item":"https:\/\/mpfiltri4.addictionlab.it\/fr\/"},{"@type":"ListItem","position":2,"name":"Produits","item":"https:\/\/mpfiltri4.addictionlab.it\/fr\/shop\/"},{"@type":"ListItem","position":3,"name":"LMG"}]},{"@type":"WebSite","@id":"https:\/\/mpfiltri4.addictionlab.it\/fr\/#website","url":"https:\/\/mpfiltri4.addictionlab.it\/fr\/","name":"MP Filtri","description":"","publisher":{"@id":"https:\/\/mpfiltri4.addictionlab.it\/fr\/#organization"},"potentialAction":[{"@type":"SearchAction","target":{"@type":"EntryPoint","urlTemplate":"https:\/\/mpfiltri4.addictionlab.it\/fr\/?s={search_term_string}"},"query-input":{"@type":"PropertyValueSpecification","valueRequired":true,"valueName":"search_term_string"}}],"inLanguage":"fr-FR"},{"@type":"Organization","@id":"https:\/\/mpfiltri4.addictionlab.it\/fr\/#organization","name":"MP Filtri","url":"https:\/\/mpfiltri4.addictionlab.it\/fr\/","logo":{"@type":"ImageObject","inLanguage":"fr-FR","@id":"https:\/\/mpfiltri4.addictionlab.it\/fr\/#\/schema\/logo\/image\/","url":"","contentUrl":"","caption":"MP Filtri"},"image":{"@id":"https:\/\/mpfiltri4.addictionlab.it\/fr\/#\/schema\/logo\/image\/"},"sameAs":["https:\/\/www.facebook.com\/MPFiltriITA","https:\/\/www.instagram.com\/mpfiltri\/","https:\/\/www.youtube.com\/channel\/UCCzNMySYc1c4M-2B4v0K_QA?view_as=subscriber","https:\/\/www.linkedin.com\/company\/mp-filtri-spa\/"]}]}},"_links":{"self":[{"href":"https:\/\/mpfiltri4.addictionlab.it\/fr\/wp-json\/wp\/v2\/product\/77845","targetHints":{"allow":["GET"]}}],"collection":[{"href":"https:\/\/mpfiltri4.addictionlab.it\/fr\/wp-json\/wp\/v2\/product"}],"about":[{"href":"https:\/\/mpfiltri4.addictionlab.it\/fr\/wp-json\/wp\/v2\/types\/product"}],"replies":[{"embeddable":true,"href":"https:\/\/mpfiltri4.addictionlab.it\/fr\/wp-json\/wp\/v2\/comments?post=77845"}],"wp:attachment":[{"href":"https:\/\/mpfiltri4.addictionlab.it\/fr\/wp-json\/wp\/v2\/media?parent=77845"}],"wp:term":[{"taxonomy":"product-structure","embeddable":true,"href":"https:\/\/mpfiltri4.addictionlab.it\/fr\/wp-json\/wp\/v2\/product-structure?post=77845"},{"taxonomy":"product_brand","embeddable":true,"href":"https:\/\/mpfiltri4.addictionlab.it\/fr\/wp-json\/wp\/v2\/product_brand?post=77845"},{"taxonomy":"product_cat","embeddable":true,"href":"https:\/\/mpfiltri4.addictionlab.it\/fr\/wp-json\/wp\/v2\/product_cat?post=77845"},{"taxonomy":"product_tag","embeddable":true,"href":"https:\/\/mpfiltri4.addictionlab.it\/fr\/wp-json\/wp\/v2\/product_tag?post=77845"}],"curies":[{"name":"wp","href":"https:\/\/api.w.org\/{rel}","templated":true}]}}