

{"id":77596,"date":"2025-06-16T16:38:37","date_gmt":"2025-06-16T14:38:37","guid":{"rendered":"https:\/\/mpfiltri4.addictionlab.it\/product\/produit\/"},"modified":"2026-04-07T17:54:00","modified_gmt":"2026-04-07T15:54:00","slug":"filtres-en-ligne-en-acier-inoxydable-1000-bar","status":"publish","type":"product","link":"https:\/\/mpfiltri4.addictionlab.it\/fr\/product\/filtres-en-ligne-en-acier-inoxydable-1000-bar\/","title":{"rendered":"FILTRES EN LIGNE EN ACIER INOXYDABLE, <= 1000 BAR"},"content":{"rendered":"<p>La fabrication en acier inoxydable assure une protection maximale en cas d\u2019utilisation dans des environnements corrosifs ou avec des fluides agressifs. Les filtres en acier inoxydable haute pression sont utilis\u00e9s pour prot\u00e9ger les valves de fa\u00e7on individuelles ou l\u2019ensemble du circuit hydraulique de la contamination.<\/p>\n<p>La s\u00e9rie de filtre en ligne en acier inoxydable FZ est sp\u00e9cialement con\u00e7ue pour les applications dans les domaines suivants:<\/p>\n<ul>\n<li>\n<p>Ing\u00e9nierie du process<\/p>\n<\/li>\n<li>\n<p> Hydraulique eau<\/p>\n<\/li>\n<li>\n<p>Hydraulique offshore \/ marine<\/p>\n<\/li>\n<li>\n<p>Hydraulique tr\u00e8s haute pression<\/p>\n<\/li>\n<li>\n<p>Applications dans des environnements difficiles ou agressifs<\/p>\n<\/li>\n<\/ul>\n","protected":false},"excerpt":{"rendered":"<p>La fabrication en acier inoxydable assure une protection maximale en cas d\u2019utilisation dans des environnements corrosifs ou avec des fluides agressifs. Les filtres en acier inoxydable haute pression sont utilis\u00e9s pour prot\u00e9ger les valves de fa\u00e7on individuelles ou l\u2019ensemble du circuit hydraulique de la contamination. La s\u00e9rie de filtre en ligne en acier inoxydable FZ [&hellip;]<\/p>\n","protected":false},"featured_media":38074,"comment_status":"open","ping_status":"closed","template":"","meta":{"_acf_changed":false,"_gspb_post_css":"","inline_featured_image":false,"_genesis_hide_title":false,"_genesis_hide_breadcrumbs":false,"_genesis_hide_singular_image":false,"_genesis_hide_footer_widgets":false,"_genesis_custom_body_class":"","_genesis_custom_post_class":"","_genesis_layout":"","_links_to":"","_links_to_target":""},"product-structure":[61],"product_brand":[],"product_cat":[],"product_tag":[],"class_list":{"0":"post-77596","1":"product","2":"type-product","3":"status-publish","4":"has-post-thumbnail","6":"product-structure-family","7":"entry","9":"first","10":"instock","11":"shipping-taxable","12":"product-type-simple"},"acf":[],"yoast_head":"<!-- This site is optimized with the Yoast SEO plugin v27.1.1 - https:\/\/yoast.com\/product\/yoast-seo-wordpress\/ -->\n<title>FILTRES EN LIGNE EN ACIER INOXYDABLE,<\/title>\n<meta name=\"robots\" content=\"index, follow, max-snippet:-1, max-image-preview:large, max-video-preview:-1\" \/>\n<link rel=\"canonical\" href=\"https:\/\/mpfiltri4.addictionlab.it\/fr\/product\/filtres-en-ligne-en-acier-inoxydable-1000-bar\/\" \/>\n<meta property=\"og:locale\" content=\"fr_FR\" \/>\n<meta property=\"og:type\" content=\"article\" \/>\n<meta property=\"og:title\" content=\"FILTRES EN LIGNE EN ACIER INOXYDABLE,\" \/>\n<meta property=\"og:description\" content=\"La fabrication en acier inoxydable assure une protection maximale en cas d\u2019utilisation dans des environnements corrosifs ou avec des fluides agressifs. Les filtres en acier inoxydable haute pression sont utilis\u00e9s pour prot\u00e9ger les valves de fa\u00e7on individuelles ou l\u2019ensemble du circuit hydraulique de la contamination. La s\u00e9rie de filtre en ligne en acier inoxydable FZ [&hellip;]\" \/>\n<meta property=\"og:url\" content=\"https:\/\/mpfiltri4.addictionlab.it\/fr\/product\/filtres-en-ligne-en-acier-inoxydable-1000-bar\/\" \/>\n<meta property=\"og:site_name\" content=\"MP Filtri\" \/>\n<meta property=\"article:publisher\" content=\"https:\/\/www.facebook.com\/MPFiltriITA\" \/>\n<meta property=\"article:modified_time\" content=\"2026-04-07T15:54:00+00:00\" \/>\n<meta property=\"og:image\" content=\"https:\/\/mpfiltri4.addictionlab.it\/wp-content\/uploads\/2025\/10\/hf-inox.png\" \/>\n\t<meta property=\"og:image:width\" content=\"700\" \/>\n\t<meta property=\"og:image:height\" content=\"700\" \/>\n\t<meta property=\"og:image:type\" content=\"image\/png\" \/>\n<meta name=\"twitter:card\" content=\"summary_large_image\" \/>\n<script type=\"application\/ld+json\" class=\"yoast-schema-graph\">{\"@context\":\"https:\/\/schema.org\",\"@graph\":[{\"@type\":\"WebPage\",\"@id\":\"https:\/\/mpfiltri4.addictionlab.it\/fr\/product\/filtres-en-ligne-en-acier-inoxydable-1000-bar\/\",\"url\":\"https:\/\/mpfiltri4.addictionlab.it\/fr\/product\/filtres-en-ligne-en-acier-inoxydable-1000-bar\/\",\"name\":\"FILTRES EN LIGNE EN ACIER INOXYDABLE,\",\"isPartOf\":{\"@id\":\"https:\/\/mpfiltri4.addictionlab.it\/fr\/#website\"},\"primaryImageOfPage\":{\"@id\":\"https:\/\/mpfiltri4.addictionlab.it\/fr\/product\/filtres-en-ligne-en-acier-inoxydable-1000-bar\/#primaryimage\"},\"image\":{\"@id\":\"https:\/\/mpfiltri4.addictionlab.it\/fr\/product\/filtres-en-ligne-en-acier-inoxydable-1000-bar\/#primaryimage\"},\"thumbnailUrl\":\"https:\/\/mpfiltri4.addictionlab.it\/wp-content\/uploads\/2025\/10\/hf-inox.png\",\"datePublished\":\"2025-06-16T14:38:37+00:00\",\"dateModified\":\"2026-04-07T15:54:00+00:00\",\"breadcrumb\":{\"@id\":\"https:\/\/mpfiltri4.addictionlab.it\/fr\/product\/filtres-en-ligne-en-acier-inoxydable-1000-bar\/#breadcrumb\"},\"inLanguage\":\"fr-FR\",\"potentialAction\":[{\"@type\":\"ReadAction\",\"target\":[\"https:\/\/mpfiltri4.addictionlab.it\/fr\/product\/filtres-en-ligne-en-acier-inoxydable-1000-bar\/\"]}]},{\"@type\":\"ImageObject\",\"inLanguage\":\"fr-FR\",\"@id\":\"https:\/\/mpfiltri4.addictionlab.it\/fr\/product\/filtres-en-ligne-en-acier-inoxydable-1000-bar\/#primaryimage\",\"url\":\"https:\/\/mpfiltri4.addictionlab.it\/wp-content\/uploads\/2025\/10\/hf-inox.png\",\"contentUrl\":\"https:\/\/mpfiltri4.addictionlab.it\/wp-content\/uploads\/2025\/10\/hf-inox.png\",\"width\":700,\"height\":700},{\"@type\":\"BreadcrumbList\",\"@id\":\"https:\/\/mpfiltri4.addictionlab.it\/fr\/product\/filtres-en-ligne-en-acier-inoxydable-1000-bar\/#breadcrumb\",\"itemListElement\":[{\"@type\":\"ListItem\",\"position\":1,\"name\":\"Home\",\"item\":\"https:\/\/mpfiltri4.addictionlab.it\/fr\/\"},{\"@type\":\"ListItem\",\"position\":2,\"name\":\"Produits\",\"item\":\"https:\/\/mpfiltri4.addictionlab.it\/fr\/shop\/\"},{\"@type\":\"ListItem\",\"position\":3,\"name\":\"FILTRES EN LIGNE EN ACIER INOXYDABLE,\"}]},{\"@type\":\"WebSite\",\"@id\":\"https:\/\/mpfiltri4.addictionlab.it\/fr\/#website\",\"url\":\"https:\/\/mpfiltri4.addictionlab.it\/fr\/\",\"name\":\"MP Filtri\",\"description\":\"\",\"publisher\":{\"@id\":\"https:\/\/mpfiltri4.addictionlab.it\/fr\/#organization\"},\"potentialAction\":[{\"@type\":\"SearchAction\",\"target\":{\"@type\":\"EntryPoint\",\"urlTemplate\":\"https:\/\/mpfiltri4.addictionlab.it\/fr\/?s={search_term_string}\"},\"query-input\":{\"@type\":\"PropertyValueSpecification\",\"valueRequired\":true,\"valueName\":\"search_term_string\"}}],\"inLanguage\":\"fr-FR\"},{\"@type\":\"Organization\",\"@id\":\"https:\/\/mpfiltri4.addictionlab.it\/fr\/#organization\",\"name\":\"MP Filtri\",\"url\":\"https:\/\/mpfiltri4.addictionlab.it\/fr\/\",\"logo\":{\"@type\":\"ImageObject\",\"inLanguage\":\"fr-FR\",\"@id\":\"https:\/\/mpfiltri4.addictionlab.it\/fr\/#\/schema\/logo\/image\/\",\"url\":\"\",\"contentUrl\":\"\",\"caption\":\"MP Filtri\"},\"image\":{\"@id\":\"https:\/\/mpfiltri4.addictionlab.it\/fr\/#\/schema\/logo\/image\/\"},\"sameAs\":[\"https:\/\/www.facebook.com\/MPFiltriITA\",\"https:\/\/www.instagram.com\/mpfiltri\/\",\"https:\/\/www.youtube.com\/channel\/UCCzNMySYc1c4M-2B4v0K_QA?view_as=subscriber\",\"https:\/\/www.linkedin.com\/company\/mp-filtri-spa\/\"]}]}<\/script>\n<!-- \/ Yoast SEO plugin. -->","yoast_head_json":{"title":"FILTRES EN LIGNE EN ACIER INOXYDABLE,","robots":{"index":"index","follow":"follow","max-snippet":"max-snippet:-1","max-image-preview":"max-image-preview:large","max-video-preview":"max-video-preview:-1"},"canonical":"https:\/\/mpfiltri4.addictionlab.it\/fr\/product\/filtres-en-ligne-en-acier-inoxydable-1000-bar\/","og_locale":"fr_FR","og_type":"article","og_title":"FILTRES EN LIGNE EN ACIER INOXYDABLE,","og_description":"La fabrication en acier inoxydable assure une protection maximale en cas d\u2019utilisation dans des environnements corrosifs ou avec des fluides agressifs. Les filtres en acier inoxydable haute pression sont utilis\u00e9s pour prot\u00e9ger les valves de fa\u00e7on individuelles ou l\u2019ensemble du circuit hydraulique de la contamination. La s\u00e9rie de filtre en ligne en acier inoxydable FZ [&hellip;]","og_url":"https:\/\/mpfiltri4.addictionlab.it\/fr\/product\/filtres-en-ligne-en-acier-inoxydable-1000-bar\/","og_site_name":"MP Filtri","article_publisher":"https:\/\/www.facebook.com\/MPFiltriITA","article_modified_time":"2026-04-07T15:54:00+00:00","og_image":[{"width":700,"height":700,"url":"https:\/\/mpfiltri4.addictionlab.it\/wp-content\/uploads\/2025\/10\/hf-inox.png","type":"image\/png"}],"twitter_card":"summary_large_image","schema":{"@context":"https:\/\/schema.org","@graph":[{"@type":"WebPage","@id":"https:\/\/mpfiltri4.addictionlab.it\/fr\/product\/filtres-en-ligne-en-acier-inoxydable-1000-bar\/","url":"https:\/\/mpfiltri4.addictionlab.it\/fr\/product\/filtres-en-ligne-en-acier-inoxydable-1000-bar\/","name":"FILTRES EN LIGNE EN ACIER INOXYDABLE,","isPartOf":{"@id":"https:\/\/mpfiltri4.addictionlab.it\/fr\/#website"},"primaryImageOfPage":{"@id":"https:\/\/mpfiltri4.addictionlab.it\/fr\/product\/filtres-en-ligne-en-acier-inoxydable-1000-bar\/#primaryimage"},"image":{"@id":"https:\/\/mpfiltri4.addictionlab.it\/fr\/product\/filtres-en-ligne-en-acier-inoxydable-1000-bar\/#primaryimage"},"thumbnailUrl":"https:\/\/mpfiltri4.addictionlab.it\/wp-content\/uploads\/2025\/10\/hf-inox.png","datePublished":"2025-06-16T14:38:37+00:00","dateModified":"2026-04-07T15:54:00+00:00","breadcrumb":{"@id":"https:\/\/mpfiltri4.addictionlab.it\/fr\/product\/filtres-en-ligne-en-acier-inoxydable-1000-bar\/#breadcrumb"},"inLanguage":"fr-FR","potentialAction":[{"@type":"ReadAction","target":["https:\/\/mpfiltri4.addictionlab.it\/fr\/product\/filtres-en-ligne-en-acier-inoxydable-1000-bar\/"]}]},{"@type":"ImageObject","inLanguage":"fr-FR","@id":"https:\/\/mpfiltri4.addictionlab.it\/fr\/product\/filtres-en-ligne-en-acier-inoxydable-1000-bar\/#primaryimage","url":"https:\/\/mpfiltri4.addictionlab.it\/wp-content\/uploads\/2025\/10\/hf-inox.png","contentUrl":"https:\/\/mpfiltri4.addictionlab.it\/wp-content\/uploads\/2025\/10\/hf-inox.png","width":700,"height":700},{"@type":"BreadcrumbList","@id":"https:\/\/mpfiltri4.addictionlab.it\/fr\/product\/filtres-en-ligne-en-acier-inoxydable-1000-bar\/#breadcrumb","itemListElement":[{"@type":"ListItem","position":1,"name":"Home","item":"https:\/\/mpfiltri4.addictionlab.it\/fr\/"},{"@type":"ListItem","position":2,"name":"Produits","item":"https:\/\/mpfiltri4.addictionlab.it\/fr\/shop\/"},{"@type":"ListItem","position":3,"name":"FILTRES EN LIGNE EN ACIER INOXYDABLE,"}]},{"@type":"WebSite","@id":"https:\/\/mpfiltri4.addictionlab.it\/fr\/#website","url":"https:\/\/mpfiltri4.addictionlab.it\/fr\/","name":"MP Filtri","description":"","publisher":{"@id":"https:\/\/mpfiltri4.addictionlab.it\/fr\/#organization"},"potentialAction":[{"@type":"SearchAction","target":{"@type":"EntryPoint","urlTemplate":"https:\/\/mpfiltri4.addictionlab.it\/fr\/?s={search_term_string}"},"query-input":{"@type":"PropertyValueSpecification","valueRequired":true,"valueName":"search_term_string"}}],"inLanguage":"fr-FR"},{"@type":"Organization","@id":"https:\/\/mpfiltri4.addictionlab.it\/fr\/#organization","name":"MP Filtri","url":"https:\/\/mpfiltri4.addictionlab.it\/fr\/","logo":{"@type":"ImageObject","inLanguage":"fr-FR","@id":"https:\/\/mpfiltri4.addictionlab.it\/fr\/#\/schema\/logo\/image\/","url":"","contentUrl":"","caption":"MP Filtri"},"image":{"@id":"https:\/\/mpfiltri4.addictionlab.it\/fr\/#\/schema\/logo\/image\/"},"sameAs":["https:\/\/www.facebook.com\/MPFiltriITA","https:\/\/www.instagram.com\/mpfiltri\/","https:\/\/www.youtube.com\/channel\/UCCzNMySYc1c4M-2B4v0K_QA?view_as=subscriber","https:\/\/www.linkedin.com\/company\/mp-filtri-spa\/"]}]}},"_links":{"self":[{"href":"https:\/\/mpfiltri4.addictionlab.it\/fr\/wp-json\/wp\/v2\/product\/77596","targetHints":{"allow":["GET"]}}],"collection":[{"href":"https:\/\/mpfiltri4.addictionlab.it\/fr\/wp-json\/wp\/v2\/product"}],"about":[{"href":"https:\/\/mpfiltri4.addictionlab.it\/fr\/wp-json\/wp\/v2\/types\/product"}],"replies":[{"embeddable":true,"href":"https:\/\/mpfiltri4.addictionlab.it\/fr\/wp-json\/wp\/v2\/comments?post=77596"}],"wp:featuredmedia":[{"embeddable":true,"href":"https:\/\/mpfiltri4.addictionlab.it\/fr\/wp-json\/wp\/v2\/media\/38074"}],"wp:attachment":[{"href":"https:\/\/mpfiltri4.addictionlab.it\/fr\/wp-json\/wp\/v2\/media?parent=77596"}],"wp:term":[{"taxonomy":"product-structure","embeddable":true,"href":"https:\/\/mpfiltri4.addictionlab.it\/fr\/wp-json\/wp\/v2\/product-structure?post=77596"},{"taxonomy":"product_brand","embeddable":true,"href":"https:\/\/mpfiltri4.addictionlab.it\/fr\/wp-json\/wp\/v2\/product_brand?post=77596"},{"taxonomy":"product_cat","embeddable":true,"href":"https:\/\/mpfiltri4.addictionlab.it\/fr\/wp-json\/wp\/v2\/product_cat?post=77596"},{"taxonomy":"product_tag","embeddable":true,"href":"https:\/\/mpfiltri4.addictionlab.it\/fr\/wp-json\/wp\/v2\/product_tag?post=77596"}],"curies":[{"name":"wp","href":"https:\/\/api.w.org\/{rel}","templated":true}]}}