

{"id":77533,"date":"2025-10-22T10:35:07","date_gmt":"2025-10-22T08:35:07","guid":{"rendered":"https:\/\/mpfiltri4.addictionlab.it\/product\/produit\/"},"modified":"2026-04-07T17:52:42","modified_gmt":"2026-04-07T15:52:42","slug":"accessoires-de-reservoir-hydraulique","status":"publish","type":"product","link":"https:\/\/mpfiltri4.addictionlab.it\/fr\/product\/accessoires-de-reservoir-hydraulique\/","title":{"rendered":"ACCESSOIRES DE RESERVOIR HYDRAULIQUE"},"content":{"rendered":"<p>La gamme compl\u00e8te d&#8217;accessoires de r\u00e9servoir MP Filtri se compose de: filtres \u00e0 air, bouchons de remplissage et de filtration d\u2019air, indicateurs de niveau visuels et \u00e9lectriques, s\u00e9lecteurs de manom\u00e8tres, brides de fixation des tuyauteries sur le couvercle du r\u00e9servoir et trappes de visite. Les bouchons de remplissage et de filtration d\u2019air ont une double fonction sur r\u00e9servoir : la filtration de l&#8217;air entrant et la pr\u00e9filtration du fluide \u00e0 travers un panier, afin d&#8217;\u00e9viter l&#8217;entr\u00e9e de corps \u00e9trangers lors des op\u00e9rations de remplissage ou d\u2019appoint d\u2019huile.<\/p>\n","protected":false},"excerpt":{"rendered":"<p>La gamme compl\u00e8te d&#8217;accessoires de r\u00e9servoir MP Filtri se compose de: filtres \u00e0 air, bouchons de remplissage et de filtration d\u2019air, indicateurs de niveau visuels et \u00e9lectriques, s\u00e9lecteurs de manom\u00e8tres, brides de fixation des tuyauteries sur le couvercle du r\u00e9servoir et trappes de visite. Les bouchons de remplissage et de filtration d\u2019air ont une double [&hellip;]<\/p>\n","protected":false},"featured_media":24009,"comment_status":"open","ping_status":"closed","template":"","meta":{"_acf_changed":false,"_gspb_post_css":"","inline_featured_image":false,"_genesis_hide_title":false,"_genesis_hide_breadcrumbs":false,"_genesis_hide_singular_image":false,"_genesis_hide_footer_widgets":false,"_genesis_custom_body_class":"","_genesis_custom_post_class":"","_genesis_layout":"","_links_to":"","_links_to_target":""},"product-structure":[60],"product_brand":[],"product_cat":[],"product_tag":[],"class_list":{"0":"post-77533","1":"product","2":"type-product","3":"status-publish","4":"has-post-thumbnail","6":"product-structure-catalogue","7":"entry","9":"first","10":"instock","11":"shipping-taxable","12":"product-type-simple"},"acf":[],"yoast_head":"<!-- This site is optimized with the Yoast SEO plugin v27.1.1 - https:\/\/yoast.com\/product\/yoast-seo-wordpress\/ -->\n<title>ACCESSOIRES DE RESERVOIR HYDRAULIQUE - MP Filtri<\/title>\n<meta name=\"robots\" content=\"index, follow, max-snippet:-1, max-image-preview:large, max-video-preview:-1\" \/>\n<link rel=\"canonical\" href=\"https:\/\/mpfiltri4.addictionlab.it\/fr\/product\/accessoires-de-reservoir-hydraulique\/\" \/>\n<meta property=\"og:locale\" content=\"fr_FR\" \/>\n<meta property=\"og:type\" content=\"article\" \/>\n<meta property=\"og:title\" content=\"ACCESSOIRES DE RESERVOIR HYDRAULIQUE - MP Filtri\" \/>\n<meta property=\"og:description\" content=\"La gamme compl\u00e8te d&#8217;accessoires de r\u00e9servoir MP Filtri se compose de: filtres \u00e0 air, bouchons de remplissage et de filtration d\u2019air, indicateurs de niveau visuels et \u00e9lectriques, s\u00e9lecteurs de manom\u00e8tres, brides de fixation des tuyauteries sur le couvercle du r\u00e9servoir et trappes de visite. Les bouchons de remplissage et de filtration d\u2019air ont une double [&hellip;]\" \/>\n<meta property=\"og:url\" content=\"https:\/\/mpfiltri4.addictionlab.it\/fr\/product\/accessoires-de-reservoir-hydraulique\/\" \/>\n<meta property=\"og:site_name\" content=\"MP Filtri\" \/>\n<meta property=\"article:publisher\" content=\"https:\/\/www.facebook.com\/MPFiltriITA\" \/>\n<meta property=\"article:modified_time\" content=\"2026-04-07T15:52:42+00:00\" \/>\n<meta property=\"og:image\" content=\"https:\/\/mpfiltri4.addictionlab.it\/wp-content\/uploads\/2025\/06\/TANK.png\" \/>\n\t<meta property=\"og:image:width\" content=\"313\" \/>\n\t<meta property=\"og:image:height\" content=\"313\" \/>\n\t<meta property=\"og:image:type\" content=\"image\/png\" \/>\n<meta name=\"twitter:card\" content=\"summary_large_image\" \/>\n<script type=\"application\/ld+json\" class=\"yoast-schema-graph\">{\"@context\":\"https:\/\/schema.org\",\"@graph\":[{\"@type\":\"WebPage\",\"@id\":\"https:\/\/mpfiltri4.addictionlab.it\/fr\/product\/accessoires-de-reservoir-hydraulique\/\",\"url\":\"https:\/\/mpfiltri4.addictionlab.it\/fr\/product\/accessoires-de-reservoir-hydraulique\/\",\"name\":\"ACCESSOIRES DE RESERVOIR HYDRAULIQUE - MP Filtri\",\"isPartOf\":{\"@id\":\"https:\/\/mpfiltri4.addictionlab.it\/fr\/#website\"},\"primaryImageOfPage\":{\"@id\":\"https:\/\/mpfiltri4.addictionlab.it\/fr\/product\/accessoires-de-reservoir-hydraulique\/#primaryimage\"},\"image\":{\"@id\":\"https:\/\/mpfiltri4.addictionlab.it\/fr\/product\/accessoires-de-reservoir-hydraulique\/#primaryimage\"},\"thumbnailUrl\":\"https:\/\/mpfiltri4.addictionlab.it\/wp-content\/uploads\/2025\/06\/TANK.png\",\"datePublished\":\"2025-10-22T08:35:07+00:00\",\"dateModified\":\"2026-04-07T15:52:42+00:00\",\"breadcrumb\":{\"@id\":\"https:\/\/mpfiltri4.addictionlab.it\/fr\/product\/accessoires-de-reservoir-hydraulique\/#breadcrumb\"},\"inLanguage\":\"fr-FR\",\"potentialAction\":[{\"@type\":\"ReadAction\",\"target\":[\"https:\/\/mpfiltri4.addictionlab.it\/fr\/product\/accessoires-de-reservoir-hydraulique\/\"]}]},{\"@type\":\"ImageObject\",\"inLanguage\":\"fr-FR\",\"@id\":\"https:\/\/mpfiltri4.addictionlab.it\/fr\/product\/accessoires-de-reservoir-hydraulique\/#primaryimage\",\"url\":\"https:\/\/mpfiltri4.addictionlab.it\/wp-content\/uploads\/2025\/06\/TANK.png\",\"contentUrl\":\"https:\/\/mpfiltri4.addictionlab.it\/wp-content\/uploads\/2025\/06\/TANK.png\",\"width\":313,\"height\":313},{\"@type\":\"BreadcrumbList\",\"@id\":\"https:\/\/mpfiltri4.addictionlab.it\/fr\/product\/accessoires-de-reservoir-hydraulique\/#breadcrumb\",\"itemListElement\":[{\"@type\":\"ListItem\",\"position\":1,\"name\":\"Home\",\"item\":\"https:\/\/mpfiltri4.addictionlab.it\/fr\/\"},{\"@type\":\"ListItem\",\"position\":2,\"name\":\"Produits\",\"item\":\"https:\/\/mpfiltri4.addictionlab.it\/fr\/shop\/\"},{\"@type\":\"ListItem\",\"position\":3,\"name\":\"ACCESSOIRES DE RESERVOIR HYDRAULIQUE\"}]},{\"@type\":\"WebSite\",\"@id\":\"https:\/\/mpfiltri4.addictionlab.it\/fr\/#website\",\"url\":\"https:\/\/mpfiltri4.addictionlab.it\/fr\/\",\"name\":\"MP Filtri\",\"description\":\"\",\"publisher\":{\"@id\":\"https:\/\/mpfiltri4.addictionlab.it\/fr\/#organization\"},\"potentialAction\":[{\"@type\":\"SearchAction\",\"target\":{\"@type\":\"EntryPoint\",\"urlTemplate\":\"https:\/\/mpfiltri4.addictionlab.it\/fr\/?s={search_term_string}\"},\"query-input\":{\"@type\":\"PropertyValueSpecification\",\"valueRequired\":true,\"valueName\":\"search_term_string\"}}],\"inLanguage\":\"fr-FR\"},{\"@type\":\"Organization\",\"@id\":\"https:\/\/mpfiltri4.addictionlab.it\/fr\/#organization\",\"name\":\"MP Filtri\",\"url\":\"https:\/\/mpfiltri4.addictionlab.it\/fr\/\",\"logo\":{\"@type\":\"ImageObject\",\"inLanguage\":\"fr-FR\",\"@id\":\"https:\/\/mpfiltri4.addictionlab.it\/fr\/#\/schema\/logo\/image\/\",\"url\":\"\",\"contentUrl\":\"\",\"caption\":\"MP Filtri\"},\"image\":{\"@id\":\"https:\/\/mpfiltri4.addictionlab.it\/fr\/#\/schema\/logo\/image\/\"},\"sameAs\":[\"https:\/\/www.facebook.com\/MPFiltriITA\",\"https:\/\/www.instagram.com\/mpfiltri\/\",\"https:\/\/www.youtube.com\/channel\/UCCzNMySYc1c4M-2B4v0K_QA?view_as=subscriber\",\"https:\/\/www.linkedin.com\/company\/mp-filtri-spa\/\"]}]}<\/script>\n<!-- \/ Yoast SEO plugin. -->","yoast_head_json":{"title":"ACCESSOIRES DE RESERVOIR HYDRAULIQUE - MP Filtri","robots":{"index":"index","follow":"follow","max-snippet":"max-snippet:-1","max-image-preview":"max-image-preview:large","max-video-preview":"max-video-preview:-1"},"canonical":"https:\/\/mpfiltri4.addictionlab.it\/fr\/product\/accessoires-de-reservoir-hydraulique\/","og_locale":"fr_FR","og_type":"article","og_title":"ACCESSOIRES DE RESERVOIR HYDRAULIQUE - MP Filtri","og_description":"La gamme compl\u00e8te d&#8217;accessoires de r\u00e9servoir MP Filtri se compose de: filtres \u00e0 air, bouchons de remplissage et de filtration d\u2019air, indicateurs de niveau visuels et \u00e9lectriques, s\u00e9lecteurs de manom\u00e8tres, brides de fixation des tuyauteries sur le couvercle du r\u00e9servoir et trappes de visite. Les bouchons de remplissage et de filtration d\u2019air ont une double [&hellip;]","og_url":"https:\/\/mpfiltri4.addictionlab.it\/fr\/product\/accessoires-de-reservoir-hydraulique\/","og_site_name":"MP Filtri","article_publisher":"https:\/\/www.facebook.com\/MPFiltriITA","article_modified_time":"2026-04-07T15:52:42+00:00","og_image":[{"width":313,"height":313,"url":"https:\/\/mpfiltri4.addictionlab.it\/wp-content\/uploads\/2025\/06\/TANK.png","type":"image\/png"}],"twitter_card":"summary_large_image","schema":{"@context":"https:\/\/schema.org","@graph":[{"@type":"WebPage","@id":"https:\/\/mpfiltri4.addictionlab.it\/fr\/product\/accessoires-de-reservoir-hydraulique\/","url":"https:\/\/mpfiltri4.addictionlab.it\/fr\/product\/accessoires-de-reservoir-hydraulique\/","name":"ACCESSOIRES DE RESERVOIR HYDRAULIQUE - MP Filtri","isPartOf":{"@id":"https:\/\/mpfiltri4.addictionlab.it\/fr\/#website"},"primaryImageOfPage":{"@id":"https:\/\/mpfiltri4.addictionlab.it\/fr\/product\/accessoires-de-reservoir-hydraulique\/#primaryimage"},"image":{"@id":"https:\/\/mpfiltri4.addictionlab.it\/fr\/product\/accessoires-de-reservoir-hydraulique\/#primaryimage"},"thumbnailUrl":"https:\/\/mpfiltri4.addictionlab.it\/wp-content\/uploads\/2025\/06\/TANK.png","datePublished":"2025-10-22T08:35:07+00:00","dateModified":"2026-04-07T15:52:42+00:00","breadcrumb":{"@id":"https:\/\/mpfiltri4.addictionlab.it\/fr\/product\/accessoires-de-reservoir-hydraulique\/#breadcrumb"},"inLanguage":"fr-FR","potentialAction":[{"@type":"ReadAction","target":["https:\/\/mpfiltri4.addictionlab.it\/fr\/product\/accessoires-de-reservoir-hydraulique\/"]}]},{"@type":"ImageObject","inLanguage":"fr-FR","@id":"https:\/\/mpfiltri4.addictionlab.it\/fr\/product\/accessoires-de-reservoir-hydraulique\/#primaryimage","url":"https:\/\/mpfiltri4.addictionlab.it\/wp-content\/uploads\/2025\/06\/TANK.png","contentUrl":"https:\/\/mpfiltri4.addictionlab.it\/wp-content\/uploads\/2025\/06\/TANK.png","width":313,"height":313},{"@type":"BreadcrumbList","@id":"https:\/\/mpfiltri4.addictionlab.it\/fr\/product\/accessoires-de-reservoir-hydraulique\/#breadcrumb","itemListElement":[{"@type":"ListItem","position":1,"name":"Home","item":"https:\/\/mpfiltri4.addictionlab.it\/fr\/"},{"@type":"ListItem","position":2,"name":"Produits","item":"https:\/\/mpfiltri4.addictionlab.it\/fr\/shop\/"},{"@type":"ListItem","position":3,"name":"ACCESSOIRES DE RESERVOIR HYDRAULIQUE"}]},{"@type":"WebSite","@id":"https:\/\/mpfiltri4.addictionlab.it\/fr\/#website","url":"https:\/\/mpfiltri4.addictionlab.it\/fr\/","name":"MP Filtri","description":"","publisher":{"@id":"https:\/\/mpfiltri4.addictionlab.it\/fr\/#organization"},"potentialAction":[{"@type":"SearchAction","target":{"@type":"EntryPoint","urlTemplate":"https:\/\/mpfiltri4.addictionlab.it\/fr\/?s={search_term_string}"},"query-input":{"@type":"PropertyValueSpecification","valueRequired":true,"valueName":"search_term_string"}}],"inLanguage":"fr-FR"},{"@type":"Organization","@id":"https:\/\/mpfiltri4.addictionlab.it\/fr\/#organization","name":"MP Filtri","url":"https:\/\/mpfiltri4.addictionlab.it\/fr\/","logo":{"@type":"ImageObject","inLanguage":"fr-FR","@id":"https:\/\/mpfiltri4.addictionlab.it\/fr\/#\/schema\/logo\/image\/","url":"","contentUrl":"","caption":"MP Filtri"},"image":{"@id":"https:\/\/mpfiltri4.addictionlab.it\/fr\/#\/schema\/logo\/image\/"},"sameAs":["https:\/\/www.facebook.com\/MPFiltriITA","https:\/\/www.instagram.com\/mpfiltri\/","https:\/\/www.youtube.com\/channel\/UCCzNMySYc1c4M-2B4v0K_QA?view_as=subscriber","https:\/\/www.linkedin.com\/company\/mp-filtri-spa\/"]}]}},"_links":{"self":[{"href":"https:\/\/mpfiltri4.addictionlab.it\/fr\/wp-json\/wp\/v2\/product\/77533","targetHints":{"allow":["GET"]}}],"collection":[{"href":"https:\/\/mpfiltri4.addictionlab.it\/fr\/wp-json\/wp\/v2\/product"}],"about":[{"href":"https:\/\/mpfiltri4.addictionlab.it\/fr\/wp-json\/wp\/v2\/types\/product"}],"replies":[{"embeddable":true,"href":"https:\/\/mpfiltri4.addictionlab.it\/fr\/wp-json\/wp\/v2\/comments?post=77533"}],"wp:featuredmedia":[{"embeddable":true,"href":"https:\/\/mpfiltri4.addictionlab.it\/fr\/wp-json\/wp\/v2\/media\/24009"}],"wp:attachment":[{"href":"https:\/\/mpfiltri4.addictionlab.it\/fr\/wp-json\/wp\/v2\/media?parent=77533"}],"wp:term":[{"taxonomy":"product-structure","embeddable":true,"href":"https:\/\/mpfiltri4.addictionlab.it\/fr\/wp-json\/wp\/v2\/product-structure?post=77533"},{"taxonomy":"product_brand","embeddable":true,"href":"https:\/\/mpfiltri4.addictionlab.it\/fr\/wp-json\/wp\/v2\/product_brand?post=77533"},{"taxonomy":"product_cat","embeddable":true,"href":"https:\/\/mpfiltri4.addictionlab.it\/fr\/wp-json\/wp\/v2\/product_cat?post=77533"},{"taxonomy":"product_tag","embeddable":true,"href":"https:\/\/mpfiltri4.addictionlab.it\/fr\/wp-json\/wp\/v2\/product_tag?post=77533"}],"curies":[{"name":"wp","href":"https:\/\/api.w.org\/{rel}","templated":true}]}}