

{"id":77344,"date":"2025-10-21T12:10:18","date_gmt":"2025-10-21T10:10:18","guid":{"rendered":"https:\/\/mpfiltri4.addictionlab.it\/product\/produkt-3\/"},"modified":"2026-04-07T17:52:43","modified_gmt":"2026-04-07T15:52:43","slug":"ftu080","status":"publish","type":"product","link":"https:\/\/mpfiltri4.addictionlab.it\/de\/produkt\/ftu080\/","title":{"rendered":"FTU080"},"content":{"rendered":"<p>Das FTU ist geeignet zum Bef\u00fcllen, Umw\u00e4lzen &#8211; \u00fcber den eingebauten Beh\u00e4lter &#8211; und Entleeren von gefilterten Hydraulikfl\u00fcssigkeiten und Schmiertanks. Die FTU kann entweder als zus\u00e4tzliche Filterung in einem System mit hohem Verschmutzungsgrad oder als eigenst\u00e4ndiger Umlauffilterkreislauf eingesetzt werden, um die Fl\u00fcssigkeit vor dem Einf\u00fcllen in das System auf einen bestimmten Verschmutzungsgrad zu reinigen, der vom ICM \u00fcberwacht wird.<\/p>\n<p>Elektrischer Schaltkasten<\/p>\n<p>\u2022 Anzeigen:<\/p>\n<p>&#8211; LMP-Filter mit elektrischem Abschaltschalter<\/p>\n<p>&#8211; Tank-F\u00fcllstandsanzeige und elektrischer Niveauschalter<\/p>\n<p>\u2022 Nitril-Dichtungen<\/p>\n<p>\u2022 Flexible Schl\u00e4uche, 2 m lang, im Ansaug- und Auslassbereich<\/p>\n<p>\u2022 Schutz der Einlasspumpe:<\/p>\n<p>&#8211; 250 mm-Saugkorb, Metallgitter im Ansaugschlauch<\/p>\n<p>&#8211; 250 mm-Saugkorb, Metallgitter im Tank an der Saugleitung der Pumpe<\/p>\n<p>\u2022 Filtration im Auslass:<\/p>\n<p>&#8211; LMP-Filter-Serie<\/p>\n<p>&#8211; Wasserentfernung &#8220;Spin-on&#8221; Filtertyp<\/p>\n<p>&#8211; Standard &#8220;Spin-on&#8221;-Filter Typ<\/p>\n<p>\u2022 Inline-Partikelz\u00e4hlger\u00e4t ICM<\/p>\n<p>\u2022 Kompakte Gr\u00f6\u00dfe<\/p>\n<p>\u2022 Einfacher Gebrauch und einfache Wartung<\/p>\n<p>\u2022 Zuverl\u00e4ssig<\/p>\n","protected":false},"excerpt":{"rendered":"<p>Das FTU ist geeignet zum Bef\u00fcllen, Umw\u00e4lzen &#8211; \u00fcber den eingebauten Beh\u00e4lter &#8211; und Entleeren von gefilterten Hydraulikfl\u00fcssigkeiten und Schmiertanks. Die FTU kann entweder als zus\u00e4tzliche Filterung in einem System mit hohem Verschmutzungsgrad oder als eigenst\u00e4ndiger Umlauffilterkreislauf eingesetzt werden, um die Fl\u00fcssigkeit vor dem Einf\u00fcllen in das System auf einen bestimmten Verschmutzungsgrad zu reinigen, der [&hellip;]<\/p>\n","protected":false},"featured_media":0,"comment_status":"open","ping_status":"closed","template":"","meta":{"_acf_changed":false,"_gspb_post_css":"","inline_featured_image":false,"_genesis_hide_title":false,"_genesis_hide_breadcrumbs":false,"_genesis_hide_singular_image":false,"_genesis_hide_footer_widgets":false,"_genesis_custom_body_class":"","_genesis_custom_post_class":"","_genesis_layout":"","_links_to":"","_links_to_target":""},"product-structure":[62],"product_brand":[],"product_cat":[13181,13209,13188,13384,13398],"product_tag":[],"class_list":{"0":"post-77344","1":"product","2":"type-product","3":"status-publish","5":"product-structure-series","6":"product_cat-anwendungen","7":"product_cat-luftfahrt-und-marine","8":"product_cat-mobile-anwendungen","9":"product_cat-multimarket","10":"product_cat-u-k","11":"entry","13":"first","14":"instock","15":"shipping-taxable","16":"product-type-simple"},"acf":[],"yoast_head":"<!-- This site is optimized with the Yoast SEO plugin v27.1.1 - https:\/\/yoast.com\/product\/yoast-seo-wordpress\/ -->\n<title>FTU080 - MP Filtri<\/title>\n<meta name=\"robots\" content=\"index, follow, max-snippet:-1, max-image-preview:large, max-video-preview:-1\" \/>\n<link rel=\"canonical\" href=\"https:\/\/mpfiltri4.addictionlab.it\/de\/produkt\/ftu080\/\" \/>\n<meta property=\"og:locale\" content=\"de_DE\" \/>\n<meta property=\"og:type\" content=\"article\" \/>\n<meta property=\"og:title\" content=\"FTU080 - MP Filtri\" \/>\n<meta property=\"og:description\" content=\"Das FTU ist geeignet zum Bef\u00fcllen, Umw\u00e4lzen &#8211; \u00fcber den eingebauten Beh\u00e4lter &#8211; und Entleeren von gefilterten Hydraulikfl\u00fcssigkeiten und Schmiertanks. Die FTU kann entweder als zus\u00e4tzliche Filterung in einem System mit hohem Verschmutzungsgrad oder als eigenst\u00e4ndiger Umlauffilterkreislauf eingesetzt werden, um die Fl\u00fcssigkeit vor dem Einf\u00fcllen in das System auf einen bestimmten Verschmutzungsgrad zu reinigen, der [&hellip;]\" \/>\n<meta property=\"og:url\" content=\"https:\/\/mpfiltri4.addictionlab.it\/de\/produkt\/ftu080\/\" \/>\n<meta property=\"og:site_name\" content=\"MP Filtri\" \/>\n<meta property=\"article:publisher\" content=\"https:\/\/www.facebook.com\/MPFiltriITA\" \/>\n<meta property=\"article:modified_time\" content=\"2026-04-07T15:52:43+00:00\" \/>\n<meta name=\"twitter:card\" content=\"summary_large_image\" \/>\n<meta name=\"twitter:label1\" content=\"Gesch\u00e4tzte Lesezeit\" \/>\n\t<meta name=\"twitter:data1\" content=\"1\u00a0Minute\" \/>\n<script type=\"application\/ld+json\" class=\"yoast-schema-graph\">{\"@context\":\"https:\/\/schema.org\",\"@graph\":[{\"@type\":\"WebPage\",\"@id\":\"https:\/\/mpfiltri4.addictionlab.it\/de\/produkt\/ftu080\/\",\"url\":\"https:\/\/mpfiltri4.addictionlab.it\/de\/produkt\/ftu080\/\",\"name\":\"FTU080 - MP Filtri\",\"isPartOf\":{\"@id\":\"https:\/\/mpfiltri4.addictionlab.it\/de\/#website\"},\"datePublished\":\"2025-10-21T10:10:18+00:00\",\"dateModified\":\"2026-04-07T15:52:43+00:00\",\"breadcrumb\":{\"@id\":\"https:\/\/mpfiltri4.addictionlab.it\/de\/produkt\/ftu080\/#breadcrumb\"},\"inLanguage\":\"de\",\"potentialAction\":[{\"@type\":\"ReadAction\",\"target\":[\"https:\/\/mpfiltri4.addictionlab.it\/de\/produkt\/ftu080\/\"]}]},{\"@type\":\"BreadcrumbList\",\"@id\":\"https:\/\/mpfiltri4.addictionlab.it\/de\/produkt\/ftu080\/#breadcrumb\",\"itemListElement\":[{\"@type\":\"ListItem\",\"position\":1,\"name\":\"Home\",\"item\":\"https:\/\/mpfiltri4.addictionlab.it\/de\/\"},{\"@type\":\"ListItem\",\"position\":2,\"name\":\"Produkte\",\"item\":\"https:\/\/mpfiltri4.addictionlab.it\/de\/shop\/\"},{\"@type\":\"ListItem\",\"position\":3,\"name\":\"FTU080\"}]},{\"@type\":\"WebSite\",\"@id\":\"https:\/\/mpfiltri4.addictionlab.it\/de\/#website\",\"url\":\"https:\/\/mpfiltri4.addictionlab.it\/de\/\",\"name\":\"MP Filtri\",\"description\":\"\",\"publisher\":{\"@id\":\"https:\/\/mpfiltri4.addictionlab.it\/de\/#organization\"},\"potentialAction\":[{\"@type\":\"SearchAction\",\"target\":{\"@type\":\"EntryPoint\",\"urlTemplate\":\"https:\/\/mpfiltri4.addictionlab.it\/de\/?s={search_term_string}\"},\"query-input\":{\"@type\":\"PropertyValueSpecification\",\"valueRequired\":true,\"valueName\":\"search_term_string\"}}],\"inLanguage\":\"de\"},{\"@type\":\"Organization\",\"@id\":\"https:\/\/mpfiltri4.addictionlab.it\/de\/#organization\",\"name\":\"MP Filtri\",\"url\":\"https:\/\/mpfiltri4.addictionlab.it\/de\/\",\"logo\":{\"@type\":\"ImageObject\",\"inLanguage\":\"de\",\"@id\":\"https:\/\/mpfiltri4.addictionlab.it\/de\/#\/schema\/logo\/image\/\",\"url\":\"\",\"contentUrl\":\"\",\"caption\":\"MP Filtri\"},\"image\":{\"@id\":\"https:\/\/mpfiltri4.addictionlab.it\/de\/#\/schema\/logo\/image\/\"},\"sameAs\":[\"https:\/\/www.facebook.com\/MPFiltriITA\",\"https:\/\/www.instagram.com\/mpfiltri\/\",\"https:\/\/www.youtube.com\/channel\/UCCzNMySYc1c4M-2B4v0K_QA?view_as=subscriber\",\"https:\/\/www.linkedin.com\/company\/mp-filtri-spa\/\"]}]}<\/script>\n<!-- \/ Yoast SEO plugin. -->","yoast_head_json":{"title":"FTU080 - MP Filtri","robots":{"index":"index","follow":"follow","max-snippet":"max-snippet:-1","max-image-preview":"max-image-preview:large","max-video-preview":"max-video-preview:-1"},"canonical":"https:\/\/mpfiltri4.addictionlab.it\/de\/produkt\/ftu080\/","og_locale":"de_DE","og_type":"article","og_title":"FTU080 - MP Filtri","og_description":"Das FTU ist geeignet zum Bef\u00fcllen, Umw\u00e4lzen &#8211; \u00fcber den eingebauten Beh\u00e4lter &#8211; und Entleeren von gefilterten Hydraulikfl\u00fcssigkeiten und Schmiertanks. Die FTU kann entweder als zus\u00e4tzliche Filterung in einem System mit hohem Verschmutzungsgrad oder als eigenst\u00e4ndiger Umlauffilterkreislauf eingesetzt werden, um die Fl\u00fcssigkeit vor dem Einf\u00fcllen in das System auf einen bestimmten Verschmutzungsgrad zu reinigen, der [&hellip;]","og_url":"https:\/\/mpfiltri4.addictionlab.it\/de\/produkt\/ftu080\/","og_site_name":"MP Filtri","article_publisher":"https:\/\/www.facebook.com\/MPFiltriITA","article_modified_time":"2026-04-07T15:52:43+00:00","twitter_card":"summary_large_image","twitter_misc":{"Gesch\u00e4tzte Lesezeit":"1\u00a0Minute"},"schema":{"@context":"https:\/\/schema.org","@graph":[{"@type":"WebPage","@id":"https:\/\/mpfiltri4.addictionlab.it\/de\/produkt\/ftu080\/","url":"https:\/\/mpfiltri4.addictionlab.it\/de\/produkt\/ftu080\/","name":"FTU080 - MP Filtri","isPartOf":{"@id":"https:\/\/mpfiltri4.addictionlab.it\/de\/#website"},"datePublished":"2025-10-21T10:10:18+00:00","dateModified":"2026-04-07T15:52:43+00:00","breadcrumb":{"@id":"https:\/\/mpfiltri4.addictionlab.it\/de\/produkt\/ftu080\/#breadcrumb"},"inLanguage":"de","potentialAction":[{"@type":"ReadAction","target":["https:\/\/mpfiltri4.addictionlab.it\/de\/produkt\/ftu080\/"]}]},{"@type":"BreadcrumbList","@id":"https:\/\/mpfiltri4.addictionlab.it\/de\/produkt\/ftu080\/#breadcrumb","itemListElement":[{"@type":"ListItem","position":1,"name":"Home","item":"https:\/\/mpfiltri4.addictionlab.it\/de\/"},{"@type":"ListItem","position":2,"name":"Produkte","item":"https:\/\/mpfiltri4.addictionlab.it\/de\/shop\/"},{"@type":"ListItem","position":3,"name":"FTU080"}]},{"@type":"WebSite","@id":"https:\/\/mpfiltri4.addictionlab.it\/de\/#website","url":"https:\/\/mpfiltri4.addictionlab.it\/de\/","name":"MP Filtri","description":"","publisher":{"@id":"https:\/\/mpfiltri4.addictionlab.it\/de\/#organization"},"potentialAction":[{"@type":"SearchAction","target":{"@type":"EntryPoint","urlTemplate":"https:\/\/mpfiltri4.addictionlab.it\/de\/?s={search_term_string}"},"query-input":{"@type":"PropertyValueSpecification","valueRequired":true,"valueName":"search_term_string"}}],"inLanguage":"de"},{"@type":"Organization","@id":"https:\/\/mpfiltri4.addictionlab.it\/de\/#organization","name":"MP Filtri","url":"https:\/\/mpfiltri4.addictionlab.it\/de\/","logo":{"@type":"ImageObject","inLanguage":"de","@id":"https:\/\/mpfiltri4.addictionlab.it\/de\/#\/schema\/logo\/image\/","url":"","contentUrl":"","caption":"MP Filtri"},"image":{"@id":"https:\/\/mpfiltri4.addictionlab.it\/de\/#\/schema\/logo\/image\/"},"sameAs":["https:\/\/www.facebook.com\/MPFiltriITA","https:\/\/www.instagram.com\/mpfiltri\/","https:\/\/www.youtube.com\/channel\/UCCzNMySYc1c4M-2B4v0K_QA?view_as=subscriber","https:\/\/www.linkedin.com\/company\/mp-filtri-spa\/"]}]}},"_links":{"self":[{"href":"https:\/\/mpfiltri4.addictionlab.it\/de\/wp-json\/wp\/v2\/product\/77344","targetHints":{"allow":["GET"]}}],"collection":[{"href":"https:\/\/mpfiltri4.addictionlab.it\/de\/wp-json\/wp\/v2\/product"}],"about":[{"href":"https:\/\/mpfiltri4.addictionlab.it\/de\/wp-json\/wp\/v2\/types\/product"}],"replies":[{"embeddable":true,"href":"https:\/\/mpfiltri4.addictionlab.it\/de\/wp-json\/wp\/v2\/comments?post=77344"}],"wp:attachment":[{"href":"https:\/\/mpfiltri4.addictionlab.it\/de\/wp-json\/wp\/v2\/media?parent=77344"}],"wp:term":[{"taxonomy":"product-structure","embeddable":true,"href":"https:\/\/mpfiltri4.addictionlab.it\/de\/wp-json\/wp\/v2\/product-structure?post=77344"},{"taxonomy":"product_brand","embeddable":true,"href":"https:\/\/mpfiltri4.addictionlab.it\/de\/wp-json\/wp\/v2\/product_brand?post=77344"},{"taxonomy":"product_cat","embeddable":true,"href":"https:\/\/mpfiltri4.addictionlab.it\/de\/wp-json\/wp\/v2\/product_cat?post=77344"},{"taxonomy":"product_tag","embeddable":true,"href":"https:\/\/mpfiltri4.addictionlab.it\/de\/wp-json\/wp\/v2\/product_tag?post=77344"}],"curies":[{"name":"wp","href":"https:\/\/api.w.org\/{rel}","templated":true}]}}