

{"id":77330,"date":"2025-06-17T12:39:14","date_gmt":"2025-06-17T10:39:14","guid":{"rendered":"https:\/\/mpfiltri4.addictionlab.it\/product\/produkt-3\/"},"modified":"2026-04-07T17:53:23","modified_gmt":"2026-04-07T15:53:23","slug":"tkt-tsd-tkm","status":"publish","type":"product","link":"https:\/\/mpfiltri4.addictionlab.it\/de\/produkt\/tkt-tsd-tkm\/","title":{"rendered":"TKT &#8211; TSD &#8211; TKM"},"content":{"rendered":"<p>Die <strong>Tankbef\u00fcllstopfen der Baureihen TKT, TSD und TKM<\/strong> dienen dem Schutz des Tanks vor Verunreinigungen durch Feststoffe in der Luft und zum Einf\u00fcllen von Fl\u00fcssigkeit in die Systeme w\u00e4hrend der Inbetriebnahme und Wartung. Besonderheiten dieser optimierten Baureihe sind ein optionaler Spritzschutz zur Vermeidung von Fl\u00fcssigkeitsaustritt aus dem Tank, \u00d6lmess-Stab und Bel\u00fcftung. Kappen mit unterschiedlichen Farben erh\u00e4ltlich. Allgemeine Anwendungsbereiche sind kompakte Hydraulikanlagen.<\/p>\n<p><strong>Tankbef\u00fcllstopfen TKT<\/strong><\/p>\n<p>\u2022 Ausf\u00fchrung in Kunststoff<\/p>\n<p>\u2022  Au\u00dfengewindeanschl\u00fcsse bis zu G 2\u201d<\/p>\n<p>\u2022  Entl\u00fcftungs\u00f6ffnung, um den Druck im Filter w\u00e4hrend der Wartungsarbeiten zu reduzieren.<\/p>\n<p>\u2022  Mess-Stab, um den Fl\u00fcssigkeitsstand im Tank auch in schwierigen Positionen zu \u00fcberwachen<\/p>\n<p>\u2022  Spritzschutz, um zu verhindern, dass Fl\u00fcssigkeit aufgrund von Schwappen durch die Entl\u00fcftungs\u00f6ffnung austritt<\/p>\n<p><strong>\u00d6leinf\u00fcllstutzen und Tankbef\u00fcllstopfen TSD<\/strong> mit Bel\u00fcftungsfilter<\/p>\n<p>\u2022 Ausf\u00fchrung in Kunststoff<\/p>\n<p>\u2022 Au\u00dfengewindeanschl\u00fcsse bis zu G 1 1\/2\u201d<\/p>\n<p>\u2022 Metallfilterung, um grobe Verunreinigungen aus der Luft zur\u00fcckzuhalten<\/p>\n<p>\u2022 Mess-Stab, um den Fl\u00fcssigkeitsstand im Tank auch in komplizierten Positionen zu \u00fcberwachen<\/p>\n<p>\u2022  Spritzschutz, um zu verhindern, dass Fl\u00fcssigkeit aufgrund von Schwappen durch die Entl\u00fcftungs\u00f6ffnung austritt<\/p>\n<p><strong>Magnetischer \u00d6lablass-Stopfen TKM<\/strong><\/p>\n<p>\u2022 Au\u00dfengewindeanschl\u00fcsse bis zu G 1\u201d<\/p>\n<p>\u2022 Ausf\u00fchrung in Aluminium<\/p>\n<p>\u2022 Mit integriertem Magneten zum Zur\u00fcckhalten ferromagnetischer Partikel in der Fl\u00fcssigkeit<\/p>\n","protected":false},"excerpt":{"rendered":"<p>Die Tankbef\u00fcllstopfen der Baureihen TKT, TSD und TKM dienen dem Schutz des Tanks vor Verunreinigungen durch Feststoffe in der Luft und zum Einf\u00fcllen von Fl\u00fcssigkeit in die Systeme w\u00e4hrend der Inbetriebnahme und Wartung. Besonderheiten dieser optimierten Baureihe sind ein optionaler Spritzschutz zur Vermeidung von Fl\u00fcssigkeitsaustritt aus dem Tank, \u00d6lmess-Stab und Bel\u00fcftung. Kappen mit unterschiedlichen Farben [&hellip;]<\/p>\n","protected":false},"featured_media":0,"comment_status":"open","ping_status":"closed","template":"","meta":{"_acf_changed":false,"_gspb_post_css":"","inline_featured_image":false,"_genesis_hide_title":false,"_genesis_hide_breadcrumbs":false,"_genesis_hide_singular_image":false,"_genesis_hide_footer_widgets":false,"_genesis_custom_body_class":"","_genesis_custom_post_class":"","_genesis_layout":"","_links_to":"","_links_to_target":""},"product-structure":[62],"product_brand":[],"product_cat":[13181,13118,13153,13188],"product_tag":[],"class_list":{"0":"post-77330","1":"product","2":"type-product","3":"status-publish","5":"product-structure-series","6":"product_cat-anwendungen","7":"product_cat-baumaschinen","8":"product_cat-land-und-forstmaschinen","9":"product_cat-mobile-anwendungen","10":"entry","12":"first","13":"instock","14":"shipping-taxable","15":"product-type-simple"},"acf":[],"yoast_head":"<!-- This site is optimized with the Yoast SEO plugin v27.1.1 - https:\/\/yoast.com\/product\/yoast-seo-wordpress\/ -->\n<title>TKT - TSD - TKM - MP Filtri<\/title>\n<meta name=\"robots\" content=\"index, follow, max-snippet:-1, max-image-preview:large, max-video-preview:-1\" \/>\n<link rel=\"canonical\" href=\"https:\/\/mpfiltri4.addictionlab.it\/de\/produkt\/tkt-tsd-tkm\/\" \/>\n<meta property=\"og:locale\" content=\"de_DE\" \/>\n<meta property=\"og:type\" content=\"article\" \/>\n<meta property=\"og:title\" content=\"TKT - TSD - TKM - MP Filtri\" \/>\n<meta property=\"og:description\" content=\"Die Tankbef\u00fcllstopfen der Baureihen TKT, TSD und TKM dienen dem Schutz des Tanks vor Verunreinigungen durch Feststoffe in der Luft und zum Einf\u00fcllen von Fl\u00fcssigkeit in die Systeme w\u00e4hrend der Inbetriebnahme und Wartung. Besonderheiten dieser optimierten Baureihe sind ein optionaler Spritzschutz zur Vermeidung von Fl\u00fcssigkeitsaustritt aus dem Tank, \u00d6lmess-Stab und Bel\u00fcftung. Kappen mit unterschiedlichen Farben [&hellip;]\" \/>\n<meta property=\"og:url\" content=\"https:\/\/mpfiltri4.addictionlab.it\/de\/produkt\/tkt-tsd-tkm\/\" \/>\n<meta property=\"og:site_name\" content=\"MP Filtri\" \/>\n<meta property=\"article:publisher\" content=\"https:\/\/www.facebook.com\/MPFiltriITA\" \/>\n<meta property=\"article:modified_time\" content=\"2026-04-07T15:53:23+00:00\" \/>\n<meta name=\"twitter:card\" content=\"summary_large_image\" \/>\n<meta name=\"twitter:label1\" content=\"Gesch\u00e4tzte Lesezeit\" \/>\n\t<meta name=\"twitter:data1\" content=\"1\u00a0Minute\" \/>\n<script type=\"application\/ld+json\" class=\"yoast-schema-graph\">{\"@context\":\"https:\/\/schema.org\",\"@graph\":[{\"@type\":\"WebPage\",\"@id\":\"https:\/\/mpfiltri4.addictionlab.it\/de\/produkt\/tkt-tsd-tkm\/\",\"url\":\"https:\/\/mpfiltri4.addictionlab.it\/de\/produkt\/tkt-tsd-tkm\/\",\"name\":\"TKT - TSD - TKM - MP Filtri\",\"isPartOf\":{\"@id\":\"https:\/\/mpfiltri4.addictionlab.it\/de\/#website\"},\"datePublished\":\"2025-06-17T10:39:14+00:00\",\"dateModified\":\"2026-04-07T15:53:23+00:00\",\"breadcrumb\":{\"@id\":\"https:\/\/mpfiltri4.addictionlab.it\/de\/produkt\/tkt-tsd-tkm\/#breadcrumb\"},\"inLanguage\":\"de\",\"potentialAction\":[{\"@type\":\"ReadAction\",\"target\":[\"https:\/\/mpfiltri4.addictionlab.it\/de\/produkt\/tkt-tsd-tkm\/\"]}]},{\"@type\":\"BreadcrumbList\",\"@id\":\"https:\/\/mpfiltri4.addictionlab.it\/de\/produkt\/tkt-tsd-tkm\/#breadcrumb\",\"itemListElement\":[{\"@type\":\"ListItem\",\"position\":1,\"name\":\"Home\",\"item\":\"https:\/\/mpfiltri4.addictionlab.it\/de\/\"},{\"@type\":\"ListItem\",\"position\":2,\"name\":\"Produkte\",\"item\":\"https:\/\/mpfiltri4.addictionlab.it\/de\/shop\/\"},{\"@type\":\"ListItem\",\"position\":3,\"name\":\"TKT &#8211; TSD &#8211; TKM\"}]},{\"@type\":\"WebSite\",\"@id\":\"https:\/\/mpfiltri4.addictionlab.it\/de\/#website\",\"url\":\"https:\/\/mpfiltri4.addictionlab.it\/de\/\",\"name\":\"MP Filtri\",\"description\":\"\",\"publisher\":{\"@id\":\"https:\/\/mpfiltri4.addictionlab.it\/de\/#organization\"},\"potentialAction\":[{\"@type\":\"SearchAction\",\"target\":{\"@type\":\"EntryPoint\",\"urlTemplate\":\"https:\/\/mpfiltri4.addictionlab.it\/de\/?s={search_term_string}\"},\"query-input\":{\"@type\":\"PropertyValueSpecification\",\"valueRequired\":true,\"valueName\":\"search_term_string\"}}],\"inLanguage\":\"de\"},{\"@type\":\"Organization\",\"@id\":\"https:\/\/mpfiltri4.addictionlab.it\/de\/#organization\",\"name\":\"MP Filtri\",\"url\":\"https:\/\/mpfiltri4.addictionlab.it\/de\/\",\"logo\":{\"@type\":\"ImageObject\",\"inLanguage\":\"de\",\"@id\":\"https:\/\/mpfiltri4.addictionlab.it\/de\/#\/schema\/logo\/image\/\",\"url\":\"\",\"contentUrl\":\"\",\"caption\":\"MP Filtri\"},\"image\":{\"@id\":\"https:\/\/mpfiltri4.addictionlab.it\/de\/#\/schema\/logo\/image\/\"},\"sameAs\":[\"https:\/\/www.facebook.com\/MPFiltriITA\",\"https:\/\/www.instagram.com\/mpfiltri\/\",\"https:\/\/www.youtube.com\/channel\/UCCzNMySYc1c4M-2B4v0K_QA?view_as=subscriber\",\"https:\/\/www.linkedin.com\/company\/mp-filtri-spa\/\"]}]}<\/script>\n<!-- \/ Yoast SEO plugin. -->","yoast_head_json":{"title":"TKT - TSD - TKM - MP Filtri","robots":{"index":"index","follow":"follow","max-snippet":"max-snippet:-1","max-image-preview":"max-image-preview:large","max-video-preview":"max-video-preview:-1"},"canonical":"https:\/\/mpfiltri4.addictionlab.it\/de\/produkt\/tkt-tsd-tkm\/","og_locale":"de_DE","og_type":"article","og_title":"TKT - TSD - TKM - MP Filtri","og_description":"Die Tankbef\u00fcllstopfen der Baureihen TKT, TSD und TKM dienen dem Schutz des Tanks vor Verunreinigungen durch Feststoffe in der Luft und zum Einf\u00fcllen von Fl\u00fcssigkeit in die Systeme w\u00e4hrend der Inbetriebnahme und Wartung. Besonderheiten dieser optimierten Baureihe sind ein optionaler Spritzschutz zur Vermeidung von Fl\u00fcssigkeitsaustritt aus dem Tank, \u00d6lmess-Stab und Bel\u00fcftung. Kappen mit unterschiedlichen Farben [&hellip;]","og_url":"https:\/\/mpfiltri4.addictionlab.it\/de\/produkt\/tkt-tsd-tkm\/","og_site_name":"MP Filtri","article_publisher":"https:\/\/www.facebook.com\/MPFiltriITA","article_modified_time":"2026-04-07T15:53:23+00:00","twitter_card":"summary_large_image","twitter_misc":{"Gesch\u00e4tzte Lesezeit":"1\u00a0Minute"},"schema":{"@context":"https:\/\/schema.org","@graph":[{"@type":"WebPage","@id":"https:\/\/mpfiltri4.addictionlab.it\/de\/produkt\/tkt-tsd-tkm\/","url":"https:\/\/mpfiltri4.addictionlab.it\/de\/produkt\/tkt-tsd-tkm\/","name":"TKT - TSD - TKM - MP Filtri","isPartOf":{"@id":"https:\/\/mpfiltri4.addictionlab.it\/de\/#website"},"datePublished":"2025-06-17T10:39:14+00:00","dateModified":"2026-04-07T15:53:23+00:00","breadcrumb":{"@id":"https:\/\/mpfiltri4.addictionlab.it\/de\/produkt\/tkt-tsd-tkm\/#breadcrumb"},"inLanguage":"de","potentialAction":[{"@type":"ReadAction","target":["https:\/\/mpfiltri4.addictionlab.it\/de\/produkt\/tkt-tsd-tkm\/"]}]},{"@type":"BreadcrumbList","@id":"https:\/\/mpfiltri4.addictionlab.it\/de\/produkt\/tkt-tsd-tkm\/#breadcrumb","itemListElement":[{"@type":"ListItem","position":1,"name":"Home","item":"https:\/\/mpfiltri4.addictionlab.it\/de\/"},{"@type":"ListItem","position":2,"name":"Produkte","item":"https:\/\/mpfiltri4.addictionlab.it\/de\/shop\/"},{"@type":"ListItem","position":3,"name":"TKT &#8211; TSD &#8211; TKM"}]},{"@type":"WebSite","@id":"https:\/\/mpfiltri4.addictionlab.it\/de\/#website","url":"https:\/\/mpfiltri4.addictionlab.it\/de\/","name":"MP Filtri","description":"","publisher":{"@id":"https:\/\/mpfiltri4.addictionlab.it\/de\/#organization"},"potentialAction":[{"@type":"SearchAction","target":{"@type":"EntryPoint","urlTemplate":"https:\/\/mpfiltri4.addictionlab.it\/de\/?s={search_term_string}"},"query-input":{"@type":"PropertyValueSpecification","valueRequired":true,"valueName":"search_term_string"}}],"inLanguage":"de"},{"@type":"Organization","@id":"https:\/\/mpfiltri4.addictionlab.it\/de\/#organization","name":"MP Filtri","url":"https:\/\/mpfiltri4.addictionlab.it\/de\/","logo":{"@type":"ImageObject","inLanguage":"de","@id":"https:\/\/mpfiltri4.addictionlab.it\/de\/#\/schema\/logo\/image\/","url":"","contentUrl":"","caption":"MP Filtri"},"image":{"@id":"https:\/\/mpfiltri4.addictionlab.it\/de\/#\/schema\/logo\/image\/"},"sameAs":["https:\/\/www.facebook.com\/MPFiltriITA","https:\/\/www.instagram.com\/mpfiltri\/","https:\/\/www.youtube.com\/channel\/UCCzNMySYc1c4M-2B4v0K_QA?view_as=subscriber","https:\/\/www.linkedin.com\/company\/mp-filtri-spa\/"]}]}},"_links":{"self":[{"href":"https:\/\/mpfiltri4.addictionlab.it\/de\/wp-json\/wp\/v2\/product\/77330","targetHints":{"allow":["GET"]}}],"collection":[{"href":"https:\/\/mpfiltri4.addictionlab.it\/de\/wp-json\/wp\/v2\/product"}],"about":[{"href":"https:\/\/mpfiltri4.addictionlab.it\/de\/wp-json\/wp\/v2\/types\/product"}],"replies":[{"embeddable":true,"href":"https:\/\/mpfiltri4.addictionlab.it\/de\/wp-json\/wp\/v2\/comments?post=77330"}],"wp:attachment":[{"href":"https:\/\/mpfiltri4.addictionlab.it\/de\/wp-json\/wp\/v2\/media?parent=77330"}],"wp:term":[{"taxonomy":"product-structure","embeddable":true,"href":"https:\/\/mpfiltri4.addictionlab.it\/de\/wp-json\/wp\/v2\/product-structure?post=77330"},{"taxonomy":"product_brand","embeddable":true,"href":"https:\/\/mpfiltri4.addictionlab.it\/de\/wp-json\/wp\/v2\/product_brand?post=77330"},{"taxonomy":"product_cat","embeddable":true,"href":"https:\/\/mpfiltri4.addictionlab.it\/de\/wp-json\/wp\/v2\/product_cat?post=77330"},{"taxonomy":"product_tag","embeddable":true,"href":"https:\/\/mpfiltri4.addictionlab.it\/de\/wp-json\/wp\/v2\/product_tag?post=77330"}],"curies":[{"name":"wp","href":"https:\/\/api.w.org\/{rel}","templated":true}]}}