

{"id":77270,"date":"2025-10-22T10:35:07","date_gmt":"2025-10-22T08:35:07","guid":{"rendered":"https:\/\/mpfiltri4.addictionlab.it\/product\/produkt-3\/"},"modified":"2026-04-07T17:52:42","modified_gmt":"2026-04-07T15:52:42","slug":"tankzubehoer","status":"publish","type":"product","link":"https:\/\/mpfiltri4.addictionlab.it\/de\/produkt\/tankzubehoer\/","title":{"rendered":"TANKZUBEH\u00d6R"},"content":{"rendered":"<p><span>Die komplette Produktfamilie des Tankzubeh\u00f6rs von MP Filtri besteht aus: Be- und Entl\u00fcftungsfiltern, Tankeinf\u00fcllstutzen mit Bel\u00fcftungsfilter, Tankeinf\u00fcllstopfen, Tankbel\u00fcftungstrocknern, F\u00fcllstandsanzeigen, Schaugl\u00e4sern, Schwimmerschaltern, Manometerabsperrventilen, Tankdurchf\u00fchrungen, Befestigungssysteme zur professionellen Montage von \u00d6lleitungen am Tank und an Wartungsdeckeln.<\/span><\/p>\n<p><span>Besonders hervorzuheben sind an dieser Stelle die Tankeinf\u00fcllstutzen mit integriertem Bel\u00fcftungsfilter. Diese sind bauartbedingt mit einer Doppelfunktion ausgestattet und leisten einen wichtigen Beitrag zum Schutz von Hydrauliksystemen gegen\u00fcber Schmutzeintrag von au\u00dfen. So werden grobe Verunreinigungen beim Bef\u00fcllen des Tanks von einem Sieb zur\u00fcckgehalten und Staubpartikel mit Hilfe eines Filterelements wirksam aus der Umgebungsluft entfernt.<\/span><\/p>\n<p><span>Weitere Informationen und technische Daten finden Sie in unserem Download-Bereich.<\/span><\/p>\n","protected":false},"excerpt":{"rendered":"<p>Die komplette Produktfamilie des Tankzubeh\u00f6rs von MP Filtri besteht aus: Be- und Entl\u00fcftungsfiltern, Tankeinf\u00fcllstutzen mit Bel\u00fcftungsfilter, Tankeinf\u00fcllstopfen, Tankbel\u00fcftungstrocknern, F\u00fcllstandsanzeigen, Schaugl\u00e4sern, Schwimmerschaltern, Manometerabsperrventilen, Tankdurchf\u00fchrungen, Befestigungssysteme zur professionellen Montage von \u00d6lleitungen am Tank und an Wartungsdeckeln. Besonders hervorzuheben sind an dieser Stelle die Tankeinf\u00fcllstutzen mit integriertem Bel\u00fcftungsfilter. Diese sind bauartbedingt mit einer Doppelfunktion ausgestattet und leisten einen [&hellip;]<\/p>\n","protected":false},"featured_media":24010,"comment_status":"open","ping_status":"closed","template":"","meta":{"_acf_changed":false,"_gspb_post_css":"","inline_featured_image":false,"_genesis_hide_title":false,"_genesis_hide_breadcrumbs":false,"_genesis_hide_singular_image":false,"_genesis_hide_footer_widgets":false,"_genesis_custom_body_class":"","_genesis_custom_post_class":"","_genesis_layout":"","_links_to":"","_links_to_target":""},"product-structure":[60],"product_brand":[],"product_cat":[],"product_tag":[],"class_list":{"0":"post-77270","1":"product","2":"type-product","3":"status-publish","4":"has-post-thumbnail","6":"product-structure-catalogue","7":"entry","9":"first","10":"instock","11":"shipping-taxable","12":"product-type-simple"},"acf":[],"yoast_head":"<!-- This site is optimized with the Yoast SEO plugin v27.1.1 - https:\/\/yoast.com\/product\/yoast-seo-wordpress\/ -->\n<title>TANKZUBEH\u00d6R - MP Filtri<\/title>\n<meta name=\"robots\" content=\"index, follow, max-snippet:-1, max-image-preview:large, max-video-preview:-1\" \/>\n<link rel=\"canonical\" href=\"https:\/\/mpfiltri4.addictionlab.it\/de\/produkt\/tankzubehoer\/\" \/>\n<meta property=\"og:locale\" content=\"de_DE\" \/>\n<meta property=\"og:type\" content=\"article\" \/>\n<meta property=\"og:title\" content=\"TANKZUBEH\u00d6R - MP Filtri\" \/>\n<meta property=\"og:description\" content=\"Die komplette Produktfamilie des Tankzubeh\u00f6rs von MP Filtri besteht aus: Be- und Entl\u00fcftungsfiltern, Tankeinf\u00fcllstutzen mit Bel\u00fcftungsfilter, Tankeinf\u00fcllstopfen, Tankbel\u00fcftungstrocknern, F\u00fcllstandsanzeigen, Schaugl\u00e4sern, Schwimmerschaltern, Manometerabsperrventilen, Tankdurchf\u00fchrungen, Befestigungssysteme zur professionellen Montage von \u00d6lleitungen am Tank und an Wartungsdeckeln. Besonders hervorzuheben sind an dieser Stelle die Tankeinf\u00fcllstutzen mit integriertem Bel\u00fcftungsfilter. Diese sind bauartbedingt mit einer Doppelfunktion ausgestattet und leisten einen [&hellip;]\" \/>\n<meta property=\"og:url\" content=\"https:\/\/mpfiltri4.addictionlab.it\/de\/produkt\/tankzubehoer\/\" \/>\n<meta property=\"og:site_name\" content=\"MP Filtri\" \/>\n<meta property=\"article:publisher\" content=\"https:\/\/www.facebook.com\/MPFiltriITA\" \/>\n<meta property=\"article:modified_time\" content=\"2026-04-07T15:52:42+00:00\" \/>\n<meta property=\"og:image\" content=\"https:\/\/mpfiltri4.addictionlab.it\/wp-content\/uploads\/2025\/06\/TANK.png\" \/>\n\t<meta property=\"og:image:width\" content=\"313\" \/>\n\t<meta property=\"og:image:height\" content=\"313\" \/>\n\t<meta property=\"og:image:type\" content=\"image\/png\" \/>\n<meta name=\"twitter:card\" content=\"summary_large_image\" \/>\n<meta name=\"twitter:label1\" content=\"Gesch\u00e4tzte Lesezeit\" \/>\n\t<meta name=\"twitter:data1\" content=\"1\u00a0Minute\" \/>\n<script type=\"application\/ld+json\" class=\"yoast-schema-graph\">{\"@context\":\"https:\/\/schema.org\",\"@graph\":[{\"@type\":\"WebPage\",\"@id\":\"https:\/\/mpfiltri4.addictionlab.it\/de\/produkt\/tankzubehoer\/\",\"url\":\"https:\/\/mpfiltri4.addictionlab.it\/de\/produkt\/tankzubehoer\/\",\"name\":\"TANKZUBEH\u00d6R - MP Filtri\",\"isPartOf\":{\"@id\":\"https:\/\/mpfiltri4.addictionlab.it\/de\/#website\"},\"primaryImageOfPage\":{\"@id\":\"https:\/\/mpfiltri4.addictionlab.it\/de\/produkt\/tankzubehoer\/#primaryimage\"},\"image\":{\"@id\":\"https:\/\/mpfiltri4.addictionlab.it\/de\/produkt\/tankzubehoer\/#primaryimage\"},\"thumbnailUrl\":\"https:\/\/mpfiltri4.addictionlab.it\/wp-content\/uploads\/2025\/06\/TANK.png\",\"datePublished\":\"2025-10-22T08:35:07+00:00\",\"dateModified\":\"2026-04-07T15:52:42+00:00\",\"breadcrumb\":{\"@id\":\"https:\/\/mpfiltri4.addictionlab.it\/de\/produkt\/tankzubehoer\/#breadcrumb\"},\"inLanguage\":\"de\",\"potentialAction\":[{\"@type\":\"ReadAction\",\"target\":[\"https:\/\/mpfiltri4.addictionlab.it\/de\/produkt\/tankzubehoer\/\"]}]},{\"@type\":\"ImageObject\",\"inLanguage\":\"de\",\"@id\":\"https:\/\/mpfiltri4.addictionlab.it\/de\/produkt\/tankzubehoer\/#primaryimage\",\"url\":\"https:\/\/mpfiltri4.addictionlab.it\/wp-content\/uploads\/2025\/06\/TANK.png\",\"contentUrl\":\"https:\/\/mpfiltri4.addictionlab.it\/wp-content\/uploads\/2025\/06\/TANK.png\",\"width\":313,\"height\":313},{\"@type\":\"BreadcrumbList\",\"@id\":\"https:\/\/mpfiltri4.addictionlab.it\/de\/produkt\/tankzubehoer\/#breadcrumb\",\"itemListElement\":[{\"@type\":\"ListItem\",\"position\":1,\"name\":\"Home\",\"item\":\"https:\/\/mpfiltri4.addictionlab.it\/de\/\"},{\"@type\":\"ListItem\",\"position\":2,\"name\":\"Produkte\",\"item\":\"https:\/\/mpfiltri4.addictionlab.it\/de\/shop\/\"},{\"@type\":\"ListItem\",\"position\":3,\"name\":\"TANKZUBEH\u00d6R\"}]},{\"@type\":\"WebSite\",\"@id\":\"https:\/\/mpfiltri4.addictionlab.it\/de\/#website\",\"url\":\"https:\/\/mpfiltri4.addictionlab.it\/de\/\",\"name\":\"MP Filtri\",\"description\":\"\",\"publisher\":{\"@id\":\"https:\/\/mpfiltri4.addictionlab.it\/de\/#organization\"},\"potentialAction\":[{\"@type\":\"SearchAction\",\"target\":{\"@type\":\"EntryPoint\",\"urlTemplate\":\"https:\/\/mpfiltri4.addictionlab.it\/de\/?s={search_term_string}\"},\"query-input\":{\"@type\":\"PropertyValueSpecification\",\"valueRequired\":true,\"valueName\":\"search_term_string\"}}],\"inLanguage\":\"de\"},{\"@type\":\"Organization\",\"@id\":\"https:\/\/mpfiltri4.addictionlab.it\/de\/#organization\",\"name\":\"MP Filtri\",\"url\":\"https:\/\/mpfiltri4.addictionlab.it\/de\/\",\"logo\":{\"@type\":\"ImageObject\",\"inLanguage\":\"de\",\"@id\":\"https:\/\/mpfiltri4.addictionlab.it\/de\/#\/schema\/logo\/image\/\",\"url\":\"\",\"contentUrl\":\"\",\"caption\":\"MP Filtri\"},\"image\":{\"@id\":\"https:\/\/mpfiltri4.addictionlab.it\/de\/#\/schema\/logo\/image\/\"},\"sameAs\":[\"https:\/\/www.facebook.com\/MPFiltriITA\",\"https:\/\/www.instagram.com\/mpfiltri\/\",\"https:\/\/www.youtube.com\/channel\/UCCzNMySYc1c4M-2B4v0K_QA?view_as=subscriber\",\"https:\/\/www.linkedin.com\/company\/mp-filtri-spa\/\"]}]}<\/script>\n<!-- \/ Yoast SEO plugin. -->","yoast_head_json":{"title":"TANKZUBEH\u00d6R - MP Filtri","robots":{"index":"index","follow":"follow","max-snippet":"max-snippet:-1","max-image-preview":"max-image-preview:large","max-video-preview":"max-video-preview:-1"},"canonical":"https:\/\/mpfiltri4.addictionlab.it\/de\/produkt\/tankzubehoer\/","og_locale":"de_DE","og_type":"article","og_title":"TANKZUBEH\u00d6R - MP Filtri","og_description":"Die komplette Produktfamilie des Tankzubeh\u00f6rs von MP Filtri besteht aus: Be- und Entl\u00fcftungsfiltern, Tankeinf\u00fcllstutzen mit Bel\u00fcftungsfilter, Tankeinf\u00fcllstopfen, Tankbel\u00fcftungstrocknern, F\u00fcllstandsanzeigen, Schaugl\u00e4sern, Schwimmerschaltern, Manometerabsperrventilen, Tankdurchf\u00fchrungen, Befestigungssysteme zur professionellen Montage von \u00d6lleitungen am Tank und an Wartungsdeckeln. Besonders hervorzuheben sind an dieser Stelle die Tankeinf\u00fcllstutzen mit integriertem Bel\u00fcftungsfilter. Diese sind bauartbedingt mit einer Doppelfunktion ausgestattet und leisten einen [&hellip;]","og_url":"https:\/\/mpfiltri4.addictionlab.it\/de\/produkt\/tankzubehoer\/","og_site_name":"MP Filtri","article_publisher":"https:\/\/www.facebook.com\/MPFiltriITA","article_modified_time":"2026-04-07T15:52:42+00:00","og_image":[{"width":313,"height":313,"url":"https:\/\/mpfiltri4.addictionlab.it\/wp-content\/uploads\/2025\/06\/TANK.png","type":"image\/png"}],"twitter_card":"summary_large_image","twitter_misc":{"Gesch\u00e4tzte Lesezeit":"1\u00a0Minute"},"schema":{"@context":"https:\/\/schema.org","@graph":[{"@type":"WebPage","@id":"https:\/\/mpfiltri4.addictionlab.it\/de\/produkt\/tankzubehoer\/","url":"https:\/\/mpfiltri4.addictionlab.it\/de\/produkt\/tankzubehoer\/","name":"TANKZUBEH\u00d6R - MP Filtri","isPartOf":{"@id":"https:\/\/mpfiltri4.addictionlab.it\/de\/#website"},"primaryImageOfPage":{"@id":"https:\/\/mpfiltri4.addictionlab.it\/de\/produkt\/tankzubehoer\/#primaryimage"},"image":{"@id":"https:\/\/mpfiltri4.addictionlab.it\/de\/produkt\/tankzubehoer\/#primaryimage"},"thumbnailUrl":"https:\/\/mpfiltri4.addictionlab.it\/wp-content\/uploads\/2025\/06\/TANK.png","datePublished":"2025-10-22T08:35:07+00:00","dateModified":"2026-04-07T15:52:42+00:00","breadcrumb":{"@id":"https:\/\/mpfiltri4.addictionlab.it\/de\/produkt\/tankzubehoer\/#breadcrumb"},"inLanguage":"de","potentialAction":[{"@type":"ReadAction","target":["https:\/\/mpfiltri4.addictionlab.it\/de\/produkt\/tankzubehoer\/"]}]},{"@type":"ImageObject","inLanguage":"de","@id":"https:\/\/mpfiltri4.addictionlab.it\/de\/produkt\/tankzubehoer\/#primaryimage","url":"https:\/\/mpfiltri4.addictionlab.it\/wp-content\/uploads\/2025\/06\/TANK.png","contentUrl":"https:\/\/mpfiltri4.addictionlab.it\/wp-content\/uploads\/2025\/06\/TANK.png","width":313,"height":313},{"@type":"BreadcrumbList","@id":"https:\/\/mpfiltri4.addictionlab.it\/de\/produkt\/tankzubehoer\/#breadcrumb","itemListElement":[{"@type":"ListItem","position":1,"name":"Home","item":"https:\/\/mpfiltri4.addictionlab.it\/de\/"},{"@type":"ListItem","position":2,"name":"Produkte","item":"https:\/\/mpfiltri4.addictionlab.it\/de\/shop\/"},{"@type":"ListItem","position":3,"name":"TANKZUBEH\u00d6R"}]},{"@type":"WebSite","@id":"https:\/\/mpfiltri4.addictionlab.it\/de\/#website","url":"https:\/\/mpfiltri4.addictionlab.it\/de\/","name":"MP Filtri","description":"","publisher":{"@id":"https:\/\/mpfiltri4.addictionlab.it\/de\/#organization"},"potentialAction":[{"@type":"SearchAction","target":{"@type":"EntryPoint","urlTemplate":"https:\/\/mpfiltri4.addictionlab.it\/de\/?s={search_term_string}"},"query-input":{"@type":"PropertyValueSpecification","valueRequired":true,"valueName":"search_term_string"}}],"inLanguage":"de"},{"@type":"Organization","@id":"https:\/\/mpfiltri4.addictionlab.it\/de\/#organization","name":"MP Filtri","url":"https:\/\/mpfiltri4.addictionlab.it\/de\/","logo":{"@type":"ImageObject","inLanguage":"de","@id":"https:\/\/mpfiltri4.addictionlab.it\/de\/#\/schema\/logo\/image\/","url":"","contentUrl":"","caption":"MP Filtri"},"image":{"@id":"https:\/\/mpfiltri4.addictionlab.it\/de\/#\/schema\/logo\/image\/"},"sameAs":["https:\/\/www.facebook.com\/MPFiltriITA","https:\/\/www.instagram.com\/mpfiltri\/","https:\/\/www.youtube.com\/channel\/UCCzNMySYc1c4M-2B4v0K_QA?view_as=subscriber","https:\/\/www.linkedin.com\/company\/mp-filtri-spa\/"]}]}},"_links":{"self":[{"href":"https:\/\/mpfiltri4.addictionlab.it\/de\/wp-json\/wp\/v2\/product\/77270","targetHints":{"allow":["GET"]}}],"collection":[{"href":"https:\/\/mpfiltri4.addictionlab.it\/de\/wp-json\/wp\/v2\/product"}],"about":[{"href":"https:\/\/mpfiltri4.addictionlab.it\/de\/wp-json\/wp\/v2\/types\/product"}],"replies":[{"embeddable":true,"href":"https:\/\/mpfiltri4.addictionlab.it\/de\/wp-json\/wp\/v2\/comments?post=77270"}],"wp:featuredmedia":[{"embeddable":true,"href":"https:\/\/mpfiltri4.addictionlab.it\/de\/wp-json\/wp\/v2\/media\/24010"}],"wp:attachment":[{"href":"https:\/\/mpfiltri4.addictionlab.it\/de\/wp-json\/wp\/v2\/media?parent=77270"}],"wp:term":[{"taxonomy":"product-structure","embeddable":true,"href":"https:\/\/mpfiltri4.addictionlab.it\/de\/wp-json\/wp\/v2\/product-structure?post=77270"},{"taxonomy":"product_brand","embeddable":true,"href":"https:\/\/mpfiltri4.addictionlab.it\/de\/wp-json\/wp\/v2\/product_brand?post=77270"},{"taxonomy":"product_cat","embeddable":true,"href":"https:\/\/mpfiltri4.addictionlab.it\/de\/wp-json\/wp\/v2\/product_cat?post=77270"},{"taxonomy":"product_tag","embeddable":true,"href":"https:\/\/mpfiltri4.addictionlab.it\/de\/wp-json\/wp\/v2\/product_tag?post=77270"}],"curies":[{"name":"wp","href":"https:\/\/api.w.org\/{rel}","templated":true}]}}