
{"id":77215,"date":"2025-06-17T12:39:30","date_gmt":"2025-06-17T10:39:30","guid":{"rendered":"https:\/\/mpfiltri4.addictionlab.it\/product\/produkt-3\/"},"modified":"2026-04-17T14:45:13","modified_gmt":"2026-04-17T12:45:13","slug":"lvk","status":"publish","type":"product","link":"https:\/\/mpfiltri4.addictionlab.it\/de\/produkt\/lvk\/","title":{"rendered":"LVK"},"content":{"rendered":"<p>Die  <strong>elektrisch &#8211; optischen F\u00fcllstandsanzeigen der Baureihe LVK<\/strong> dienen zur \u00dcberwachung des F\u00fcllstands im Tank. Sie werden direkt an der Tankseite angebracht. Der Schwimmer bewegt sich durch das Anzeigegeh\u00e4use, wenn sich der F\u00fcllstand \u00e4ndert.<\/p>\n<p>\u2022 Temperatur: -25 \u00b0C bis +80 \u00b0C<\/p>\n<p>\u2022 Mehrere Au\u00dfengewindeanschl\u00fcsse<\/p>\n<p>\u2022 Drei verschiedene Gr\u00f6\u00dfen, passend f\u00fcr jede Tankgr\u00f6\u00dfe<\/p>\n<p>\u2022 Thermometer, Thermostat oder PT100 zur \u00dcberpr\u00fcfung der Temperatur der Fl\u00fcssigkeit<\/p>\n<p>Allgemeine Anwendungsbereiche sind mobile Maschinen und Industrieanlagen.<\/p>\n","protected":false},"excerpt":{"rendered":"<p>Die elektrisch &#8211; optischen F\u00fcllstandsanzeigen der Baureihe LVK dienen zur \u00dcberwachung des F\u00fcllstands im Tank. Sie werden direkt an der Tankseite angebracht. Der Schwimmer bewegt sich durch das Anzeigegeh\u00e4use, wenn sich der F\u00fcllstand \u00e4ndert. \u2022 Temperatur: -25 \u00b0C bis +80 \u00b0C \u2022 Mehrere Au\u00dfengewindeanschl\u00fcsse \u2022 Drei verschiedene Gr\u00f6\u00dfen, passend f\u00fcr jede Tankgr\u00f6\u00dfe \u2022 Thermometer, Thermostat [&hellip;]<\/p>\n","protected":false},"featured_media":0,"comment_status":"open","ping_status":"closed","template":"","meta":{"_acf_changed":false,"_gspb_post_css":"","inline_featured_image":false,"_genesis_hide_title":false,"_genesis_hide_breadcrumbs":false,"_genesis_hide_singular_image":false,"_genesis_hide_footer_widgets":false,"_genesis_custom_body_class":"","_genesis_custom_post_class":"","_genesis_layout":"","_links_to":"","_links_to_target":""},"product-structure":[62],"product_brand":[],"product_cat":[13181,13286,13223],"product_tag":[],"class_list":{"0":"post-77215","1":"product","2":"type-product","3":"status-publish","5":"product-structure-series","6":"product_cat-anwendungen","7":"product_cat-hydraulikanlagen","8":"product_cat-stationaere-anwendungen","9":"entry","11":"first","12":"instock","13":"shipping-taxable","14":"product-type-simple"},"acf":[],"yoast_head":"<!-- This site is optimized with the Yoast SEO plugin v27.1.1 - https:\/\/yoast.com\/product\/yoast-seo-wordpress\/ -->\n<title>LVK - MP Filtri<\/title>\n<meta name=\"robots\" content=\"index, follow, max-snippet:-1, max-image-preview:large, max-video-preview:-1\" \/>\n<link rel=\"canonical\" href=\"https:\/\/mpfiltri4.addictionlab.it\/de\/produkt\/lvk\/\" \/>\n<meta property=\"og:locale\" content=\"de_DE\" \/>\n<meta property=\"og:type\" content=\"article\" \/>\n<meta property=\"og:title\" content=\"LVK - MP Filtri\" \/>\n<meta property=\"og:description\" content=\"Die elektrisch &#8211; optischen F\u00fcllstandsanzeigen der Baureihe LVK dienen zur \u00dcberwachung des F\u00fcllstands im Tank. Sie werden direkt an der Tankseite angebracht. Der Schwimmer bewegt sich durch das Anzeigegeh\u00e4use, wenn sich der F\u00fcllstand \u00e4ndert. \u2022 Temperatur: -25 \u00b0C bis +80 \u00b0C \u2022 Mehrere Au\u00dfengewindeanschl\u00fcsse \u2022 Drei verschiedene Gr\u00f6\u00dfen, passend f\u00fcr jede Tankgr\u00f6\u00dfe \u2022 Thermometer, Thermostat [&hellip;]\" \/>\n<meta property=\"og:url\" content=\"https:\/\/mpfiltri4.addictionlab.it\/de\/produkt\/lvk\/\" \/>\n<meta property=\"og:site_name\" content=\"MP Filtri\" \/>\n<meta property=\"article:publisher\" content=\"https:\/\/www.facebook.com\/MPFiltriITA\" \/>\n<meta property=\"article:modified_time\" content=\"2026-04-17T12:45:13+00:00\" \/>\n<meta name=\"twitter:card\" content=\"summary_large_image\" \/>\n<script type=\"application\/ld+json\" class=\"yoast-schema-graph\">{\"@context\":\"https:\/\/schema.org\",\"@graph\":[{\"@type\":\"WebPage\",\"@id\":\"https:\/\/mpfiltri4.addictionlab.it\/de\/produkt\/lvk\/\",\"url\":\"https:\/\/mpfiltri4.addictionlab.it\/de\/produkt\/lvk\/\",\"name\":\"LVK - MP Filtri\",\"isPartOf\":{\"@id\":\"https:\/\/mpfiltri4.addictionlab.it\/de\/#website\"},\"datePublished\":\"2025-06-17T10:39:30+00:00\",\"dateModified\":\"2026-04-17T12:45:13+00:00\",\"breadcrumb\":{\"@id\":\"https:\/\/mpfiltri4.addictionlab.it\/de\/produkt\/lvk\/#breadcrumb\"},\"inLanguage\":\"de\",\"potentialAction\":[{\"@type\":\"ReadAction\",\"target\":[\"https:\/\/mpfiltri4.addictionlab.it\/de\/produkt\/lvk\/\"]}]},{\"@type\":\"BreadcrumbList\",\"@id\":\"https:\/\/mpfiltri4.addictionlab.it\/de\/produkt\/lvk\/#breadcrumb\",\"itemListElement\":[{\"@type\":\"ListItem\",\"position\":1,\"name\":\"Home\",\"item\":\"https:\/\/mpfiltri4.addictionlab.it\/de\/\"},{\"@type\":\"ListItem\",\"position\":2,\"name\":\"Produkte\",\"item\":\"https:\/\/mpfiltri4.addictionlab.it\/de\/shop\/\"},{\"@type\":\"ListItem\",\"position\":3,\"name\":\"LVK\"}]},{\"@type\":\"WebSite\",\"@id\":\"https:\/\/mpfiltri4.addictionlab.it\/de\/#website\",\"url\":\"https:\/\/mpfiltri4.addictionlab.it\/de\/\",\"name\":\"MP Filtri\",\"description\":\"\",\"publisher\":{\"@id\":\"https:\/\/mpfiltri4.addictionlab.it\/de\/#organization\"},\"potentialAction\":[{\"@type\":\"SearchAction\",\"target\":{\"@type\":\"EntryPoint\",\"urlTemplate\":\"https:\/\/mpfiltri4.addictionlab.it\/de\/?s={search_term_string}\"},\"query-input\":{\"@type\":\"PropertyValueSpecification\",\"valueRequired\":true,\"valueName\":\"search_term_string\"}}],\"inLanguage\":\"de\"},{\"@type\":\"Organization\",\"@id\":\"https:\/\/mpfiltri4.addictionlab.it\/de\/#organization\",\"name\":\"MP Filtri\",\"url\":\"https:\/\/mpfiltri4.addictionlab.it\/de\/\",\"logo\":{\"@type\":\"ImageObject\",\"inLanguage\":\"de\",\"@id\":\"https:\/\/mpfiltri4.addictionlab.it\/de\/#\/schema\/logo\/image\/\",\"url\":\"\",\"contentUrl\":\"\",\"caption\":\"MP Filtri\"},\"image\":{\"@id\":\"https:\/\/mpfiltri4.addictionlab.it\/de\/#\/schema\/logo\/image\/\"},\"sameAs\":[\"https:\/\/www.facebook.com\/MPFiltriITA\",\"https:\/\/www.instagram.com\/mpfiltri\/\",\"https:\/\/www.youtube.com\/channel\/UCCzNMySYc1c4M-2B4v0K_QA?view_as=subscriber\",\"https:\/\/www.linkedin.com\/company\/mp-filtri-spa\/\"]}]}<\/script>\n<!-- \/ Yoast SEO plugin. -->","yoast_head_json":{"title":"LVK - MP Filtri","robots":{"index":"index","follow":"follow","max-snippet":"max-snippet:-1","max-image-preview":"max-image-preview:large","max-video-preview":"max-video-preview:-1"},"canonical":"https:\/\/mpfiltri4.addictionlab.it\/de\/produkt\/lvk\/","og_locale":"de_DE","og_type":"article","og_title":"LVK - MP Filtri","og_description":"Die elektrisch &#8211; optischen F\u00fcllstandsanzeigen der Baureihe LVK dienen zur \u00dcberwachung des F\u00fcllstands im Tank. Sie werden direkt an der Tankseite angebracht. Der Schwimmer bewegt sich durch das Anzeigegeh\u00e4use, wenn sich der F\u00fcllstand \u00e4ndert. \u2022 Temperatur: -25 \u00b0C bis +80 \u00b0C \u2022 Mehrere Au\u00dfengewindeanschl\u00fcsse \u2022 Drei verschiedene Gr\u00f6\u00dfen, passend f\u00fcr jede Tankgr\u00f6\u00dfe \u2022 Thermometer, Thermostat [&hellip;]","og_url":"https:\/\/mpfiltri4.addictionlab.it\/de\/produkt\/lvk\/","og_site_name":"MP Filtri","article_publisher":"https:\/\/www.facebook.com\/MPFiltriITA","article_modified_time":"2026-04-17T12:45:13+00:00","twitter_card":"summary_large_image","schema":{"@context":"https:\/\/schema.org","@graph":[{"@type":"WebPage","@id":"https:\/\/mpfiltri4.addictionlab.it\/de\/produkt\/lvk\/","url":"https:\/\/mpfiltri4.addictionlab.it\/de\/produkt\/lvk\/","name":"LVK - MP Filtri","isPartOf":{"@id":"https:\/\/mpfiltri4.addictionlab.it\/de\/#website"},"datePublished":"2025-06-17T10:39:30+00:00","dateModified":"2026-04-17T12:45:13+00:00","breadcrumb":{"@id":"https:\/\/mpfiltri4.addictionlab.it\/de\/produkt\/lvk\/#breadcrumb"},"inLanguage":"de","potentialAction":[{"@type":"ReadAction","target":["https:\/\/mpfiltri4.addictionlab.it\/de\/produkt\/lvk\/"]}]},{"@type":"BreadcrumbList","@id":"https:\/\/mpfiltri4.addictionlab.it\/de\/produkt\/lvk\/#breadcrumb","itemListElement":[{"@type":"ListItem","position":1,"name":"Home","item":"https:\/\/mpfiltri4.addictionlab.it\/de\/"},{"@type":"ListItem","position":2,"name":"Produkte","item":"https:\/\/mpfiltri4.addictionlab.it\/de\/shop\/"},{"@type":"ListItem","position":3,"name":"LVK"}]},{"@type":"WebSite","@id":"https:\/\/mpfiltri4.addictionlab.it\/de\/#website","url":"https:\/\/mpfiltri4.addictionlab.it\/de\/","name":"MP Filtri","description":"","publisher":{"@id":"https:\/\/mpfiltri4.addictionlab.it\/de\/#organization"},"potentialAction":[{"@type":"SearchAction","target":{"@type":"EntryPoint","urlTemplate":"https:\/\/mpfiltri4.addictionlab.it\/de\/?s={search_term_string}"},"query-input":{"@type":"PropertyValueSpecification","valueRequired":true,"valueName":"search_term_string"}}],"inLanguage":"de"},{"@type":"Organization","@id":"https:\/\/mpfiltri4.addictionlab.it\/de\/#organization","name":"MP Filtri","url":"https:\/\/mpfiltri4.addictionlab.it\/de\/","logo":{"@type":"ImageObject","inLanguage":"de","@id":"https:\/\/mpfiltri4.addictionlab.it\/de\/#\/schema\/logo\/image\/","url":"","contentUrl":"","caption":"MP Filtri"},"image":{"@id":"https:\/\/mpfiltri4.addictionlab.it\/de\/#\/schema\/logo\/image\/"},"sameAs":["https:\/\/www.facebook.com\/MPFiltriITA","https:\/\/www.instagram.com\/mpfiltri\/","https:\/\/www.youtube.com\/channel\/UCCzNMySYc1c4M-2B4v0K_QA?view_as=subscriber","https:\/\/www.linkedin.com\/company\/mp-filtri-spa\/"]}]}},"_links":{"self":[{"href":"https:\/\/mpfiltri4.addictionlab.it\/de\/wp-json\/wp\/v2\/product\/77215","targetHints":{"allow":["GET"]}}],"collection":[{"href":"https:\/\/mpfiltri4.addictionlab.it\/de\/wp-json\/wp\/v2\/product"}],"about":[{"href":"https:\/\/mpfiltri4.addictionlab.it\/de\/wp-json\/wp\/v2\/types\/product"}],"replies":[{"embeddable":true,"href":"https:\/\/mpfiltri4.addictionlab.it\/de\/wp-json\/wp\/v2\/comments?post=77215"}],"wp:attachment":[{"href":"https:\/\/mpfiltri4.addictionlab.it\/de\/wp-json\/wp\/v2\/media?parent=77215"}],"wp:term":[{"taxonomy":"product-structure","embeddable":true,"href":"https:\/\/mpfiltri4.addictionlab.it\/de\/wp-json\/wp\/v2\/product-structure?post=77215"},{"taxonomy":"product_brand","embeddable":true,"href":"https:\/\/mpfiltri4.addictionlab.it\/de\/wp-json\/wp\/v2\/product_brand?post=77215"},{"taxonomy":"product_cat","embeddable":true,"href":"https:\/\/mpfiltri4.addictionlab.it\/de\/wp-json\/wp\/v2\/product_cat?post=77215"},{"taxonomy":"product_tag","embeddable":true,"href":"https:\/\/mpfiltri4.addictionlab.it\/de\/wp-json\/wp\/v2\/product_tag?post=77215"}],"curies":[{"name":"wp","href":"https:\/\/api.w.org\/{rel}","templated":true}]}}