

{"id":77133,"date":"2025-06-17T16:58:12","date_gmt":"2025-06-17T14:58:12","guid":{"rendered":"https:\/\/mpfiltri4.addictionlab.it\/product\/produkt-3\/"},"modified":"2026-04-07T17:53:16","modified_gmt":"2026-04-07T15:53:16","slug":"icm-2-0","status":"publish","type":"product","link":"https:\/\/mpfiltri4.addictionlab.it\/de\/produkt\/icm-2-0\/","title":{"rendered":"ICM 2.0"},"content":{"rendered":"<p>Der <strong>Inline-Kontaminationsmonitor ICM 2.0<\/strong> misst und \u00fcberwacht die partikul\u00e4re Feststoffverschmutzung (Fluidreinheit) sowie die relative Feuchte und Temperatur (optional) in einem breiten Spektrum von Hydraulik- und Schmierfluiden. Er ist f\u00fcr eine direkte Montage an der Maschine konzipiert und wird in deren Fluidkreislauf als Bypass integriert. Dieses erm\u00f6glicht eine kontinuierliche \u00dcberwachung eingesetzter Fluide. Er eignet sich daher vor allem f\u00fcr prozesskritische und hochwertige Maschinen, deren ungeplanter Ausfall hohe Stillstandskosten nach sich zieht.<\/p>\n<p>Der ICM 2.0 kann eigenst\u00e4ndig und systemunabh\u00e4ngig agieren, bei Bedarf jedoch an einen externen PC, eine SPS oder die ICM RDU 2.0 (Remote-Display-Einheit) angeschlossen und von dort gesteuert werden. F\u00fcr die elektrische und datentechnische Einbindung ist ein 3 m langes Anschlusskabel im Lieferumfang enthalten.<\/p>\n<p>\u2022 Kalibriert nach relevanten ISO-Standards<\/p>\n<p>\u2022 Umfangreiche Auswahl an Klassifizierungsstandards zur Ausgabe der Fluidreinheit in bis zu 8 Gr\u00f6\u00dfenkan\u00e4len<\/p>\n<p>\u2022 Integrierte Feuchte- und Temperaturmessung (optional)<\/p>\n<p>\u2022 Datenspeicher f\u00fcr bis zu 4.000 Messungen<\/p>\n<p>\u2022 Anzeigen der Messergebnisse auf mehrfarbigem LCD-Display mit Farbumschlag bei Grenzwert\u00fcberschreitung (optional)<\/p>\n<p>\u2022 Breites Angebot an Datenkommunikationsschnittstellen wie RS485 (Modbus RTU), CANbus,2 x Analog (4-20mA) sowie einem Schaltausgang als Standardausstattung<\/p>\n<p>\u2022 Trigger-Signal-Eingang zur Steuerung der Messung<\/p>\n<p>\u2022 F\u00fcr eine breite Auswahl an Fluiden erh\u00e4ltlich<\/p>\n<p>\u2022 Maximaler Betriebsdruck bis zu 420 bar<\/p>\n<p>\u2022 Robust dank stabilem IP65\/67 Aluminium-Druckgussgeh\u00e4use<\/p>\n<p>\u2022 Zus\u00e4tzlicher Anschluss zur Ger\u00e4testeuerung und zum Download von Messergebnissen w\u00e4hrend des Betriebs<\/p>\n<p>\u2022 USB-Anschluss zum direkten Download der Messergebnisse auf einen USB-Stick (optional)<\/p>\n<p>\u2022 Kompatibel zu MP Filtri\u2019s preisgekr\u00f6nter Datenverwaltungs-, Analyse- und Reporting-Software CMP View (im Lieferumfang enthalten)<\/p>\n<p>Empfohlenes CMP-Zubeh\u00f6r: ICM-USBi, ICM-FC1 (bei Bedarf), ICM-WFXI (bei Bedarf)<\/p>\n","protected":false},"excerpt":{"rendered":"<p>Der Inline-Kontaminationsmonitor ICM 2.0 misst und \u00fcberwacht die partikul\u00e4re Feststoffverschmutzung (Fluidreinheit) sowie die relative Feuchte und Temperatur (optional) in einem breiten Spektrum von Hydraulik- und Schmierfluiden. Er ist f\u00fcr eine direkte Montage an der Maschine konzipiert und wird in deren Fluidkreislauf als Bypass integriert. Dieses erm\u00f6glicht eine kontinuierliche \u00dcberwachung eingesetzter Fluide. Er eignet sich daher [&hellip;]<\/p>\n","protected":false},"featured_media":0,"comment_status":"open","ping_status":"closed","template":"","meta":{"_acf_changed":false,"_gspb_post_css":"","inline_featured_image":false,"_genesis_hide_title":false,"_genesis_hide_breadcrumbs":false,"_genesis_hide_singular_image":false,"_genesis_hide_footer_widgets":false,"_genesis_custom_body_class":"","_genesis_custom_post_class":"","_genesis_layout":"","_links_to":"","_links_to_target":""},"product-structure":[62],"product_brand":[],"product_cat":[13181,13230,13286,13209,13188,13279,13237,13223],"product_tag":[],"class_list":{"0":"post-77133","1":"product","2":"type-product","3":"status-publish","5":"product-structure-series","6":"product_cat-anwendungen","7":"product_cat-chemie-oel-gas","8":"product_cat-hydraulikanlagen","9":"product_cat-luftfahrt-und-marine","10":"product_cat-mobile-anwendungen","11":"product_cat-schmierungstechnik-und-spuelaggregate","12":"product_cat-stahlwerke-und-metallverarbeitung","13":"product_cat-stationaere-anwendungen","14":"entry","16":"first","17":"instock","18":"shipping-taxable","19":"product-type-simple"},"acf":[],"yoast_head":"<!-- This site is optimized with the Yoast SEO plugin v27.1.1 - https:\/\/yoast.com\/product\/yoast-seo-wordpress\/ -->\n<title>ICM 2.0 - MP Filtri<\/title>\n<meta name=\"robots\" content=\"index, follow, max-snippet:-1, max-image-preview:large, max-video-preview:-1\" \/>\n<link rel=\"canonical\" href=\"https:\/\/mpfiltri4.addictionlab.it\/de\/produkt\/icm-2-0\/\" \/>\n<meta property=\"og:locale\" content=\"de_DE\" \/>\n<meta property=\"og:type\" content=\"article\" \/>\n<meta property=\"og:title\" content=\"ICM 2.0 - MP Filtri\" \/>\n<meta property=\"og:description\" content=\"Der Inline-Kontaminationsmonitor ICM 2.0 misst und \u00fcberwacht die partikul\u00e4re Feststoffverschmutzung (Fluidreinheit) sowie die relative Feuchte und Temperatur (optional) in einem breiten Spektrum von Hydraulik- und Schmierfluiden. Er ist f\u00fcr eine direkte Montage an der Maschine konzipiert und wird in deren Fluidkreislauf als Bypass integriert. Dieses erm\u00f6glicht eine kontinuierliche \u00dcberwachung eingesetzter Fluide. Er eignet sich daher [&hellip;]\" \/>\n<meta property=\"og:url\" content=\"https:\/\/mpfiltri4.addictionlab.it\/de\/produkt\/icm-2-0\/\" \/>\n<meta property=\"og:site_name\" content=\"MP Filtri\" \/>\n<meta property=\"article:publisher\" content=\"https:\/\/www.facebook.com\/MPFiltriITA\" \/>\n<meta property=\"article:modified_time\" content=\"2026-04-07T15:53:16+00:00\" \/>\n<meta name=\"twitter:card\" content=\"summary_large_image\" \/>\n<meta name=\"twitter:label1\" content=\"Gesch\u00e4tzte Lesezeit\" \/>\n\t<meta name=\"twitter:data1\" content=\"1\u00a0Minute\" \/>\n<script type=\"application\/ld+json\" class=\"yoast-schema-graph\">{\"@context\":\"https:\/\/schema.org\",\"@graph\":[{\"@type\":\"WebPage\",\"@id\":\"https:\/\/mpfiltri4.addictionlab.it\/de\/produkt\/icm-2-0\/\",\"url\":\"https:\/\/mpfiltri4.addictionlab.it\/de\/produkt\/icm-2-0\/\",\"name\":\"ICM 2.0 - MP Filtri\",\"isPartOf\":{\"@id\":\"https:\/\/mpfiltri4.addictionlab.it\/de\/#website\"},\"datePublished\":\"2025-06-17T14:58:12+00:00\",\"dateModified\":\"2026-04-07T15:53:16+00:00\",\"breadcrumb\":{\"@id\":\"https:\/\/mpfiltri4.addictionlab.it\/de\/produkt\/icm-2-0\/#breadcrumb\"},\"inLanguage\":\"de\",\"potentialAction\":[{\"@type\":\"ReadAction\",\"target\":[\"https:\/\/mpfiltri4.addictionlab.it\/de\/produkt\/icm-2-0\/\"]}]},{\"@type\":\"BreadcrumbList\",\"@id\":\"https:\/\/mpfiltri4.addictionlab.it\/de\/produkt\/icm-2-0\/#breadcrumb\",\"itemListElement\":[{\"@type\":\"ListItem\",\"position\":1,\"name\":\"Home\",\"item\":\"https:\/\/mpfiltri4.addictionlab.it\/de\/\"},{\"@type\":\"ListItem\",\"position\":2,\"name\":\"Produkte\",\"item\":\"https:\/\/mpfiltri4.addictionlab.it\/de\/shop\/\"},{\"@type\":\"ListItem\",\"position\":3,\"name\":\"ICM 2.0\"}]},{\"@type\":\"WebSite\",\"@id\":\"https:\/\/mpfiltri4.addictionlab.it\/de\/#website\",\"url\":\"https:\/\/mpfiltri4.addictionlab.it\/de\/\",\"name\":\"MP Filtri\",\"description\":\"\",\"publisher\":{\"@id\":\"https:\/\/mpfiltri4.addictionlab.it\/de\/#organization\"},\"potentialAction\":[{\"@type\":\"SearchAction\",\"target\":{\"@type\":\"EntryPoint\",\"urlTemplate\":\"https:\/\/mpfiltri4.addictionlab.it\/de\/?s={search_term_string}\"},\"query-input\":{\"@type\":\"PropertyValueSpecification\",\"valueRequired\":true,\"valueName\":\"search_term_string\"}}],\"inLanguage\":\"de\"},{\"@type\":\"Organization\",\"@id\":\"https:\/\/mpfiltri4.addictionlab.it\/de\/#organization\",\"name\":\"MP Filtri\",\"url\":\"https:\/\/mpfiltri4.addictionlab.it\/de\/\",\"logo\":{\"@type\":\"ImageObject\",\"inLanguage\":\"de\",\"@id\":\"https:\/\/mpfiltri4.addictionlab.it\/de\/#\/schema\/logo\/image\/\",\"url\":\"\",\"contentUrl\":\"\",\"caption\":\"MP Filtri\"},\"image\":{\"@id\":\"https:\/\/mpfiltri4.addictionlab.it\/de\/#\/schema\/logo\/image\/\"},\"sameAs\":[\"https:\/\/www.facebook.com\/MPFiltriITA\",\"https:\/\/www.instagram.com\/mpfiltri\/\",\"https:\/\/www.youtube.com\/channel\/UCCzNMySYc1c4M-2B4v0K_QA?view_as=subscriber\",\"https:\/\/www.linkedin.com\/company\/mp-filtri-spa\/\"]}]}<\/script>\n<!-- \/ Yoast SEO plugin. -->","yoast_head_json":{"title":"ICM 2.0 - MP Filtri","robots":{"index":"index","follow":"follow","max-snippet":"max-snippet:-1","max-image-preview":"max-image-preview:large","max-video-preview":"max-video-preview:-1"},"canonical":"https:\/\/mpfiltri4.addictionlab.it\/de\/produkt\/icm-2-0\/","og_locale":"de_DE","og_type":"article","og_title":"ICM 2.0 - MP Filtri","og_description":"Der Inline-Kontaminationsmonitor ICM 2.0 misst und \u00fcberwacht die partikul\u00e4re Feststoffverschmutzung (Fluidreinheit) sowie die relative Feuchte und Temperatur (optional) in einem breiten Spektrum von Hydraulik- und Schmierfluiden. Er ist f\u00fcr eine direkte Montage an der Maschine konzipiert und wird in deren Fluidkreislauf als Bypass integriert. Dieses erm\u00f6glicht eine kontinuierliche \u00dcberwachung eingesetzter Fluide. Er eignet sich daher [&hellip;]","og_url":"https:\/\/mpfiltri4.addictionlab.it\/de\/produkt\/icm-2-0\/","og_site_name":"MP Filtri","article_publisher":"https:\/\/www.facebook.com\/MPFiltriITA","article_modified_time":"2026-04-07T15:53:16+00:00","twitter_card":"summary_large_image","twitter_misc":{"Gesch\u00e4tzte Lesezeit":"1\u00a0Minute"},"schema":{"@context":"https:\/\/schema.org","@graph":[{"@type":"WebPage","@id":"https:\/\/mpfiltri4.addictionlab.it\/de\/produkt\/icm-2-0\/","url":"https:\/\/mpfiltri4.addictionlab.it\/de\/produkt\/icm-2-0\/","name":"ICM 2.0 - MP Filtri","isPartOf":{"@id":"https:\/\/mpfiltri4.addictionlab.it\/de\/#website"},"datePublished":"2025-06-17T14:58:12+00:00","dateModified":"2026-04-07T15:53:16+00:00","breadcrumb":{"@id":"https:\/\/mpfiltri4.addictionlab.it\/de\/produkt\/icm-2-0\/#breadcrumb"},"inLanguage":"de","potentialAction":[{"@type":"ReadAction","target":["https:\/\/mpfiltri4.addictionlab.it\/de\/produkt\/icm-2-0\/"]}]},{"@type":"BreadcrumbList","@id":"https:\/\/mpfiltri4.addictionlab.it\/de\/produkt\/icm-2-0\/#breadcrumb","itemListElement":[{"@type":"ListItem","position":1,"name":"Home","item":"https:\/\/mpfiltri4.addictionlab.it\/de\/"},{"@type":"ListItem","position":2,"name":"Produkte","item":"https:\/\/mpfiltri4.addictionlab.it\/de\/shop\/"},{"@type":"ListItem","position":3,"name":"ICM 2.0"}]},{"@type":"WebSite","@id":"https:\/\/mpfiltri4.addictionlab.it\/de\/#website","url":"https:\/\/mpfiltri4.addictionlab.it\/de\/","name":"MP Filtri","description":"","publisher":{"@id":"https:\/\/mpfiltri4.addictionlab.it\/de\/#organization"},"potentialAction":[{"@type":"SearchAction","target":{"@type":"EntryPoint","urlTemplate":"https:\/\/mpfiltri4.addictionlab.it\/de\/?s={search_term_string}"},"query-input":{"@type":"PropertyValueSpecification","valueRequired":true,"valueName":"search_term_string"}}],"inLanguage":"de"},{"@type":"Organization","@id":"https:\/\/mpfiltri4.addictionlab.it\/de\/#organization","name":"MP Filtri","url":"https:\/\/mpfiltri4.addictionlab.it\/de\/","logo":{"@type":"ImageObject","inLanguage":"de","@id":"https:\/\/mpfiltri4.addictionlab.it\/de\/#\/schema\/logo\/image\/","url":"","contentUrl":"","caption":"MP Filtri"},"image":{"@id":"https:\/\/mpfiltri4.addictionlab.it\/de\/#\/schema\/logo\/image\/"},"sameAs":["https:\/\/www.facebook.com\/MPFiltriITA","https:\/\/www.instagram.com\/mpfiltri\/","https:\/\/www.youtube.com\/channel\/UCCzNMySYc1c4M-2B4v0K_QA?view_as=subscriber","https:\/\/www.linkedin.com\/company\/mp-filtri-spa\/"]}]}},"_links":{"self":[{"href":"https:\/\/mpfiltri4.addictionlab.it\/de\/wp-json\/wp\/v2\/product\/77133","targetHints":{"allow":["GET"]}}],"collection":[{"href":"https:\/\/mpfiltri4.addictionlab.it\/de\/wp-json\/wp\/v2\/product"}],"about":[{"href":"https:\/\/mpfiltri4.addictionlab.it\/de\/wp-json\/wp\/v2\/types\/product"}],"replies":[{"embeddable":true,"href":"https:\/\/mpfiltri4.addictionlab.it\/de\/wp-json\/wp\/v2\/comments?post=77133"}],"wp:attachment":[{"href":"https:\/\/mpfiltri4.addictionlab.it\/de\/wp-json\/wp\/v2\/media?parent=77133"}],"wp:term":[{"taxonomy":"product-structure","embeddable":true,"href":"https:\/\/mpfiltri4.addictionlab.it\/de\/wp-json\/wp\/v2\/product-structure?post=77133"},{"taxonomy":"product_brand","embeddable":true,"href":"https:\/\/mpfiltri4.addictionlab.it\/de\/wp-json\/wp\/v2\/product_brand?post=77133"},{"taxonomy":"product_cat","embeddable":true,"href":"https:\/\/mpfiltri4.addictionlab.it\/de\/wp-json\/wp\/v2\/product_cat?post=77133"},{"taxonomy":"product_tag","embeddable":true,"href":"https:\/\/mpfiltri4.addictionlab.it\/de\/wp-json\/wp\/v2\/product_tag?post=77133"}],"curies":[{"name":"wp","href":"https:\/\/api.w.org\/{rel}","templated":true}]}}