

{"id":77097,"date":"2025-06-18T10:19:26","date_gmt":"2025-06-18T08:19:26","guid":{"rendered":"https:\/\/mpfiltri4.addictionlab.it\/product\/produkt-3\/"},"modified":"2026-04-07T17:53:11","modified_gmt":"2026-04-07T15:53:11","slug":"icm-usbi-icm-ethi","status":"publish","type":"product","link":"https:\/\/mpfiltri4.addictionlab.it\/de\/produkt\/icm-usbi-icm-ethi\/","title":{"rendered":"ICM-USBi &#038; ICM-ETHi"},"content":{"rendered":"<p>Die optional erh\u00e4ltlichen <strong>Datenkommunikationsmodule USBi und ETHi<\/strong> f\u00fcr MP Filtri\u2019s Inline Sensoren der Serie ICM dienen entweder der USB-gest\u00fctzten 1:1-Kommunikation mit einem externen PC oder zur Einbindung eines ICM in ein \u00fcbergeordnetes Netzwerk via Ethernet. F\u00fcr Letzteres bedient sich das ICM-ETHi einer zus\u00e4tzlichen PC-Software zur Einrichtung einer Com-Port-Weiterleitung (im Lieferumfang enthalten). In beiden F\u00e4llen wird das \u00dcbertragen und Herunterladen von Messdaten auf ein digitales Endger\u00e4t sowie die Steuerung und systemseitige Einrichtung eines angeschlossenen ICM mit Hilfe der PC-Desktopsoftware CMP View erm\u00f6glicht.<\/p>\n<p>Beide Kommunikationsmodule sind mit einem Anschluss f\u00fcr ein externes Steckernetzteil ausgestattet (im Lieferumfang enthalten) und k\u00f6nnen einen angeschlossenen ICM oder RDU mit Strom versorgen. Im Falle des ICM-USBi kann dieses auch direkt \u00fcber die USB-Schnittstelle erfolgen. Die Daten\u00fcbertragung und Stromversorgung zum ICM\/ RDU erfolgt \u00fcber ein 3 m langes und fest installiertes Anschlusskabel mit 8-poligem Stecker.<\/p>\n<p>\u2022 Einfache Bedienung, Analyse und Verwaltung gemessener Daten sowie das Vornehmen von Systemeinstellungen am ICM<\/p>\n<p>\u2022 Optimiert f\u00fcr MP Filtri\u2019s Anwendungssoftware CMP View<\/p>\n<p>\u2022 Platzsparend durch leichte und kompakte Bauweise<\/p>\n<p>\u2022 Geeignet f\u00fcr Serviceeins\u00e4tze im Feld dank robustem Aluminiumtischgeh\u00e4use<\/p>\n","protected":false},"excerpt":{"rendered":"<p>Die optional erh\u00e4ltlichen Datenkommunikationsmodule USBi und ETHi f\u00fcr MP Filtri\u2019s Inline Sensoren der Serie ICM dienen entweder der USB-gest\u00fctzten 1:1-Kommunikation mit einem externen PC oder zur Einbindung eines ICM in ein \u00fcbergeordnetes Netzwerk via Ethernet. F\u00fcr Letzteres bedient sich das ICM-ETHi einer zus\u00e4tzlichen PC-Software zur Einrichtung einer Com-Port-Weiterleitung (im Lieferumfang enthalten). In beiden F\u00e4llen wird [&hellip;]<\/p>\n","protected":false},"featured_media":0,"comment_status":"open","ping_status":"closed","template":"","meta":{"_acf_changed":false,"_gspb_post_css":"","inline_featured_image":false,"_genesis_hide_title":false,"_genesis_hide_breadcrumbs":false,"_genesis_hide_singular_image":false,"_genesis_hide_footer_widgets":false,"_genesis_custom_body_class":"","_genesis_custom_post_class":"","_genesis_layout":"","_links_to":"","_links_to_target":""},"product-structure":[62],"product_brand":[],"product_cat":[13181,13118,13202,13230,13244,13265,13195,13286,13216,13153,13209,13188,13272,13279,13237,13223,13258,13251],"product_tag":[],"class_list":{"0":"post-77097","1":"product","2":"type-product","3":"status-publish","5":"product-structure-series","6":"product_cat-anwendungen","7":"product_cat-baumaschinen","8":"product_cat-bergbau","9":"product_cat-chemie-oel-gas","10":"product_cat-energie","11":"product_cat-entsorgung-und-recycling","12":"product_cat-foerdertechnik","13":"product_cat-hydraulikanlagen","14":"product_cat-kommunaltechnik-und-nutzfahrzeuge","15":"product_cat-land-und-forstmaschinen","16":"product_cat-luftfahrt-und-marine","17":"product_cat-mobile-anwendungen","18":"product_cat-pressen-und-umformmaschinen","19":"product_cat-schmierungstechnik-und-spuelaggregate","20":"product_cat-stahlwerke-und-metallverarbeitung","21":"product_cat-stationaere-anwendungen","22":"product_cat-textil-holz-und-papier","23":"product_cat-verpackung-nahrungs-und-genussmittel","24":"entry","26":"first","27":"instock","28":"shipping-taxable","29":"product-type-simple"},"acf":[],"yoast_head":"<!-- This site is optimized with the Yoast SEO plugin v27.1.1 - https:\/\/yoast.com\/product\/yoast-seo-wordpress\/ -->\n<title>ICM-USBi &amp; ICM-ETHi - MP Filtri<\/title>\n<meta name=\"robots\" content=\"index, follow, max-snippet:-1, max-image-preview:large, max-video-preview:-1\" \/>\n<link rel=\"canonical\" href=\"https:\/\/mpfiltri4.addictionlab.it\/de\/produkt\/icm-usbi-icm-ethi\/\" \/>\n<meta property=\"og:locale\" content=\"de_DE\" \/>\n<meta property=\"og:type\" content=\"article\" \/>\n<meta property=\"og:title\" content=\"ICM-USBi &amp; ICM-ETHi - MP Filtri\" \/>\n<meta property=\"og:description\" content=\"Die optional erh\u00e4ltlichen Datenkommunikationsmodule USBi und ETHi f\u00fcr MP Filtri\u2019s Inline Sensoren der Serie ICM dienen entweder der USB-gest\u00fctzten 1:1-Kommunikation mit einem externen PC oder zur Einbindung eines ICM in ein \u00fcbergeordnetes Netzwerk via Ethernet. F\u00fcr Letzteres bedient sich das ICM-ETHi einer zus\u00e4tzlichen PC-Software zur Einrichtung einer Com-Port-Weiterleitung (im Lieferumfang enthalten). In beiden F\u00e4llen wird [&hellip;]\" \/>\n<meta property=\"og:url\" content=\"https:\/\/mpfiltri4.addictionlab.it\/de\/produkt\/icm-usbi-icm-ethi\/\" \/>\n<meta property=\"og:site_name\" content=\"MP Filtri\" \/>\n<meta property=\"article:publisher\" content=\"https:\/\/www.facebook.com\/MPFiltriITA\" \/>\n<meta property=\"article:modified_time\" content=\"2026-04-07T15:53:11+00:00\" \/>\n<meta name=\"twitter:card\" content=\"summary_large_image\" \/>\n<meta name=\"twitter:label1\" content=\"Gesch\u00e4tzte Lesezeit\" \/>\n\t<meta name=\"twitter:data1\" content=\"1\u00a0Minute\" \/>\n<script type=\"application\/ld+json\" class=\"yoast-schema-graph\">{\"@context\":\"https:\/\/schema.org\",\"@graph\":[{\"@type\":\"WebPage\",\"@id\":\"https:\/\/mpfiltri4.addictionlab.it\/de\/produkt\/icm-usbi-icm-ethi\/\",\"url\":\"https:\/\/mpfiltri4.addictionlab.it\/de\/produkt\/icm-usbi-icm-ethi\/\",\"name\":\"ICM-USBi & ICM-ETHi - MP Filtri\",\"isPartOf\":{\"@id\":\"https:\/\/mpfiltri4.addictionlab.it\/de\/#website\"},\"datePublished\":\"2025-06-18T08:19:26+00:00\",\"dateModified\":\"2026-04-07T15:53:11+00:00\",\"breadcrumb\":{\"@id\":\"https:\/\/mpfiltri4.addictionlab.it\/de\/produkt\/icm-usbi-icm-ethi\/#breadcrumb\"},\"inLanguage\":\"de\",\"potentialAction\":[{\"@type\":\"ReadAction\",\"target\":[\"https:\/\/mpfiltri4.addictionlab.it\/de\/produkt\/icm-usbi-icm-ethi\/\"]}]},{\"@type\":\"BreadcrumbList\",\"@id\":\"https:\/\/mpfiltri4.addictionlab.it\/de\/produkt\/icm-usbi-icm-ethi\/#breadcrumb\",\"itemListElement\":[{\"@type\":\"ListItem\",\"position\":1,\"name\":\"Home\",\"item\":\"https:\/\/mpfiltri4.addictionlab.it\/de\/\"},{\"@type\":\"ListItem\",\"position\":2,\"name\":\"Produkte\",\"item\":\"https:\/\/mpfiltri4.addictionlab.it\/de\/shop\/\"},{\"@type\":\"ListItem\",\"position\":3,\"name\":\"ICM-USBi &#038; ICM-ETHi\"}]},{\"@type\":\"WebSite\",\"@id\":\"https:\/\/mpfiltri4.addictionlab.it\/de\/#website\",\"url\":\"https:\/\/mpfiltri4.addictionlab.it\/de\/\",\"name\":\"MP Filtri\",\"description\":\"\",\"publisher\":{\"@id\":\"https:\/\/mpfiltri4.addictionlab.it\/de\/#organization\"},\"potentialAction\":[{\"@type\":\"SearchAction\",\"target\":{\"@type\":\"EntryPoint\",\"urlTemplate\":\"https:\/\/mpfiltri4.addictionlab.it\/de\/?s={search_term_string}\"},\"query-input\":{\"@type\":\"PropertyValueSpecification\",\"valueRequired\":true,\"valueName\":\"search_term_string\"}}],\"inLanguage\":\"de\"},{\"@type\":\"Organization\",\"@id\":\"https:\/\/mpfiltri4.addictionlab.it\/de\/#organization\",\"name\":\"MP Filtri\",\"url\":\"https:\/\/mpfiltri4.addictionlab.it\/de\/\",\"logo\":{\"@type\":\"ImageObject\",\"inLanguage\":\"de\",\"@id\":\"https:\/\/mpfiltri4.addictionlab.it\/de\/#\/schema\/logo\/image\/\",\"url\":\"\",\"contentUrl\":\"\",\"caption\":\"MP Filtri\"},\"image\":{\"@id\":\"https:\/\/mpfiltri4.addictionlab.it\/de\/#\/schema\/logo\/image\/\"},\"sameAs\":[\"https:\/\/www.facebook.com\/MPFiltriITA\",\"https:\/\/www.instagram.com\/mpfiltri\/\",\"https:\/\/www.youtube.com\/channel\/UCCzNMySYc1c4M-2B4v0K_QA?view_as=subscriber\",\"https:\/\/www.linkedin.com\/company\/mp-filtri-spa\/\"]}]}<\/script>\n<!-- \/ Yoast SEO plugin. -->","yoast_head_json":{"title":"ICM-USBi & ICM-ETHi - MP Filtri","robots":{"index":"index","follow":"follow","max-snippet":"max-snippet:-1","max-image-preview":"max-image-preview:large","max-video-preview":"max-video-preview:-1"},"canonical":"https:\/\/mpfiltri4.addictionlab.it\/de\/produkt\/icm-usbi-icm-ethi\/","og_locale":"de_DE","og_type":"article","og_title":"ICM-USBi & ICM-ETHi - MP Filtri","og_description":"Die optional erh\u00e4ltlichen Datenkommunikationsmodule USBi und ETHi f\u00fcr MP Filtri\u2019s Inline Sensoren der Serie ICM dienen entweder der USB-gest\u00fctzten 1:1-Kommunikation mit einem externen PC oder zur Einbindung eines ICM in ein \u00fcbergeordnetes Netzwerk via Ethernet. F\u00fcr Letzteres bedient sich das ICM-ETHi einer zus\u00e4tzlichen PC-Software zur Einrichtung einer Com-Port-Weiterleitung (im Lieferumfang enthalten). In beiden F\u00e4llen wird [&hellip;]","og_url":"https:\/\/mpfiltri4.addictionlab.it\/de\/produkt\/icm-usbi-icm-ethi\/","og_site_name":"MP Filtri","article_publisher":"https:\/\/www.facebook.com\/MPFiltriITA","article_modified_time":"2026-04-07T15:53:11+00:00","twitter_card":"summary_large_image","twitter_misc":{"Gesch\u00e4tzte Lesezeit":"1\u00a0Minute"},"schema":{"@context":"https:\/\/schema.org","@graph":[{"@type":"WebPage","@id":"https:\/\/mpfiltri4.addictionlab.it\/de\/produkt\/icm-usbi-icm-ethi\/","url":"https:\/\/mpfiltri4.addictionlab.it\/de\/produkt\/icm-usbi-icm-ethi\/","name":"ICM-USBi & ICM-ETHi - MP Filtri","isPartOf":{"@id":"https:\/\/mpfiltri4.addictionlab.it\/de\/#website"},"datePublished":"2025-06-18T08:19:26+00:00","dateModified":"2026-04-07T15:53:11+00:00","breadcrumb":{"@id":"https:\/\/mpfiltri4.addictionlab.it\/de\/produkt\/icm-usbi-icm-ethi\/#breadcrumb"},"inLanguage":"de","potentialAction":[{"@type":"ReadAction","target":["https:\/\/mpfiltri4.addictionlab.it\/de\/produkt\/icm-usbi-icm-ethi\/"]}]},{"@type":"BreadcrumbList","@id":"https:\/\/mpfiltri4.addictionlab.it\/de\/produkt\/icm-usbi-icm-ethi\/#breadcrumb","itemListElement":[{"@type":"ListItem","position":1,"name":"Home","item":"https:\/\/mpfiltri4.addictionlab.it\/de\/"},{"@type":"ListItem","position":2,"name":"Produkte","item":"https:\/\/mpfiltri4.addictionlab.it\/de\/shop\/"},{"@type":"ListItem","position":3,"name":"ICM-USBi &#038; ICM-ETHi"}]},{"@type":"WebSite","@id":"https:\/\/mpfiltri4.addictionlab.it\/de\/#website","url":"https:\/\/mpfiltri4.addictionlab.it\/de\/","name":"MP Filtri","description":"","publisher":{"@id":"https:\/\/mpfiltri4.addictionlab.it\/de\/#organization"},"potentialAction":[{"@type":"SearchAction","target":{"@type":"EntryPoint","urlTemplate":"https:\/\/mpfiltri4.addictionlab.it\/de\/?s={search_term_string}"},"query-input":{"@type":"PropertyValueSpecification","valueRequired":true,"valueName":"search_term_string"}}],"inLanguage":"de"},{"@type":"Organization","@id":"https:\/\/mpfiltri4.addictionlab.it\/de\/#organization","name":"MP Filtri","url":"https:\/\/mpfiltri4.addictionlab.it\/de\/","logo":{"@type":"ImageObject","inLanguage":"de","@id":"https:\/\/mpfiltri4.addictionlab.it\/de\/#\/schema\/logo\/image\/","url":"","contentUrl":"","caption":"MP Filtri"},"image":{"@id":"https:\/\/mpfiltri4.addictionlab.it\/de\/#\/schema\/logo\/image\/"},"sameAs":["https:\/\/www.facebook.com\/MPFiltriITA","https:\/\/www.instagram.com\/mpfiltri\/","https:\/\/www.youtube.com\/channel\/UCCzNMySYc1c4M-2B4v0K_QA?view_as=subscriber","https:\/\/www.linkedin.com\/company\/mp-filtri-spa\/"]}]}},"_links":{"self":[{"href":"https:\/\/mpfiltri4.addictionlab.it\/de\/wp-json\/wp\/v2\/product\/77097","targetHints":{"allow":["GET"]}}],"collection":[{"href":"https:\/\/mpfiltri4.addictionlab.it\/de\/wp-json\/wp\/v2\/product"}],"about":[{"href":"https:\/\/mpfiltri4.addictionlab.it\/de\/wp-json\/wp\/v2\/types\/product"}],"replies":[{"embeddable":true,"href":"https:\/\/mpfiltri4.addictionlab.it\/de\/wp-json\/wp\/v2\/comments?post=77097"}],"wp:attachment":[{"href":"https:\/\/mpfiltri4.addictionlab.it\/de\/wp-json\/wp\/v2\/media?parent=77097"}],"wp:term":[{"taxonomy":"product-structure","embeddable":true,"href":"https:\/\/mpfiltri4.addictionlab.it\/de\/wp-json\/wp\/v2\/product-structure?post=77097"},{"taxonomy":"product_brand","embeddable":true,"href":"https:\/\/mpfiltri4.addictionlab.it\/de\/wp-json\/wp\/v2\/product_brand?post=77097"},{"taxonomy":"product_cat","embeddable":true,"href":"https:\/\/mpfiltri4.addictionlab.it\/de\/wp-json\/wp\/v2\/product_cat?post=77097"},{"taxonomy":"product_tag","embeddable":true,"href":"https:\/\/mpfiltri4.addictionlab.it\/de\/wp-json\/wp\/v2\/product_tag?post=77097"}],"curies":[{"name":"wp","href":"https:\/\/api.w.org\/{rel}","templated":true}]}}