

{"id":76957,"date":"2025-06-17T12:39:06","date_gmt":"2025-06-17T10:39:06","guid":{"rendered":"https:\/\/mpfiltri4.addictionlab.it\/product\/produkt-2\/"},"modified":"2026-04-07T17:53:23","modified_gmt":"2026-04-07T15:53:23","slug":"tc-50","status":"publish","type":"product","link":"https:\/\/mpfiltri4.addictionlab.it\/de\/produkt\/tc-50\/","title":{"rendered":"TC 50"},"content":{"rendered":"<p>Der <strong>Tankbef\u00fcllstopfen TC 50 <\/strong>mit Einf\u00fcllsieb besteht aus Kunststoff und wird \u00fcblicherweise direkt am Tank montiert.<\/p>\n<p>\u2022 G 1\u201d-Au\u00dfengewindeanschluss, mit oder ohne Mutter<\/p>\n<p>\u2022 Metallfilterung, um die in der Luft enthaltenen groben Verunreinigungen zur\u00fcckzuhalten<\/p>\n<p>\u2022 F\u00fcllkorb, um die in der Fl\u00fcssigkeit enthaltenen groben Verunreinigungen zur\u00fcckzuhalten und den Fl\u00fcssigkeitsstrom in den Tank zu verteilen<\/p>\n<p>\u2022 Kappen mit unterschiedlichen Farben<\/p>\n<p>\u2022 Wahlweise mit \u00d6lmess-Stab sowie Spritzschutz zur Vermeidung von Fl\u00fcssigkeitsaustritt aus dem Tank.<\/p>\n<p>Allgemeine Anwendungsbereiche sind kompakte Hydraulikanlagen.<\/p>\n","protected":false},"excerpt":{"rendered":"<p>Der Tankbef\u00fcllstopfen TC 50 mit Einf\u00fcllsieb besteht aus Kunststoff und wird \u00fcblicherweise direkt am Tank montiert. \u2022 G 1\u201d-Au\u00dfengewindeanschluss, mit oder ohne Mutter \u2022 Metallfilterung, um die in der Luft enthaltenen groben Verunreinigungen zur\u00fcckzuhalten \u2022 F\u00fcllkorb, um die in der Fl\u00fcssigkeit enthaltenen groben Verunreinigungen zur\u00fcckzuhalten und den Fl\u00fcssigkeitsstrom in den Tank zu verteilen \u2022 Kappen [&hellip;]<\/p>\n","protected":false},"featured_media":0,"comment_status":"open","ping_status":"closed","template":"","meta":{"_acf_changed":false,"_gspb_post_css":"","inline_featured_image":false,"_genesis_hide_title":false,"_genesis_hide_breadcrumbs":false,"_genesis_hide_singular_image":false,"_genesis_hide_footer_widgets":false,"_genesis_custom_body_class":"","_genesis_custom_post_class":"","_genesis_layout":"","_links_to":"","_links_to_target":""},"product-structure":[62],"product_brand":[],"product_cat":[13181,13118,13153,13188],"product_tag":[],"class_list":{"0":"post-76957","1":"product","2":"type-product","3":"status-publish","5":"product-structure-series","6":"product_cat-anwendungen","7":"product_cat-baumaschinen","8":"product_cat-land-und-forstmaschinen","9":"product_cat-mobile-anwendungen","10":"entry","12":"first","13":"instock","14":"shipping-taxable","15":"product-type-simple"},"acf":[],"yoast_head":"<!-- This site is optimized with the Yoast SEO plugin v27.1.1 - https:\/\/yoast.com\/product\/yoast-seo-wordpress\/ -->\n<title>TC 50 - MP Filtri<\/title>\n<meta name=\"robots\" content=\"index, follow, max-snippet:-1, max-image-preview:large, max-video-preview:-1\" \/>\n<link rel=\"canonical\" href=\"https:\/\/mpfiltri4.addictionlab.it\/de\/produkt\/tc-50\/\" \/>\n<meta property=\"og:locale\" content=\"de_DE\" \/>\n<meta property=\"og:type\" content=\"article\" \/>\n<meta property=\"og:title\" content=\"TC 50 - MP Filtri\" \/>\n<meta property=\"og:description\" content=\"Der Tankbef\u00fcllstopfen TC 50 mit Einf\u00fcllsieb besteht aus Kunststoff und wird \u00fcblicherweise direkt am Tank montiert. \u2022 G 1\u201d-Au\u00dfengewindeanschluss, mit oder ohne Mutter \u2022 Metallfilterung, um die in der Luft enthaltenen groben Verunreinigungen zur\u00fcckzuhalten \u2022 F\u00fcllkorb, um die in der Fl\u00fcssigkeit enthaltenen groben Verunreinigungen zur\u00fcckzuhalten und den Fl\u00fcssigkeitsstrom in den Tank zu verteilen \u2022 Kappen [&hellip;]\" \/>\n<meta property=\"og:url\" content=\"https:\/\/mpfiltri4.addictionlab.it\/de\/produkt\/tc-50\/\" \/>\n<meta property=\"og:site_name\" content=\"MP Filtri\" \/>\n<meta property=\"article:publisher\" content=\"https:\/\/www.facebook.com\/MPFiltriITA\" \/>\n<meta property=\"article:modified_time\" content=\"2026-04-07T15:53:23+00:00\" \/>\n<meta name=\"twitter:card\" content=\"summary_large_image\" \/>\n<script type=\"application\/ld+json\" class=\"yoast-schema-graph\">{\"@context\":\"https:\/\/schema.org\",\"@graph\":[{\"@type\":\"WebPage\",\"@id\":\"https:\/\/mpfiltri4.addictionlab.it\/de\/produkt\/tc-50\/\",\"url\":\"https:\/\/mpfiltri4.addictionlab.it\/de\/produkt\/tc-50\/\",\"name\":\"TC 50 - MP Filtri\",\"isPartOf\":{\"@id\":\"https:\/\/mpfiltri4.addictionlab.it\/de\/#website\"},\"datePublished\":\"2025-06-17T10:39:06+00:00\",\"dateModified\":\"2026-04-07T15:53:23+00:00\",\"breadcrumb\":{\"@id\":\"https:\/\/mpfiltri4.addictionlab.it\/de\/produkt\/tc-50\/#breadcrumb\"},\"inLanguage\":\"de\",\"potentialAction\":[{\"@type\":\"ReadAction\",\"target\":[\"https:\/\/mpfiltri4.addictionlab.it\/de\/produkt\/tc-50\/\"]}]},{\"@type\":\"BreadcrumbList\",\"@id\":\"https:\/\/mpfiltri4.addictionlab.it\/de\/produkt\/tc-50\/#breadcrumb\",\"itemListElement\":[{\"@type\":\"ListItem\",\"position\":1,\"name\":\"Home\",\"item\":\"https:\/\/mpfiltri4.addictionlab.it\/de\/\"},{\"@type\":\"ListItem\",\"position\":2,\"name\":\"Produkte\",\"item\":\"https:\/\/mpfiltri4.addictionlab.it\/de\/shop\/\"},{\"@type\":\"ListItem\",\"position\":3,\"name\":\"TC 50\"}]},{\"@type\":\"WebSite\",\"@id\":\"https:\/\/mpfiltri4.addictionlab.it\/de\/#website\",\"url\":\"https:\/\/mpfiltri4.addictionlab.it\/de\/\",\"name\":\"MP Filtri\",\"description\":\"\",\"publisher\":{\"@id\":\"https:\/\/mpfiltri4.addictionlab.it\/de\/#organization\"},\"potentialAction\":[{\"@type\":\"SearchAction\",\"target\":{\"@type\":\"EntryPoint\",\"urlTemplate\":\"https:\/\/mpfiltri4.addictionlab.it\/de\/?s={search_term_string}\"},\"query-input\":{\"@type\":\"PropertyValueSpecification\",\"valueRequired\":true,\"valueName\":\"search_term_string\"}}],\"inLanguage\":\"de\"},{\"@type\":\"Organization\",\"@id\":\"https:\/\/mpfiltri4.addictionlab.it\/de\/#organization\",\"name\":\"MP Filtri\",\"url\":\"https:\/\/mpfiltri4.addictionlab.it\/de\/\",\"logo\":{\"@type\":\"ImageObject\",\"inLanguage\":\"de\",\"@id\":\"https:\/\/mpfiltri4.addictionlab.it\/de\/#\/schema\/logo\/image\/\",\"url\":\"\",\"contentUrl\":\"\",\"caption\":\"MP Filtri\"},\"image\":{\"@id\":\"https:\/\/mpfiltri4.addictionlab.it\/de\/#\/schema\/logo\/image\/\"},\"sameAs\":[\"https:\/\/www.facebook.com\/MPFiltriITA\",\"https:\/\/www.instagram.com\/mpfiltri\/\",\"https:\/\/www.youtube.com\/channel\/UCCzNMySYc1c4M-2B4v0K_QA?view_as=subscriber\",\"https:\/\/www.linkedin.com\/company\/mp-filtri-spa\/\"]}]}<\/script>\n<!-- \/ Yoast SEO plugin. -->","yoast_head_json":{"title":"TC 50 - MP Filtri","robots":{"index":"index","follow":"follow","max-snippet":"max-snippet:-1","max-image-preview":"max-image-preview:large","max-video-preview":"max-video-preview:-1"},"canonical":"https:\/\/mpfiltri4.addictionlab.it\/de\/produkt\/tc-50\/","og_locale":"de_DE","og_type":"article","og_title":"TC 50 - MP Filtri","og_description":"Der Tankbef\u00fcllstopfen TC 50 mit Einf\u00fcllsieb besteht aus Kunststoff und wird \u00fcblicherweise direkt am Tank montiert. \u2022 G 1\u201d-Au\u00dfengewindeanschluss, mit oder ohne Mutter \u2022 Metallfilterung, um die in der Luft enthaltenen groben Verunreinigungen zur\u00fcckzuhalten \u2022 F\u00fcllkorb, um die in der Fl\u00fcssigkeit enthaltenen groben Verunreinigungen zur\u00fcckzuhalten und den Fl\u00fcssigkeitsstrom in den Tank zu verteilen \u2022 Kappen [&hellip;]","og_url":"https:\/\/mpfiltri4.addictionlab.it\/de\/produkt\/tc-50\/","og_site_name":"MP Filtri","article_publisher":"https:\/\/www.facebook.com\/MPFiltriITA","article_modified_time":"2026-04-07T15:53:23+00:00","twitter_card":"summary_large_image","schema":{"@context":"https:\/\/schema.org","@graph":[{"@type":"WebPage","@id":"https:\/\/mpfiltri4.addictionlab.it\/de\/produkt\/tc-50\/","url":"https:\/\/mpfiltri4.addictionlab.it\/de\/produkt\/tc-50\/","name":"TC 50 - MP Filtri","isPartOf":{"@id":"https:\/\/mpfiltri4.addictionlab.it\/de\/#website"},"datePublished":"2025-06-17T10:39:06+00:00","dateModified":"2026-04-07T15:53:23+00:00","breadcrumb":{"@id":"https:\/\/mpfiltri4.addictionlab.it\/de\/produkt\/tc-50\/#breadcrumb"},"inLanguage":"de","potentialAction":[{"@type":"ReadAction","target":["https:\/\/mpfiltri4.addictionlab.it\/de\/produkt\/tc-50\/"]}]},{"@type":"BreadcrumbList","@id":"https:\/\/mpfiltri4.addictionlab.it\/de\/produkt\/tc-50\/#breadcrumb","itemListElement":[{"@type":"ListItem","position":1,"name":"Home","item":"https:\/\/mpfiltri4.addictionlab.it\/de\/"},{"@type":"ListItem","position":2,"name":"Produkte","item":"https:\/\/mpfiltri4.addictionlab.it\/de\/shop\/"},{"@type":"ListItem","position":3,"name":"TC 50"}]},{"@type":"WebSite","@id":"https:\/\/mpfiltri4.addictionlab.it\/de\/#website","url":"https:\/\/mpfiltri4.addictionlab.it\/de\/","name":"MP Filtri","description":"","publisher":{"@id":"https:\/\/mpfiltri4.addictionlab.it\/de\/#organization"},"potentialAction":[{"@type":"SearchAction","target":{"@type":"EntryPoint","urlTemplate":"https:\/\/mpfiltri4.addictionlab.it\/de\/?s={search_term_string}"},"query-input":{"@type":"PropertyValueSpecification","valueRequired":true,"valueName":"search_term_string"}}],"inLanguage":"de"},{"@type":"Organization","@id":"https:\/\/mpfiltri4.addictionlab.it\/de\/#organization","name":"MP Filtri","url":"https:\/\/mpfiltri4.addictionlab.it\/de\/","logo":{"@type":"ImageObject","inLanguage":"de","@id":"https:\/\/mpfiltri4.addictionlab.it\/de\/#\/schema\/logo\/image\/","url":"","contentUrl":"","caption":"MP Filtri"},"image":{"@id":"https:\/\/mpfiltri4.addictionlab.it\/de\/#\/schema\/logo\/image\/"},"sameAs":["https:\/\/www.facebook.com\/MPFiltriITA","https:\/\/www.instagram.com\/mpfiltri\/","https:\/\/www.youtube.com\/channel\/UCCzNMySYc1c4M-2B4v0K_QA?view_as=subscriber","https:\/\/www.linkedin.com\/company\/mp-filtri-spa\/"]}]}},"_links":{"self":[{"href":"https:\/\/mpfiltri4.addictionlab.it\/de\/wp-json\/wp\/v2\/product\/76957","targetHints":{"allow":["GET"]}}],"collection":[{"href":"https:\/\/mpfiltri4.addictionlab.it\/de\/wp-json\/wp\/v2\/product"}],"about":[{"href":"https:\/\/mpfiltri4.addictionlab.it\/de\/wp-json\/wp\/v2\/types\/product"}],"replies":[{"embeddable":true,"href":"https:\/\/mpfiltri4.addictionlab.it\/de\/wp-json\/wp\/v2\/comments?post=76957"}],"wp:attachment":[{"href":"https:\/\/mpfiltri4.addictionlab.it\/de\/wp-json\/wp\/v2\/media?parent=76957"}],"wp:term":[{"taxonomy":"product-structure","embeddable":true,"href":"https:\/\/mpfiltri4.addictionlab.it\/de\/wp-json\/wp\/v2\/product-structure?post=76957"},{"taxonomy":"product_brand","embeddable":true,"href":"https:\/\/mpfiltri4.addictionlab.it\/de\/wp-json\/wp\/v2\/product_brand?post=76957"},{"taxonomy":"product_cat","embeddable":true,"href":"https:\/\/mpfiltri4.addictionlab.it\/de\/wp-json\/wp\/v2\/product_cat?post=76957"},{"taxonomy":"product_tag","embeddable":true,"href":"https:\/\/mpfiltri4.addictionlab.it\/de\/wp-json\/wp\/v2\/product_tag?post=76957"}],"curies":[{"name":"wp","href":"https:\/\/api.w.org\/{rel}","templated":true}]}}