

{"id":76826,"date":"2025-06-17T12:40:10","date_gmt":"2025-06-17T10:40:10","guid":{"rendered":"https:\/\/mpfiltri4.addictionlab.it\/product\/produkt\/"},"modified":"2026-04-07T17:53:18","modified_gmt":"2026-04-07T15:53:18","slug":"tankbefuellstopfen","status":"publish","type":"product","link":"https:\/\/mpfiltri4.addictionlab.it\/de\/produkt\/tankbefuellstopfen\/","title":{"rendered":"TANKBEF\u00dcLLSTOPFEN"},"content":{"rendered":"<p>Die <strong>Tankbef\u00fcllstopfen der Baureihen TC 50, TKT, TSD und TKM<\/strong> dienen dem Schutz des Tanks vor Verunreinigungen durch Feststoffe in der Luft und zum Einf\u00fcllen von Fl\u00fcssigkeit in die Systeme w\u00e4hrend der Inbetriebnahme und Wartung.<\/p>\n<p>Die Kappen sind in unterschiedlichen Farben erh\u00e4ltlich. <\/p>\n<p>Allgemeine Anwendungsbereiche sind kompakte Hydraulikanlagen.<\/p>\n","protected":false},"excerpt":{"rendered":"<p>Die Tankbef\u00fcllstopfen der Baureihen TC 50, TKT, TSD und TKM dienen dem Schutz des Tanks vor Verunreinigungen durch Feststoffe in der Luft und zum Einf\u00fcllen von Fl\u00fcssigkeit in die Systeme w\u00e4hrend der Inbetriebnahme und Wartung. Die Kappen sind in unterschiedlichen Farben erh\u00e4ltlich. Allgemeine Anwendungsbereiche sind kompakte Hydraulikanlagen.<\/p>\n","protected":false},"featured_media":25891,"comment_status":"open","ping_status":"closed","template":"","meta":{"_acf_changed":false,"_gspb_post_css":"","inline_featured_image":false,"_genesis_hide_title":false,"_genesis_hide_breadcrumbs":false,"_genesis_hide_singular_image":false,"_genesis_hide_footer_widgets":false,"_genesis_custom_body_class":"","_genesis_custom_post_class":"","_genesis_layout":"","_links_to":"","_links_to_target":""},"product-structure":[61],"product_brand":[],"product_cat":[],"product_tag":[],"class_list":{"0":"post-76826","1":"product","2":"type-product","3":"status-publish","4":"has-post-thumbnail","6":"product-structure-family","7":"entry","9":"first","10":"instock","11":"shipping-taxable","12":"product-type-simple"},"acf":[],"yoast_head":"<!-- This site is optimized with the Yoast SEO plugin v27.1.1 - https:\/\/yoast.com\/product\/yoast-seo-wordpress\/ -->\n<title>TANKBEF\u00dcLLSTOPFEN - MP Filtri<\/title>\n<meta name=\"robots\" content=\"index, follow, max-snippet:-1, max-image-preview:large, max-video-preview:-1\" \/>\n<link rel=\"canonical\" href=\"https:\/\/mpfiltri4.addictionlab.it\/de\/produkt\/tankbefuellstopfen\/\" \/>\n<meta property=\"og:locale\" content=\"de_DE\" \/>\n<meta property=\"og:type\" content=\"article\" \/>\n<meta property=\"og:title\" content=\"TANKBEF\u00dcLLSTOPFEN - MP Filtri\" \/>\n<meta property=\"og:description\" content=\"Die Tankbef\u00fcllstopfen der Baureihen TC 50, TKT, TSD und TKM dienen dem Schutz des Tanks vor Verunreinigungen durch Feststoffe in der Luft und zum Einf\u00fcllen von Fl\u00fcssigkeit in die Systeme w\u00e4hrend der Inbetriebnahme und Wartung. Die Kappen sind in unterschiedlichen Farben erh\u00e4ltlich. Allgemeine Anwendungsbereiche sind kompakte Hydraulikanlagen.\" \/>\n<meta property=\"og:url\" content=\"https:\/\/mpfiltri4.addictionlab.it\/de\/produkt\/tankbefuellstopfen\/\" \/>\n<meta property=\"og:site_name\" content=\"MP Filtri\" \/>\n<meta property=\"article:publisher\" content=\"https:\/\/www.facebook.com\/MPFiltriITA\" \/>\n<meta property=\"article:modified_time\" content=\"2026-04-07T15:53:18+00:00\" \/>\n<meta property=\"og:image\" content=\"https:\/\/mpfiltri4.addictionlab.it\/wp-content\/uploads\/2025\/06\/TANK-Filler-and-Drain-Plugs_250px.png\" \/>\n\t<meta property=\"og:image:width\" content=\"313\" \/>\n\t<meta property=\"og:image:height\" content=\"313\" \/>\n\t<meta property=\"og:image:type\" content=\"image\/png\" \/>\n<meta name=\"twitter:card\" content=\"summary_large_image\" \/>\n<script type=\"application\/ld+json\" class=\"yoast-schema-graph\">{\"@context\":\"https:\/\/schema.org\",\"@graph\":[{\"@type\":\"WebPage\",\"@id\":\"https:\/\/mpfiltri4.addictionlab.it\/de\/produkt\/tankbefuellstopfen\/\",\"url\":\"https:\/\/mpfiltri4.addictionlab.it\/de\/produkt\/tankbefuellstopfen\/\",\"name\":\"TANKBEF\u00dcLLSTOPFEN - MP Filtri\",\"isPartOf\":{\"@id\":\"https:\/\/mpfiltri4.addictionlab.it\/de\/#website\"},\"primaryImageOfPage\":{\"@id\":\"https:\/\/mpfiltri4.addictionlab.it\/de\/produkt\/tankbefuellstopfen\/#primaryimage\"},\"image\":{\"@id\":\"https:\/\/mpfiltri4.addictionlab.it\/de\/produkt\/tankbefuellstopfen\/#primaryimage\"},\"thumbnailUrl\":\"https:\/\/mpfiltri4.addictionlab.it\/wp-content\/uploads\/2025\/06\/TANK-Filler-and-Drain-Plugs_250px.png\",\"datePublished\":\"2025-06-17T10:40:10+00:00\",\"dateModified\":\"2026-04-07T15:53:18+00:00\",\"breadcrumb\":{\"@id\":\"https:\/\/mpfiltri4.addictionlab.it\/de\/produkt\/tankbefuellstopfen\/#breadcrumb\"},\"inLanguage\":\"de\",\"potentialAction\":[{\"@type\":\"ReadAction\",\"target\":[\"https:\/\/mpfiltri4.addictionlab.it\/de\/produkt\/tankbefuellstopfen\/\"]}]},{\"@type\":\"ImageObject\",\"inLanguage\":\"de\",\"@id\":\"https:\/\/mpfiltri4.addictionlab.it\/de\/produkt\/tankbefuellstopfen\/#primaryimage\",\"url\":\"https:\/\/mpfiltri4.addictionlab.it\/wp-content\/uploads\/2025\/06\/TANK-Filler-and-Drain-Plugs_250px.png\",\"contentUrl\":\"https:\/\/mpfiltri4.addictionlab.it\/wp-content\/uploads\/2025\/06\/TANK-Filler-and-Drain-Plugs_250px.png\",\"width\":313,\"height\":313},{\"@type\":\"BreadcrumbList\",\"@id\":\"https:\/\/mpfiltri4.addictionlab.it\/de\/produkt\/tankbefuellstopfen\/#breadcrumb\",\"itemListElement\":[{\"@type\":\"ListItem\",\"position\":1,\"name\":\"Home\",\"item\":\"https:\/\/mpfiltri4.addictionlab.it\/de\/\"},{\"@type\":\"ListItem\",\"position\":2,\"name\":\"Produkte\",\"item\":\"https:\/\/mpfiltri4.addictionlab.it\/de\/shop\/\"},{\"@type\":\"ListItem\",\"position\":3,\"name\":\"TANKBEF\u00dcLLSTOPFEN\"}]},{\"@type\":\"WebSite\",\"@id\":\"https:\/\/mpfiltri4.addictionlab.it\/de\/#website\",\"url\":\"https:\/\/mpfiltri4.addictionlab.it\/de\/\",\"name\":\"MP Filtri\",\"description\":\"\",\"publisher\":{\"@id\":\"https:\/\/mpfiltri4.addictionlab.it\/de\/#organization\"},\"potentialAction\":[{\"@type\":\"SearchAction\",\"target\":{\"@type\":\"EntryPoint\",\"urlTemplate\":\"https:\/\/mpfiltri4.addictionlab.it\/de\/?s={search_term_string}\"},\"query-input\":{\"@type\":\"PropertyValueSpecification\",\"valueRequired\":true,\"valueName\":\"search_term_string\"}}],\"inLanguage\":\"de\"},{\"@type\":\"Organization\",\"@id\":\"https:\/\/mpfiltri4.addictionlab.it\/de\/#organization\",\"name\":\"MP Filtri\",\"url\":\"https:\/\/mpfiltri4.addictionlab.it\/de\/\",\"logo\":{\"@type\":\"ImageObject\",\"inLanguage\":\"de\",\"@id\":\"https:\/\/mpfiltri4.addictionlab.it\/de\/#\/schema\/logo\/image\/\",\"url\":\"\",\"contentUrl\":\"\",\"caption\":\"MP Filtri\"},\"image\":{\"@id\":\"https:\/\/mpfiltri4.addictionlab.it\/de\/#\/schema\/logo\/image\/\"},\"sameAs\":[\"https:\/\/www.facebook.com\/MPFiltriITA\",\"https:\/\/www.instagram.com\/mpfiltri\/\",\"https:\/\/www.youtube.com\/channel\/UCCzNMySYc1c4M-2B4v0K_QA?view_as=subscriber\",\"https:\/\/www.linkedin.com\/company\/mp-filtri-spa\/\"]}]}<\/script>\n<!-- \/ Yoast SEO plugin. -->","yoast_head_json":{"title":"TANKBEF\u00dcLLSTOPFEN - MP Filtri","robots":{"index":"index","follow":"follow","max-snippet":"max-snippet:-1","max-image-preview":"max-image-preview:large","max-video-preview":"max-video-preview:-1"},"canonical":"https:\/\/mpfiltri4.addictionlab.it\/de\/produkt\/tankbefuellstopfen\/","og_locale":"de_DE","og_type":"article","og_title":"TANKBEF\u00dcLLSTOPFEN - MP Filtri","og_description":"Die Tankbef\u00fcllstopfen der Baureihen TC 50, TKT, TSD und TKM dienen dem Schutz des Tanks vor Verunreinigungen durch Feststoffe in der Luft und zum Einf\u00fcllen von Fl\u00fcssigkeit in die Systeme w\u00e4hrend der Inbetriebnahme und Wartung. Die Kappen sind in unterschiedlichen Farben erh\u00e4ltlich. Allgemeine Anwendungsbereiche sind kompakte Hydraulikanlagen.","og_url":"https:\/\/mpfiltri4.addictionlab.it\/de\/produkt\/tankbefuellstopfen\/","og_site_name":"MP Filtri","article_publisher":"https:\/\/www.facebook.com\/MPFiltriITA","article_modified_time":"2026-04-07T15:53:18+00:00","og_image":[{"width":313,"height":313,"url":"https:\/\/mpfiltri4.addictionlab.it\/wp-content\/uploads\/2025\/06\/TANK-Filler-and-Drain-Plugs_250px.png","type":"image\/png"}],"twitter_card":"summary_large_image","schema":{"@context":"https:\/\/schema.org","@graph":[{"@type":"WebPage","@id":"https:\/\/mpfiltri4.addictionlab.it\/de\/produkt\/tankbefuellstopfen\/","url":"https:\/\/mpfiltri4.addictionlab.it\/de\/produkt\/tankbefuellstopfen\/","name":"TANKBEF\u00dcLLSTOPFEN - MP Filtri","isPartOf":{"@id":"https:\/\/mpfiltri4.addictionlab.it\/de\/#website"},"primaryImageOfPage":{"@id":"https:\/\/mpfiltri4.addictionlab.it\/de\/produkt\/tankbefuellstopfen\/#primaryimage"},"image":{"@id":"https:\/\/mpfiltri4.addictionlab.it\/de\/produkt\/tankbefuellstopfen\/#primaryimage"},"thumbnailUrl":"https:\/\/mpfiltri4.addictionlab.it\/wp-content\/uploads\/2025\/06\/TANK-Filler-and-Drain-Plugs_250px.png","datePublished":"2025-06-17T10:40:10+00:00","dateModified":"2026-04-07T15:53:18+00:00","breadcrumb":{"@id":"https:\/\/mpfiltri4.addictionlab.it\/de\/produkt\/tankbefuellstopfen\/#breadcrumb"},"inLanguage":"de","potentialAction":[{"@type":"ReadAction","target":["https:\/\/mpfiltri4.addictionlab.it\/de\/produkt\/tankbefuellstopfen\/"]}]},{"@type":"ImageObject","inLanguage":"de","@id":"https:\/\/mpfiltri4.addictionlab.it\/de\/produkt\/tankbefuellstopfen\/#primaryimage","url":"https:\/\/mpfiltri4.addictionlab.it\/wp-content\/uploads\/2025\/06\/TANK-Filler-and-Drain-Plugs_250px.png","contentUrl":"https:\/\/mpfiltri4.addictionlab.it\/wp-content\/uploads\/2025\/06\/TANK-Filler-and-Drain-Plugs_250px.png","width":313,"height":313},{"@type":"BreadcrumbList","@id":"https:\/\/mpfiltri4.addictionlab.it\/de\/produkt\/tankbefuellstopfen\/#breadcrumb","itemListElement":[{"@type":"ListItem","position":1,"name":"Home","item":"https:\/\/mpfiltri4.addictionlab.it\/de\/"},{"@type":"ListItem","position":2,"name":"Produkte","item":"https:\/\/mpfiltri4.addictionlab.it\/de\/shop\/"},{"@type":"ListItem","position":3,"name":"TANKBEF\u00dcLLSTOPFEN"}]},{"@type":"WebSite","@id":"https:\/\/mpfiltri4.addictionlab.it\/de\/#website","url":"https:\/\/mpfiltri4.addictionlab.it\/de\/","name":"MP Filtri","description":"","publisher":{"@id":"https:\/\/mpfiltri4.addictionlab.it\/de\/#organization"},"potentialAction":[{"@type":"SearchAction","target":{"@type":"EntryPoint","urlTemplate":"https:\/\/mpfiltri4.addictionlab.it\/de\/?s={search_term_string}"},"query-input":{"@type":"PropertyValueSpecification","valueRequired":true,"valueName":"search_term_string"}}],"inLanguage":"de"},{"@type":"Organization","@id":"https:\/\/mpfiltri4.addictionlab.it\/de\/#organization","name":"MP Filtri","url":"https:\/\/mpfiltri4.addictionlab.it\/de\/","logo":{"@type":"ImageObject","inLanguage":"de","@id":"https:\/\/mpfiltri4.addictionlab.it\/de\/#\/schema\/logo\/image\/","url":"","contentUrl":"","caption":"MP Filtri"},"image":{"@id":"https:\/\/mpfiltri4.addictionlab.it\/de\/#\/schema\/logo\/image\/"},"sameAs":["https:\/\/www.facebook.com\/MPFiltriITA","https:\/\/www.instagram.com\/mpfiltri\/","https:\/\/www.youtube.com\/channel\/UCCzNMySYc1c4M-2B4v0K_QA?view_as=subscriber","https:\/\/www.linkedin.com\/company\/mp-filtri-spa\/"]}]}},"_links":{"self":[{"href":"https:\/\/mpfiltri4.addictionlab.it\/de\/wp-json\/wp\/v2\/product\/76826","targetHints":{"allow":["GET"]}}],"collection":[{"href":"https:\/\/mpfiltri4.addictionlab.it\/de\/wp-json\/wp\/v2\/product"}],"about":[{"href":"https:\/\/mpfiltri4.addictionlab.it\/de\/wp-json\/wp\/v2\/types\/product"}],"replies":[{"embeddable":true,"href":"https:\/\/mpfiltri4.addictionlab.it\/de\/wp-json\/wp\/v2\/comments?post=76826"}],"wp:featuredmedia":[{"embeddable":true,"href":"https:\/\/mpfiltri4.addictionlab.it\/de\/wp-json\/wp\/v2\/media\/25891"}],"wp:attachment":[{"href":"https:\/\/mpfiltri4.addictionlab.it\/de\/wp-json\/wp\/v2\/media?parent=76826"}],"wp:term":[{"taxonomy":"product-structure","embeddable":true,"href":"https:\/\/mpfiltri4.addictionlab.it\/de\/wp-json\/wp\/v2\/product-structure?post=76826"},{"taxonomy":"product_brand","embeddable":true,"href":"https:\/\/mpfiltri4.addictionlab.it\/de\/wp-json\/wp\/v2\/product_brand?post=76826"},{"taxonomy":"product_cat","embeddable":true,"href":"https:\/\/mpfiltri4.addictionlab.it\/de\/wp-json\/wp\/v2\/product_cat?post=76826"},{"taxonomy":"product_tag","embeddable":true,"href":"https:\/\/mpfiltri4.addictionlab.it\/de\/wp-json\/wp\/v2\/product_tag?post=76826"}],"curies":[{"name":"wp","href":"https:\/\/api.w.org\/{rel}","templated":true}]}}