

{"id":76773,"date":"2025-06-16T16:41:15","date_gmt":"2025-06-16T14:41:15","guid":{"rendered":"https:\/\/mpfiltri4.addictionlab.it\/product\/produkt\/"},"modified":"2026-04-07T17:53:47","modified_gmt":"2026-04-07T15:53:47","slug":"lmc-ldc","status":"publish","type":"product","link":"https:\/\/mpfiltri4.addictionlab.it\/de\/produkt\/lmc-ldc\/","title":{"rendered":"LMC-LDC"},"content":{"rendered":"<p>The Pumpentr\u00e4ger der Serie LMC\/LDC werden als Verbindung zwischen IEC-Elektromotoren von Gr\u00f6\u00dfe 80 bis 355 und Pumpen mit ISO 3019- oder SAE-Flansch verwendet. Sie sind aus Aluminiumdruckguss gefertigt und k\u00f6nnen sowohl f\u00fcr die Au\u00dfenmontage als auch f\u00fcr Anwendungen im \u00d6lbad verwendet werden.<\/p>\n<p>\u2022 Doppelbohrpumpe auf Anfrage<\/p>\n<p>\u2022 Inspektions\u00f6ffnung und \u00d6lablass, um den Zustand des Zahnkranzes und eventuelle Leckagen zu \u00fcberpr\u00fcfen<\/p>\n<p>\u2022 Kundenspezifische Bohrpumpe<\/p>\n<p>\u2022 Zus\u00e4tzliche Oberfl\u00e4chenbehandlungen auf Anfrage<\/p>\n<p>\u2022 Auswechselbar mit OMT &#8211; KTR &#8211; R+L HYDRAULICS<\/p>\n","protected":false},"excerpt":{"rendered":"<p>The Pumpentr\u00e4ger der Serie LMC\/LDC werden als Verbindung zwischen IEC-Elektromotoren von Gr\u00f6\u00dfe 80 bis 355 und Pumpen mit ISO 3019- oder SAE-Flansch verwendet. Sie sind aus Aluminiumdruckguss gefertigt und k\u00f6nnen sowohl f\u00fcr die Au\u00dfenmontage als auch f\u00fcr Anwendungen im \u00d6lbad verwendet werden. \u2022 Doppelbohrpumpe auf Anfrage \u2022 Inspektions\u00f6ffnung und \u00d6lablass, um den Zustand des Zahnkranzes [&hellip;]<\/p>\n","protected":false},"featured_media":0,"comment_status":"open","ping_status":"closed","template":"","meta":{"_acf_changed":false,"_gspb_post_css":"","inline_featured_image":false,"_genesis_hide_title":false,"_genesis_hide_breadcrumbs":false,"_genesis_hide_singular_image":false,"_genesis_hide_footer_widgets":false,"_genesis_custom_body_class":"","_genesis_custom_post_class":"","_genesis_layout":"","_links_to":"","_links_to_target":""},"product-structure":[62],"product_brand":[],"product_cat":[13181,13202,13265,13286,13153,13188,13272,13223,13258],"product_tag":[],"class_list":{"0":"post-76773","1":"product","2":"type-product","3":"status-publish","5":"product-structure-series","6":"product_cat-anwendungen","7":"product_cat-bergbau","8":"product_cat-entsorgung-und-recycling","9":"product_cat-hydraulikanlagen","10":"product_cat-land-und-forstmaschinen","11":"product_cat-mobile-anwendungen","12":"product_cat-pressen-und-umformmaschinen","13":"product_cat-stationaere-anwendungen","14":"product_cat-textil-holz-und-papier","15":"entry","17":"first","18":"instock","19":"shipping-taxable","20":"product-type-simple"},"acf":[],"yoast_head":"<!-- This site is optimized with the Yoast SEO plugin v27.1.1 - https:\/\/yoast.com\/product\/yoast-seo-wordpress\/ -->\n<title>LMC-LDC - MP Filtri<\/title>\n<meta name=\"robots\" content=\"index, follow, max-snippet:-1, max-image-preview:large, max-video-preview:-1\" \/>\n<link rel=\"canonical\" href=\"https:\/\/mpfiltri4.addictionlab.it\/de\/produkt\/lmc-ldc\/\" \/>\n<meta property=\"og:locale\" content=\"de_DE\" \/>\n<meta property=\"og:type\" content=\"article\" \/>\n<meta property=\"og:title\" content=\"LMC-LDC - MP Filtri\" \/>\n<meta property=\"og:description\" content=\"The Pumpentr\u00e4ger der Serie LMC\/LDC werden als Verbindung zwischen IEC-Elektromotoren von Gr\u00f6\u00dfe 80 bis 355 und Pumpen mit ISO 3019- oder SAE-Flansch verwendet. Sie sind aus Aluminiumdruckguss gefertigt und k\u00f6nnen sowohl f\u00fcr die Au\u00dfenmontage als auch f\u00fcr Anwendungen im \u00d6lbad verwendet werden. \u2022 Doppelbohrpumpe auf Anfrage \u2022 Inspektions\u00f6ffnung und \u00d6lablass, um den Zustand des Zahnkranzes [&hellip;]\" \/>\n<meta property=\"og:url\" content=\"https:\/\/mpfiltri4.addictionlab.it\/de\/produkt\/lmc-ldc\/\" \/>\n<meta property=\"og:site_name\" content=\"MP Filtri\" \/>\n<meta property=\"article:publisher\" content=\"https:\/\/www.facebook.com\/MPFiltriITA\" \/>\n<meta property=\"article:modified_time\" content=\"2026-04-07T15:53:47+00:00\" \/>\n<meta name=\"twitter:card\" content=\"summary_large_image\" \/>\n<script type=\"application\/ld+json\" class=\"yoast-schema-graph\">{\"@context\":\"https:\/\/schema.org\",\"@graph\":[{\"@type\":\"WebPage\",\"@id\":\"https:\/\/mpfiltri4.addictionlab.it\/de\/produkt\/lmc-ldc\/\",\"url\":\"https:\/\/mpfiltri4.addictionlab.it\/de\/produkt\/lmc-ldc\/\",\"name\":\"LMC-LDC - MP Filtri\",\"isPartOf\":{\"@id\":\"https:\/\/mpfiltri4.addictionlab.it\/de\/#website\"},\"datePublished\":\"2025-06-16T14:41:15+00:00\",\"dateModified\":\"2026-04-07T15:53:47+00:00\",\"breadcrumb\":{\"@id\":\"https:\/\/mpfiltri4.addictionlab.it\/de\/produkt\/lmc-ldc\/#breadcrumb\"},\"inLanguage\":\"de\",\"potentialAction\":[{\"@type\":\"ReadAction\",\"target\":[\"https:\/\/mpfiltri4.addictionlab.it\/de\/produkt\/lmc-ldc\/\"]}]},{\"@type\":\"BreadcrumbList\",\"@id\":\"https:\/\/mpfiltri4.addictionlab.it\/de\/produkt\/lmc-ldc\/#breadcrumb\",\"itemListElement\":[{\"@type\":\"ListItem\",\"position\":1,\"name\":\"Home\",\"item\":\"https:\/\/mpfiltri4.addictionlab.it\/de\/\"},{\"@type\":\"ListItem\",\"position\":2,\"name\":\"Produkte\",\"item\":\"https:\/\/mpfiltri4.addictionlab.it\/de\/shop\/\"},{\"@type\":\"ListItem\",\"position\":3,\"name\":\"LMC-LDC\"}]},{\"@type\":\"WebSite\",\"@id\":\"https:\/\/mpfiltri4.addictionlab.it\/de\/#website\",\"url\":\"https:\/\/mpfiltri4.addictionlab.it\/de\/\",\"name\":\"MP Filtri\",\"description\":\"\",\"publisher\":{\"@id\":\"https:\/\/mpfiltri4.addictionlab.it\/de\/#organization\"},\"potentialAction\":[{\"@type\":\"SearchAction\",\"target\":{\"@type\":\"EntryPoint\",\"urlTemplate\":\"https:\/\/mpfiltri4.addictionlab.it\/de\/?s={search_term_string}\"},\"query-input\":{\"@type\":\"PropertyValueSpecification\",\"valueRequired\":true,\"valueName\":\"search_term_string\"}}],\"inLanguage\":\"de\"},{\"@type\":\"Organization\",\"@id\":\"https:\/\/mpfiltri4.addictionlab.it\/de\/#organization\",\"name\":\"MP Filtri\",\"url\":\"https:\/\/mpfiltri4.addictionlab.it\/de\/\",\"logo\":{\"@type\":\"ImageObject\",\"inLanguage\":\"de\",\"@id\":\"https:\/\/mpfiltri4.addictionlab.it\/de\/#\/schema\/logo\/image\/\",\"url\":\"\",\"contentUrl\":\"\",\"caption\":\"MP Filtri\"},\"image\":{\"@id\":\"https:\/\/mpfiltri4.addictionlab.it\/de\/#\/schema\/logo\/image\/\"},\"sameAs\":[\"https:\/\/www.facebook.com\/MPFiltriITA\",\"https:\/\/www.instagram.com\/mpfiltri\/\",\"https:\/\/www.youtube.com\/channel\/UCCzNMySYc1c4M-2B4v0K_QA?view_as=subscriber\",\"https:\/\/www.linkedin.com\/company\/mp-filtri-spa\/\"]}]}<\/script>\n<!-- \/ Yoast SEO plugin. -->","yoast_head_json":{"title":"LMC-LDC - MP Filtri","robots":{"index":"index","follow":"follow","max-snippet":"max-snippet:-1","max-image-preview":"max-image-preview:large","max-video-preview":"max-video-preview:-1"},"canonical":"https:\/\/mpfiltri4.addictionlab.it\/de\/produkt\/lmc-ldc\/","og_locale":"de_DE","og_type":"article","og_title":"LMC-LDC - MP Filtri","og_description":"The Pumpentr\u00e4ger der Serie LMC\/LDC werden als Verbindung zwischen IEC-Elektromotoren von Gr\u00f6\u00dfe 80 bis 355 und Pumpen mit ISO 3019- oder SAE-Flansch verwendet. Sie sind aus Aluminiumdruckguss gefertigt und k\u00f6nnen sowohl f\u00fcr die Au\u00dfenmontage als auch f\u00fcr Anwendungen im \u00d6lbad verwendet werden. \u2022 Doppelbohrpumpe auf Anfrage \u2022 Inspektions\u00f6ffnung und \u00d6lablass, um den Zustand des Zahnkranzes [&hellip;]","og_url":"https:\/\/mpfiltri4.addictionlab.it\/de\/produkt\/lmc-ldc\/","og_site_name":"MP Filtri","article_publisher":"https:\/\/www.facebook.com\/MPFiltriITA","article_modified_time":"2026-04-07T15:53:47+00:00","twitter_card":"summary_large_image","schema":{"@context":"https:\/\/schema.org","@graph":[{"@type":"WebPage","@id":"https:\/\/mpfiltri4.addictionlab.it\/de\/produkt\/lmc-ldc\/","url":"https:\/\/mpfiltri4.addictionlab.it\/de\/produkt\/lmc-ldc\/","name":"LMC-LDC - MP Filtri","isPartOf":{"@id":"https:\/\/mpfiltri4.addictionlab.it\/de\/#website"},"datePublished":"2025-06-16T14:41:15+00:00","dateModified":"2026-04-07T15:53:47+00:00","breadcrumb":{"@id":"https:\/\/mpfiltri4.addictionlab.it\/de\/produkt\/lmc-ldc\/#breadcrumb"},"inLanguage":"de","potentialAction":[{"@type":"ReadAction","target":["https:\/\/mpfiltri4.addictionlab.it\/de\/produkt\/lmc-ldc\/"]}]},{"@type":"BreadcrumbList","@id":"https:\/\/mpfiltri4.addictionlab.it\/de\/produkt\/lmc-ldc\/#breadcrumb","itemListElement":[{"@type":"ListItem","position":1,"name":"Home","item":"https:\/\/mpfiltri4.addictionlab.it\/de\/"},{"@type":"ListItem","position":2,"name":"Produkte","item":"https:\/\/mpfiltri4.addictionlab.it\/de\/shop\/"},{"@type":"ListItem","position":3,"name":"LMC-LDC"}]},{"@type":"WebSite","@id":"https:\/\/mpfiltri4.addictionlab.it\/de\/#website","url":"https:\/\/mpfiltri4.addictionlab.it\/de\/","name":"MP Filtri","description":"","publisher":{"@id":"https:\/\/mpfiltri4.addictionlab.it\/de\/#organization"},"potentialAction":[{"@type":"SearchAction","target":{"@type":"EntryPoint","urlTemplate":"https:\/\/mpfiltri4.addictionlab.it\/de\/?s={search_term_string}"},"query-input":{"@type":"PropertyValueSpecification","valueRequired":true,"valueName":"search_term_string"}}],"inLanguage":"de"},{"@type":"Organization","@id":"https:\/\/mpfiltri4.addictionlab.it\/de\/#organization","name":"MP Filtri","url":"https:\/\/mpfiltri4.addictionlab.it\/de\/","logo":{"@type":"ImageObject","inLanguage":"de","@id":"https:\/\/mpfiltri4.addictionlab.it\/de\/#\/schema\/logo\/image\/","url":"","contentUrl":"","caption":"MP Filtri"},"image":{"@id":"https:\/\/mpfiltri4.addictionlab.it\/de\/#\/schema\/logo\/image\/"},"sameAs":["https:\/\/www.facebook.com\/MPFiltriITA","https:\/\/www.instagram.com\/mpfiltri\/","https:\/\/www.youtube.com\/channel\/UCCzNMySYc1c4M-2B4v0K_QA?view_as=subscriber","https:\/\/www.linkedin.com\/company\/mp-filtri-spa\/"]}]}},"_links":{"self":[{"href":"https:\/\/mpfiltri4.addictionlab.it\/de\/wp-json\/wp\/v2\/product\/76773","targetHints":{"allow":["GET"]}}],"collection":[{"href":"https:\/\/mpfiltri4.addictionlab.it\/de\/wp-json\/wp\/v2\/product"}],"about":[{"href":"https:\/\/mpfiltri4.addictionlab.it\/de\/wp-json\/wp\/v2\/types\/product"}],"replies":[{"embeddable":true,"href":"https:\/\/mpfiltri4.addictionlab.it\/de\/wp-json\/wp\/v2\/comments?post=76773"}],"wp:attachment":[{"href":"https:\/\/mpfiltri4.addictionlab.it\/de\/wp-json\/wp\/v2\/media?parent=76773"}],"wp:term":[{"taxonomy":"product-structure","embeddable":true,"href":"https:\/\/mpfiltri4.addictionlab.it\/de\/wp-json\/wp\/v2\/product-structure?post=76773"},{"taxonomy":"product_brand","embeddable":true,"href":"https:\/\/mpfiltri4.addictionlab.it\/de\/wp-json\/wp\/v2\/product_brand?post=76773"},{"taxonomy":"product_cat","embeddable":true,"href":"https:\/\/mpfiltri4.addictionlab.it\/de\/wp-json\/wp\/v2\/product_cat?post=76773"},{"taxonomy":"product_tag","embeddable":true,"href":"https:\/\/mpfiltri4.addictionlab.it\/de\/wp-json\/wp\/v2\/product_tag?post=76773"}],"curies":[{"name":"wp","href":"https:\/\/api.w.org\/{rel}","templated":true}]}}