

{"id":76661,"date":"2025-06-17T12:39:48","date_gmt":"2025-06-17T10:39:48","guid":{"rendered":"https:\/\/mpfiltri4.addictionlab.it\/product\/produkt\/"},"modified":"2026-04-07T17:53:21","modified_gmt":"2026-04-07T15:53:21","slug":"len-leg-let-lem-leu","status":"publish","type":"product","link":"https:\/\/mpfiltri4.addictionlab.it\/de\/produkt\/len-leg-let-lem-leu\/","title":{"rendered":"LEN &#8211; LEG &#8211; LET &#8211; LEM &#8211; LEU"},"content":{"rendered":"<p>Die <strong>elektrischen F\u00fcllstand-Schwimmerschalter der Baureihen LEN, LEG, LET, LEM und LEU<\/strong> werden zur punktuellen Grenzstanderfassung von einem oder mehreren F\u00fcllst\u00e4nden eingesetzt. Der Schaltvorgang erfolgt ber\u00fchrungslos und verschlei\u00dffrei. Die Anbringung erfolgt direkt am Tank.<\/p>\n<p>Diese F\u00fcllstandsanzeigen nutzen die Wirkung eines am Schwimmer befestigten Magneten, um den elektrischen Zustand eines im Inneren des Rohrs angebrachten Reed-Schalters zu ver\u00e4ndern. Wenn sich der Fl\u00fcssigkeitsstand im Tank \u00e4ndert, bewegt sich der Schwimmer zusammen mit dem Magneten, der in Verbindung mit dem Reedschalter die Kontakte bewegt und dadurch ein Alarmsignal ausl\u00f6st.<\/p>\n<p>\u2022 Temperatur: -15 \u00b0C bis +80 \u00b0C<\/p>\n<p>\u2022 Au\u00dfengewinde- oder Flanschanschl\u00fcsse<\/p>\n<p>\u2022 Gr\u00f6\u00dfe auf Anfrage anpassbar, passend f\u00fcr jede Tankgr\u00f6\u00dfe (in Ausf\u00fchrungsl\u00e4ngen bis zu 1000 mm erh\u00e4ltlich).<\/p>\n<p>\u2022 1 oder 2 Schwimmer zur \u00dcberwachung des Mindestf\u00fcllstands, des H\u00f6chstf\u00fcllstands oder beider F\u00fcllst\u00e4nde<\/p>\n<p>Allgemeine Anwendungsbereiche sind mobile Maschinen und Industrieanlagen.<\/p>\n","protected":false},"excerpt":{"rendered":"<p>Die elektrischen F\u00fcllstand-Schwimmerschalter der Baureihen LEN, LEG, LET, LEM und LEU werden zur punktuellen Grenzstanderfassung von einem oder mehreren F\u00fcllst\u00e4nden eingesetzt. Der Schaltvorgang erfolgt ber\u00fchrungslos und verschlei\u00dffrei. Die Anbringung erfolgt direkt am Tank. Diese F\u00fcllstandsanzeigen nutzen die Wirkung eines am Schwimmer befestigten Magneten, um den elektrischen Zustand eines im Inneren des Rohrs angebrachten Reed-Schalters zu [&hellip;]<\/p>\n","protected":false},"featured_media":0,"comment_status":"open","ping_status":"closed","template":"","meta":{"_acf_changed":false,"_gspb_post_css":"","inline_featured_image":false,"_genesis_hide_title":false,"_genesis_hide_breadcrumbs":false,"_genesis_hide_singular_image":false,"_genesis_hide_footer_widgets":false,"_genesis_custom_body_class":"","_genesis_custom_post_class":"","_genesis_layout":"","_links_to":"","_links_to_target":""},"product-structure":[62],"product_brand":[],"product_cat":[13181,13286,13223],"product_tag":[],"class_list":{"0":"post-76661","1":"product","2":"type-product","3":"status-publish","5":"product-structure-series","6":"product_cat-anwendungen","7":"product_cat-hydraulikanlagen","8":"product_cat-stationaere-anwendungen","9":"entry","11":"first","12":"instock","13":"shipping-taxable","14":"product-type-simple"},"acf":[],"yoast_head":"<!-- This site is optimized with the Yoast SEO plugin v27.1.1 - https:\/\/yoast.com\/product\/yoast-seo-wordpress\/ -->\n<title>LEN - LEG - LET - LEM - LEU - MP Filtri<\/title>\n<meta name=\"robots\" content=\"index, follow, max-snippet:-1, max-image-preview:large, max-video-preview:-1\" \/>\n<link rel=\"canonical\" href=\"https:\/\/mpfiltri4.addictionlab.it\/de\/produkt\/len-leg-let-lem-leu\/\" \/>\n<meta property=\"og:locale\" content=\"de_DE\" \/>\n<meta property=\"og:type\" content=\"article\" \/>\n<meta property=\"og:title\" content=\"LEN - LEG - LET - LEM - LEU - MP Filtri\" \/>\n<meta property=\"og:description\" content=\"Die elektrischen F\u00fcllstand-Schwimmerschalter der Baureihen LEN, LEG, LET, LEM und LEU werden zur punktuellen Grenzstanderfassung von einem oder mehreren F\u00fcllst\u00e4nden eingesetzt. Der Schaltvorgang erfolgt ber\u00fchrungslos und verschlei\u00dffrei. Die Anbringung erfolgt direkt am Tank. Diese F\u00fcllstandsanzeigen nutzen die Wirkung eines am Schwimmer befestigten Magneten, um den elektrischen Zustand eines im Inneren des Rohrs angebrachten Reed-Schalters zu [&hellip;]\" \/>\n<meta property=\"og:url\" content=\"https:\/\/mpfiltri4.addictionlab.it\/de\/produkt\/len-leg-let-lem-leu\/\" \/>\n<meta property=\"og:site_name\" content=\"MP Filtri\" \/>\n<meta property=\"article:publisher\" content=\"https:\/\/www.facebook.com\/MPFiltriITA\" \/>\n<meta property=\"article:modified_time\" content=\"2026-04-07T15:53:21+00:00\" \/>\n<meta name=\"twitter:card\" content=\"summary_large_image\" \/>\n<meta name=\"twitter:label1\" content=\"Gesch\u00e4tzte Lesezeit\" \/>\n\t<meta name=\"twitter:data1\" content=\"1\u00a0Minute\" \/>\n<script type=\"application\/ld+json\" class=\"yoast-schema-graph\">{\"@context\":\"https:\/\/schema.org\",\"@graph\":[{\"@type\":\"WebPage\",\"@id\":\"https:\/\/mpfiltri4.addictionlab.it\/de\/produkt\/len-leg-let-lem-leu\/\",\"url\":\"https:\/\/mpfiltri4.addictionlab.it\/de\/produkt\/len-leg-let-lem-leu\/\",\"name\":\"LEN - LEG - LET - LEM - LEU - MP Filtri\",\"isPartOf\":{\"@id\":\"https:\/\/mpfiltri4.addictionlab.it\/de\/#website\"},\"datePublished\":\"2025-06-17T10:39:48+00:00\",\"dateModified\":\"2026-04-07T15:53:21+00:00\",\"breadcrumb\":{\"@id\":\"https:\/\/mpfiltri4.addictionlab.it\/de\/produkt\/len-leg-let-lem-leu\/#breadcrumb\"},\"inLanguage\":\"de\",\"potentialAction\":[{\"@type\":\"ReadAction\",\"target\":[\"https:\/\/mpfiltri4.addictionlab.it\/de\/produkt\/len-leg-let-lem-leu\/\"]}]},{\"@type\":\"BreadcrumbList\",\"@id\":\"https:\/\/mpfiltri4.addictionlab.it\/de\/produkt\/len-leg-let-lem-leu\/#breadcrumb\",\"itemListElement\":[{\"@type\":\"ListItem\",\"position\":1,\"name\":\"Home\",\"item\":\"https:\/\/mpfiltri4.addictionlab.it\/de\/\"},{\"@type\":\"ListItem\",\"position\":2,\"name\":\"Produkte\",\"item\":\"https:\/\/mpfiltri4.addictionlab.it\/de\/shop\/\"},{\"@type\":\"ListItem\",\"position\":3,\"name\":\"LEN &#8211; LEG &#8211; LET &#8211; LEM &#8211; LEU\"}]},{\"@type\":\"WebSite\",\"@id\":\"https:\/\/mpfiltri4.addictionlab.it\/de\/#website\",\"url\":\"https:\/\/mpfiltri4.addictionlab.it\/de\/\",\"name\":\"MP Filtri\",\"description\":\"\",\"publisher\":{\"@id\":\"https:\/\/mpfiltri4.addictionlab.it\/de\/#organization\"},\"potentialAction\":[{\"@type\":\"SearchAction\",\"target\":{\"@type\":\"EntryPoint\",\"urlTemplate\":\"https:\/\/mpfiltri4.addictionlab.it\/de\/?s={search_term_string}\"},\"query-input\":{\"@type\":\"PropertyValueSpecification\",\"valueRequired\":true,\"valueName\":\"search_term_string\"}}],\"inLanguage\":\"de\"},{\"@type\":\"Organization\",\"@id\":\"https:\/\/mpfiltri4.addictionlab.it\/de\/#organization\",\"name\":\"MP Filtri\",\"url\":\"https:\/\/mpfiltri4.addictionlab.it\/de\/\",\"logo\":{\"@type\":\"ImageObject\",\"inLanguage\":\"de\",\"@id\":\"https:\/\/mpfiltri4.addictionlab.it\/de\/#\/schema\/logo\/image\/\",\"url\":\"\",\"contentUrl\":\"\",\"caption\":\"MP Filtri\"},\"image\":{\"@id\":\"https:\/\/mpfiltri4.addictionlab.it\/de\/#\/schema\/logo\/image\/\"},\"sameAs\":[\"https:\/\/www.facebook.com\/MPFiltriITA\",\"https:\/\/www.instagram.com\/mpfiltri\/\",\"https:\/\/www.youtube.com\/channel\/UCCzNMySYc1c4M-2B4v0K_QA?view_as=subscriber\",\"https:\/\/www.linkedin.com\/company\/mp-filtri-spa\/\"]}]}<\/script>\n<!-- \/ Yoast SEO plugin. -->","yoast_head_json":{"title":"LEN - LEG - LET - LEM - LEU - MP Filtri","robots":{"index":"index","follow":"follow","max-snippet":"max-snippet:-1","max-image-preview":"max-image-preview:large","max-video-preview":"max-video-preview:-1"},"canonical":"https:\/\/mpfiltri4.addictionlab.it\/de\/produkt\/len-leg-let-lem-leu\/","og_locale":"de_DE","og_type":"article","og_title":"LEN - LEG - LET - LEM - LEU - MP Filtri","og_description":"Die elektrischen F\u00fcllstand-Schwimmerschalter der Baureihen LEN, LEG, LET, LEM und LEU werden zur punktuellen Grenzstanderfassung von einem oder mehreren F\u00fcllst\u00e4nden eingesetzt. Der Schaltvorgang erfolgt ber\u00fchrungslos und verschlei\u00dffrei. Die Anbringung erfolgt direkt am Tank. Diese F\u00fcllstandsanzeigen nutzen die Wirkung eines am Schwimmer befestigten Magneten, um den elektrischen Zustand eines im Inneren des Rohrs angebrachten Reed-Schalters zu [&hellip;]","og_url":"https:\/\/mpfiltri4.addictionlab.it\/de\/produkt\/len-leg-let-lem-leu\/","og_site_name":"MP Filtri","article_publisher":"https:\/\/www.facebook.com\/MPFiltriITA","article_modified_time":"2026-04-07T15:53:21+00:00","twitter_card":"summary_large_image","twitter_misc":{"Gesch\u00e4tzte Lesezeit":"1\u00a0Minute"},"schema":{"@context":"https:\/\/schema.org","@graph":[{"@type":"WebPage","@id":"https:\/\/mpfiltri4.addictionlab.it\/de\/produkt\/len-leg-let-lem-leu\/","url":"https:\/\/mpfiltri4.addictionlab.it\/de\/produkt\/len-leg-let-lem-leu\/","name":"LEN - LEG - LET - LEM - LEU - MP Filtri","isPartOf":{"@id":"https:\/\/mpfiltri4.addictionlab.it\/de\/#website"},"datePublished":"2025-06-17T10:39:48+00:00","dateModified":"2026-04-07T15:53:21+00:00","breadcrumb":{"@id":"https:\/\/mpfiltri4.addictionlab.it\/de\/produkt\/len-leg-let-lem-leu\/#breadcrumb"},"inLanguage":"de","potentialAction":[{"@type":"ReadAction","target":["https:\/\/mpfiltri4.addictionlab.it\/de\/produkt\/len-leg-let-lem-leu\/"]}]},{"@type":"BreadcrumbList","@id":"https:\/\/mpfiltri4.addictionlab.it\/de\/produkt\/len-leg-let-lem-leu\/#breadcrumb","itemListElement":[{"@type":"ListItem","position":1,"name":"Home","item":"https:\/\/mpfiltri4.addictionlab.it\/de\/"},{"@type":"ListItem","position":2,"name":"Produkte","item":"https:\/\/mpfiltri4.addictionlab.it\/de\/shop\/"},{"@type":"ListItem","position":3,"name":"LEN &#8211; LEG &#8211; LET &#8211; LEM &#8211; LEU"}]},{"@type":"WebSite","@id":"https:\/\/mpfiltri4.addictionlab.it\/de\/#website","url":"https:\/\/mpfiltri4.addictionlab.it\/de\/","name":"MP Filtri","description":"","publisher":{"@id":"https:\/\/mpfiltri4.addictionlab.it\/de\/#organization"},"potentialAction":[{"@type":"SearchAction","target":{"@type":"EntryPoint","urlTemplate":"https:\/\/mpfiltri4.addictionlab.it\/de\/?s={search_term_string}"},"query-input":{"@type":"PropertyValueSpecification","valueRequired":true,"valueName":"search_term_string"}}],"inLanguage":"de"},{"@type":"Organization","@id":"https:\/\/mpfiltri4.addictionlab.it\/de\/#organization","name":"MP Filtri","url":"https:\/\/mpfiltri4.addictionlab.it\/de\/","logo":{"@type":"ImageObject","inLanguage":"de","@id":"https:\/\/mpfiltri4.addictionlab.it\/de\/#\/schema\/logo\/image\/","url":"","contentUrl":"","caption":"MP Filtri"},"image":{"@id":"https:\/\/mpfiltri4.addictionlab.it\/de\/#\/schema\/logo\/image\/"},"sameAs":["https:\/\/www.facebook.com\/MPFiltriITA","https:\/\/www.instagram.com\/mpfiltri\/","https:\/\/www.youtube.com\/channel\/UCCzNMySYc1c4M-2B4v0K_QA?view_as=subscriber","https:\/\/www.linkedin.com\/company\/mp-filtri-spa\/"]}]}},"_links":{"self":[{"href":"https:\/\/mpfiltri4.addictionlab.it\/de\/wp-json\/wp\/v2\/product\/76661","targetHints":{"allow":["GET"]}}],"collection":[{"href":"https:\/\/mpfiltri4.addictionlab.it\/de\/wp-json\/wp\/v2\/product"}],"about":[{"href":"https:\/\/mpfiltri4.addictionlab.it\/de\/wp-json\/wp\/v2\/types\/product"}],"replies":[{"embeddable":true,"href":"https:\/\/mpfiltri4.addictionlab.it\/de\/wp-json\/wp\/v2\/comments?post=76661"}],"wp:attachment":[{"href":"https:\/\/mpfiltri4.addictionlab.it\/de\/wp-json\/wp\/v2\/media?parent=76661"}],"wp:term":[{"taxonomy":"product-structure","embeddable":true,"href":"https:\/\/mpfiltri4.addictionlab.it\/de\/wp-json\/wp\/v2\/product-structure?post=76661"},{"taxonomy":"product_brand","embeddable":true,"href":"https:\/\/mpfiltri4.addictionlab.it\/de\/wp-json\/wp\/v2\/product_brand?post=76661"},{"taxonomy":"product_cat","embeddable":true,"href":"https:\/\/mpfiltri4.addictionlab.it\/de\/wp-json\/wp\/v2\/product_cat?post=76661"},{"taxonomy":"product_tag","embeddable":true,"href":"https:\/\/mpfiltri4.addictionlab.it\/de\/wp-json\/wp\/v2\/product_tag?post=76661"}],"curies":[{"name":"wp","href":"https:\/\/api.w.org\/{rel}","templated":true}]}}